{"id":593,"date":"2023-01-26T18:05:36","date_gmt":"2023-01-26T18:05:36","guid":{"rendered":"https:\/\/notarialaplata.com\/web\/?page_id=593"},"modified":"2024-03-03T03:06:12","modified_gmt":"2024-03-03T03:06:12","slug":"edictos","status":"publish","type":"page","link":"https:\/\/notarialaplata.com\/web\/edictos\/","title":{"rendered":"Edictos"},"content":{"rendered":"<style>.elementor-593 .elementor-element.elementor-element-44866d2{--display:flex;}.elementor-593 .elementor-element.elementor-element-4a95a79{text-align:center;}.elementor-593 .elementor-element.elementor-element-4a95a79 .elementor-heading-title{text-transform:none;color:#FFFFFF;}.elementor-593 .elementor-element.elementor-element-4a95a79 > .elementor-widget-container{background-color:transparent;background-image:linear-gradient(120deg, var( --e-global-color-e54563a ) 0%, var( --e-global-color-e024615 ) 100%);border-radius:10px 10px 10px 10px;}.elementor-593 .elementor-element.elementor-element-412d6e9 .elementor-posts-container .elementor-post__thumbnail{padding-bottom:calc( 0.66 * 100% );}.elementor-593 .elementor-element.elementor-element-412d6e9:after{content:\"0.66\";}.elementor-593 .elementor-element.elementor-element-412d6e9 .elementor-post__meta-data span + span:before{content:\"\u2022\";}.elementor-593 .elementor-element.elementor-element-412d6e9{--grid-column-gap:30px;--grid-row-gap:35px;}.elementor-593 .elementor-element.elementor-element-412d6e9 .elementor-post__card{border-radius:10px;}.elementor-593 .elementor-element.elementor-element-412d6e9 .elementor-post__text{margin-top:20px;}.elementor-593 .elementor-element.elementor-element-412d6e9 .elementor-post__badge{right:0;}.elementor-593 .elementor-element.elementor-element-412d6e9 .elementor-post__card .elementor-post__badge{margin:20px;}.elementor-593 .elementor-element.elementor-element-412d6e9 .elementor-post__title, .elementor-593 .elementor-element.elementor-element-412d6e9 .elementor-post__title a{color:var( --e-global-color-e024615 );text-transform:none;text-decoration:none;}.elementor-593 .elementor-element.elementor-element-412d6e9 .elementor-post__meta-data{text-transform:none;}.elementor-593 .elementor-element.elementor-element-412d6e9 .elementor-post__read-more{color:var( --e-global-color-e024615 );}.elementor-593 .elementor-element.elementor-element-412d6e9 a.elementor-post__read-more{text-decoration:none;}.elementor-593 .elementor-element.elementor-element-412d6e9 .elementor-pagination{text-align:center;}body:not(.rtl) .elementor-593 .elementor-element.elementor-element-412d6e9 .elementor-pagination .page-numbers:not(:first-child){margin-left:calc( 10px\/2 );}body:not(.rtl) .elementor-593 .elementor-element.elementor-element-412d6e9 .elementor-pagination .page-numbers:not(:last-child){margin-right:calc( 10px\/2 );}body.rtl .elementor-593 .elementor-element.elementor-element-412d6e9 .elementor-pagination .page-numbers:not(:first-child){margin-right:calc( 10px\/2 );}body.rtl .elementor-593 .elementor-element.elementor-element-412d6e9 .elementor-pagination .page-numbers:not(:last-child){margin-left:calc( 10px\/2 );}:root{--page-title-display:none;}@media(max-width:767px){.elementor-593 .elementor-element.elementor-element-412d6e9 .elementor-posts-container .elementor-post__thumbnail{padding-bottom:calc( 0.5 * 100% );}.elementor-593 .elementor-element.elementor-element-412d6e9:after{content:\"0.5\";}}<\/style>\t\t<div data-elementor-type=\"wp-page\" data-elementor-id=\"593\" class=\"elementor elementor-593\" data-elementor-post-type=\"page\">\n\t\t\t\t<div class=\"elementor-element elementor-element-44866d2 e-flex e-con-boxed e-con e-parent\" data-id=\"44866d2\" data-element_type=\"container\" data-e-type=\"container\">\n\t\t\t\t\t<div class=\"e-con-inner\">\n\t\t\t\t<div class=\"elementor-element elementor-element-412d6e9 elementor-grid-1 elementor-grid-tablet-2 elementor-grid-mobile-1 elementor-posts--thumbnail-top elementor-card-shadow-yes elementor-posts__hover-gradient elementor-widget elementor-widget-posts\" data-id=\"412d6e9\" data-element_type=\"widget\" data-e-type=\"widget\" data-settings=\"{&quot;cards_columns&quot;:&quot;1&quot;,&quot;pagination_type&quot;:&quot;numbers_and_prev_next&quot;,&quot;cards_columns_tablet&quot;:&quot;2&quot;,&quot;cards_columns_mobile&quot;:&quot;1&quot;,&quot;cards_row_gap&quot;:{&quot;unit&quot;:&quot;px&quot;,&quot;size&quot;:35,&quot;sizes&quot;:[]},&quot;cards_row_gap_tablet&quot;:{&quot;unit&quot;:&quot;px&quot;,&quot;size&quot;:&quot;&quot;,&quot;sizes&quot;:[]},&quot;cards_row_gap_mobile&quot;:{&quot;unit&quot;:&quot;px&quot;,&quot;size&quot;:&quot;&quot;,&quot;sizes&quot;:[]}}\" data-widget_type=\"posts.cards\">\n\t\t\t\t<div class=\"elementor-widget-container\">\n\t\t\t\t\t\t\t<div class=\"elementor-posts-container elementor-posts elementor-posts--skin-cards elementor-grid\" role=\"list\">\n\t\t\t\t<article class=\"elementor-post elementor-grid-item post-2646 post type-post status-publish format-standard hentry category-edictos\" role=\"listitem\">\n\t\t\t<div class=\"elementor-post__card\">\n\t\t\t\t<div class=\"elementor-post__text\">\n\t\t\t\t<h3 class=\"elementor-post__title\">\n\t\t\t<a href=\"https:\/\/notarialaplata.com\/web\/2026\/03\/04\/edicto-no-19-3\/\" >\n\t\t\t\tEDICTO No. 19\t\t\t<\/a>\n\t\t<\/h3>\n\t\t\t\t<div class=\"elementor-post__excerpt\">\n\t\t\t<p>LA SUSCRITA NOTARIA \u00daNICA DEL C\u00cdRCULO DE LA PLATA HUILA H A C E&nbsp;&nbsp; S A B E R: Que mediante escrito de fecha dos (02) de marzo de dos mil veintis\u00e9is (2026), los se\u00f1oresRONALDO TRUJILLO CHANTRE,de nacionalidad Colombiana, identificado con la cedula de ciudadania n\u00famero 1.004.153.206 expedida en La Argentina -Huila, nacido el d\u00eda veinticinco (25) de diciembre de<\/p>\n\t\t<\/div>\n\t\t\n\t\t<a class=\"elementor-post__read-more\" href=\"https:\/\/notarialaplata.com\/web\/2026\/03\/04\/edicto-no-19-3\/\" aria-label=\"Read more about EDICTO No. 19\" tabindex=\"-1\" >\n\t\t\tLeer m\u00e1s \u00bb\t\t<\/a>\n\n\t\t\t\t<\/div>\n\t\t\t\t<div class=\"elementor-post__meta-data\">\n\t\t\t\t\t<span class=\"elementor-post-date\">\n\t\t\tmarzo 4, 2026\t\t<\/span>\n\t\t\t\t<\/div>\n\t\t\t\t\t<\/div>\n\t\t<\/article>\n\t\t\t\t<article class=\"elementor-post elementor-grid-item post-2644 post type-post status-publish format-standard hentry category-edictos\" role=\"listitem\">\n\t\t\t<div class=\"elementor-post__card\">\n\t\t\t\t<div class=\"elementor-post__text\">\n\t\t\t\t<h3 class=\"elementor-post__title\">\n\t\t\t<a href=\"https:\/\/notarialaplata.com\/web\/2026\/02\/24\/edicto-no-18-3\/\" >\n\t\t\t\tEDICTO No. 18\t\t\t<\/a>\n\t\t<\/h3>\n\t\t\t\t<div class=\"elementor-post__excerpt\">\n\t\t\t<p>LA SUSCRITA NOTARIA \u00daNICA DEL C\u00cdRCULO DE LA PLATA HUILA H A C E&nbsp;&nbsp; S A B E R: Que mediante escrito de fecha veintitr\u00e9s (23) de febrero de dos mil veintis\u00e9is (2026), los se\u00f1oresSEYCHELLE TUVALU QUINTO OINO,de nacionalidad Colombiana, identificado con la cedula de ciudadania n\u00famero 1.062.084.966 expedida en Pa\u00e9z (Belalcazar) \u2013 Cauca, nacido el d\u00eda primero (1\u00b0) de<\/p>\n\t\t<\/div>\n\t\t\n\t\t<a class=\"elementor-post__read-more\" href=\"https:\/\/notarialaplata.com\/web\/2026\/02\/24\/edicto-no-18-3\/\" aria-label=\"Read more about EDICTO No. 18\" tabindex=\"-1\" >\n\t\t\tLeer m\u00e1s \u00bb\t\t<\/a>\n\n\t\t\t\t<\/div>\n\t\t\t\t<div class=\"elementor-post__meta-data\">\n\t\t\t\t\t<span class=\"elementor-post-date\">\n\t\t\tfebrero 24, 2026\t\t<\/span>\n\t\t\t\t<\/div>\n\t\t\t\t\t<\/div>\n\t\t<\/article>\n\t\t\t\t<article class=\"elementor-post elementor-grid-item post-2640 post type-post status-publish format-standard hentry category-edictos\" role=\"listitem\">\n\t\t\t<div class=\"elementor-post__card\">\n\t\t\t\t<div class=\"elementor-post__text\">\n\t\t\t\t<h3 class=\"elementor-post__title\">\n\t\t\t<a href=\"https:\/\/notarialaplata.com\/web\/2026\/02\/19\/edicto-no-16-3\/\" >\n\t\t\t\tEDICTO No. 16\t\t\t<\/a>\n\t\t<\/h3>\n\t\t\t\t<div class=\"elementor-post__excerpt\">\n\t\t\t<p>LA SUSCRITA NOTARIA \u00daNICA DEL C\u00cdRCULO DE LA PLATA HUILA H A C E&nbsp;&nbsp; S A B E R: Que mediante escrito de fecha dieciocho (18) de febrero de dos mil veintis\u00e9is (2026), los se\u00f1ores JOSE RICARDO YALANDA PILLIMUE,de nacionalidad Colombiana, identificado con la cedula de ciudadania n\u00famero 1.081.395.876 expedida en La Plata \u2013 Huila, nacido el d\u00eda dos (02)<\/p>\n\t\t<\/div>\n\t\t\n\t\t<a class=\"elementor-post__read-more\" href=\"https:\/\/notarialaplata.com\/web\/2026\/02\/19\/edicto-no-16-3\/\" aria-label=\"Read more about EDICTO No. 16\" tabindex=\"-1\" >\n\t\t\tLeer m\u00e1s \u00bb\t\t<\/a>\n\n\t\t\t\t<\/div>\n\t\t\t\t<div class=\"elementor-post__meta-data\">\n\t\t\t\t\t<span class=\"elementor-post-date\">\n\t\t\tfebrero 19, 2026\t\t<\/span>\n\t\t\t\t<\/div>\n\t\t\t\t\t<\/div>\n\t\t<\/article>\n\t\t\t\t<article class=\"elementor-post elementor-grid-item post-2642 post type-post status-publish format-standard hentry category-edictos\" role=\"listitem\">\n\t\t\t<div class=\"elementor-post__card\">\n\t\t\t\t<div class=\"elementor-post__text\">\n\t\t\t\t<h3 class=\"elementor-post__title\">\n\t\t\t<a href=\"https:\/\/notarialaplata.com\/web\/2026\/02\/19\/edicto-no-17-3\/\" >\n\t\t\t\tEDICTO No. 17\t\t\t<\/a>\n\t\t<\/h3>\n\t\t\t\t<div class=\"elementor-post__excerpt\">\n\t\t\t<p>LA SUSCRITA NOTARIA \u00daNICA DEL C\u00cdRCULO DE LA PLATA HUILA H A C E&nbsp;&nbsp; S A B E R: Que mediante escrito de fecha dieciocho (18) de febrero de dos mil veintis\u00e9is (2026), los se\u00f1ores CRISTIAN ANDRES HOYOS BUITRON,de nacionalidad Colombiana, identificado con la cedula de ciudadania n\u00famero 1.002.807.619 expedida en San Pablo \u2013 Bolivar, nacido el d\u00eda cinco (05)<\/p>\n\t\t<\/div>\n\t\t\n\t\t<a class=\"elementor-post__read-more\" href=\"https:\/\/notarialaplata.com\/web\/2026\/02\/19\/edicto-no-17-3\/\" aria-label=\"Read more about EDICTO No. 17\" tabindex=\"-1\" >\n\t\t\tLeer m\u00e1s \u00bb\t\t<\/a>\n\n\t\t\t\t<\/div>\n\t\t\t\t<div class=\"elementor-post__meta-data\">\n\t\t\t\t\t<span class=\"elementor-post-date\">\n\t\t\tfebrero 19, 2026\t\t<\/span>\n\t\t\t\t<\/div>\n\t\t\t\t\t<\/div>\n\t\t<\/article>\n\t\t\t\t<article class=\"elementor-post elementor-grid-item post-2638 post type-post status-publish format-standard hentry category-edictos\" role=\"listitem\">\n\t\t\t<div class=\"elementor-post__card\">\n\t\t\t\t<div class=\"elementor-post__text\">\n\t\t\t\t<h3 class=\"elementor-post__title\">\n\t\t\t<a href=\"https:\/\/notarialaplata.com\/web\/2026\/02\/18\/edicto-no-15-3\/\" >\n\t\t\t\tEDICTO No. 15\t\t\t<\/a>\n\t\t<\/h3>\n\t\t\t\t<div class=\"elementor-post__excerpt\">\n\t\t\t<p>LA SUSCRITA NOTARIA \u00daNICA DEL C\u00cdRCULO DE LA PLATA HUILA H A C E&nbsp;&nbsp; S A B E R: Que mediante escrito de fecha diecisiete (17) de febrero de dos mil veintis\u00e9is (2026), los se\u00f1ores RAFAEL ANTONIO LIEVANO ANDRADE,de nacionalidad Colombiana, identificado con la cedula de ciudadania n\u00famero 1.079.408.101 expedida en Tesalia \u2013 Huila, nacido el d\u00eda veintiocho (28) de<\/p>\n\t\t<\/div>\n\t\t\n\t\t<a class=\"elementor-post__read-more\" href=\"https:\/\/notarialaplata.com\/web\/2026\/02\/18\/edicto-no-15-3\/\" aria-label=\"Read more about EDICTO No. 15\" tabindex=\"-1\" >\n\t\t\tLeer m\u00e1s \u00bb\t\t<\/a>\n\n\t\t\t\t<\/div>\n\t\t\t\t<div class=\"elementor-post__meta-data\">\n\t\t\t\t\t<span class=\"elementor-post-date\">\n\t\t\tfebrero 18, 2026\t\t<\/span>\n\t\t\t\t<\/div>\n\t\t\t\t\t<\/div>\n\t\t<\/article>\n\t\t\t\t<article class=\"elementor-post elementor-grid-item post-2636 post type-post status-publish format-standard hentry category-edictos\" role=\"listitem\">\n\t\t\t<div class=\"elementor-post__card\">\n\t\t\t\t<div class=\"elementor-post__text\">\n\t\t\t\t<h3 class=\"elementor-post__title\">\n\t\t\t<a href=\"https:\/\/notarialaplata.com\/web\/2026\/02\/07\/edicto-no-14-3\/\" >\n\t\t\t\tEDICTO No. 14\t\t\t<\/a>\n\t\t<\/h3>\n\t\t\t\t<div class=\"elementor-post__excerpt\">\n\t\t\t<p>LA SUSCRITA NOTARIA \u00daNICA DEL C\u00cdRCULO DE LA PLATA HUILA H A C E&nbsp;&nbsp; S A B E R: Que mediante escrito de fecha seis (06) de febrero de dos mil veintis\u00e9is (2026), los se\u00f1ores DAVID ARQUELLADA CABRERA,de nacionalidad Espa\u00f1ola, identificado con pasaporte n\u00famero PAM600684, nacido el d\u00eda doce (12) de enero de mil novecientos setenta y seis (1976), hijo<\/p>\n\t\t<\/div>\n\t\t\n\t\t<a class=\"elementor-post__read-more\" href=\"https:\/\/notarialaplata.com\/web\/2026\/02\/07\/edicto-no-14-3\/\" aria-label=\"Read more about EDICTO No. 14\" tabindex=\"-1\" >\n\t\t\tLeer m\u00e1s \u00bb\t\t<\/a>\n\n\t\t\t\t<\/div>\n\t\t\t\t<div class=\"elementor-post__meta-data\">\n\t\t\t\t\t<span class=\"elementor-post-date\">\n\t\t\tfebrero 7, 2026\t\t<\/span>\n\t\t\t\t<\/div>\n\t\t\t\t\t<\/div>\n\t\t<\/article>\n\t\t\t\t<\/div>\n\t\t\n\t\t\t\t<div class=\"e-load-more-anchor\" data-page=\"1\" data-max-page=\"41\" data-next-page=\"https:\/\/notarialaplata.com\/web\/wp-json\/wp\/v2\/pages\/593\/page\/2\/\"><\/div>\n\t\t\t\t<nav class=\"elementor-pagination\" aria-label=\"Pagination\">\n\t\t\t<span class=\"page-numbers prev\">&laquo; Anterior<\/span>\n<span aria-current=\"page\" class=\"page-numbers current\"><span class=\"elementor-screen-only\">Page<\/span>1<\/span>\n<a class=\"page-numbers\" href=\"https:\/\/notarialaplata.com\/web\/wp-json\/wp\/v2\/pages\/593\/page\/2\/\"><span class=\"elementor-screen-only\">Page<\/span>2<\/a>\n<a class=\"page-numbers\" href=\"https:\/\/notarialaplata.com\/web\/wp-json\/wp\/v2\/pages\/593\/page\/3\/\"><span class=\"elementor-screen-only\">Page<\/span>3<\/a>\n<a class=\"page-numbers\" href=\"https:\/\/notarialaplata.com\/web\/wp-json\/wp\/v2\/pages\/593\/page\/4\/\"><span class=\"elementor-screen-only\">Page<\/span>4<\/a>\n<a class=\"page-numbers next\" href=\"https:\/\/notarialaplata.com\/web\/wp-json\/wp\/v2\/pages\/593\/page\/2\/\">Siguiente &raquo;<\/a>\t\t<\/nav>\n\t\t\t\t\t\t<\/div>\n\t\t\t\t<\/div>\n\t\t\t\t\t<\/div>\n\t\t\t\t<\/div>\n\t\t\t\t<\/div>\n\t\t","protected":false},"excerpt":{"rendered":"","protected":false},"author":1,"featured_media":0,"parent":0,"menu_order":0,"comment_status":"closed","ping_status":"closed","template":"","meta":{"inline_featured_image":false,"_joinchat":[],"footnotes":""},"class_list":["post-593","page","type-page","status-publish","hentry"],"publishpress_future_action":{"enabled":false,"date":"2026-04-20 00:18:08","action":"change-status","newStatus":"draft","terms":[],"taxonomy":"","extraData":[]},"publishpress_future_workflow_manual_trigger":{"enabledWorkflows":[]},"_links":{"self":[{"href":"https:\/\/notarialaplata.com\/web\/wp-json\/wp\/v2\/pages\/593","targetHints":{"allow":["GET"]}}],"collection":[{"href":"https:\/\/notarialaplata.com\/web\/wp-json\/wp\/v2\/pages"}],"about":[{"href":"https:\/\/notarialaplata.com\/web\/wp-json\/wp\/v2\/types\/page"}],"author":[{"embeddable":true,"href":"https:\/\/notarialaplata.com\/web\/wp-json\/wp\/v2\/users\/1"}],"replies":[{"embeddable":true,"href":"https:\/\/notarialaplata.com\/web\/wp-json\/wp\/v2\/comments?post=593"}],"version-history":[{"count":22,"href":"https:\/\/notarialaplata.com\/web\/wp-json\/wp\/v2\/pages\/593\/revisions"}],"predecessor-version":[{"id":2026,"href":"https:\/\/notarialaplata.com\/web\/wp-json\/wp\/v2\/pages\/593\/revisions\/2026"}],"wp:attachment":[{"href":"https:\/\/notarialaplata.com\/web\/wp-json\/wp\/v2\/media?parent=593"}],"curies":[{"name":"wp","href":"https:\/\/api.w.org\/{rel}","templated":true}]}}