{"id":526,"date":"2023-01-24T22:31:40","date_gmt":"2023-01-24T22:31:40","guid":{"rendered":"https:\/\/notarialaplata.com\/web\/usufructo\/"},"modified":"2023-02-04T22:50:53","modified_gmt":"2023-02-04T22:50:53","slug":"usufructo","status":"publish","type":"page","link":"https:\/\/notarialaplata.com\/web\/usufructo\/","title":{"rendered":"Usufructo"},"content":{"rendered":"<style>.elementor-526 .elementor-element.elementor-element-5c5a8833{--display:flex;--flex-direction:row;--container-widget-width:initial;--container-widget-height:100%;--container-widget-flex-grow:1;--container-widget-align-self:stretch;--flex-wrap-mobile:wrap;--gap:0px 0px;--row-gap:0px;--column-gap:0px;}.elementor-526 .elementor-element.elementor-element-462255d1{--display:flex;--flex-direction:column;--container-widget-width:100%;--container-widget-height:initial;--container-widget-flex-grow:0;--container-widget-align-self:initial;--flex-wrap-mobile:wrap;}.elementor-526 .elementor-element.elementor-element-462255d1.e-con{--flex-grow:0;--flex-shrink:0;}.elementor-526 .elementor-element.elementor-element-6f7429fe .elementor-heading-title{font-size:30px;color:#FFFFFF;}.elementor-526 .elementor-element.elementor-element-6f7429fe > .elementor-widget-container{padding:10px 10px 10px 10px;background-color:var( --e-global-color-e024615 );border-radius:10px 10px 10px 10px;}.elementor-526 .elementor-element.elementor-element-1f0b5755 .elementor-heading-title{font-size:25px;}.elementor-526 .elementor-element.elementor-element-5a7df6e0 .elementor-heading-title{font-size:25px;}.elementor-526 .elementor-element.elementor-element-339ce70a .elementor-tab-title{background-color:#F9F9F9;}.elementor-526 .elementor-element.elementor-element-339ce70a .elementor-toggle-title, .elementor-526 .elementor-element.elementor-element-339ce70a .elementor-toggle-icon{color:var( --e-global-color-e024615 );}.elementor-526 .elementor-element.elementor-element-339ce70a .elementor-toggle-icon svg{fill:var( --e-global-color-e024615 );}.elementor-526 .elementor-element.elementor-element-339ce70a .elementor-toggle-title{text-decoration:none;}.elementor-526 .elementor-element.elementor-element-78f9a013{--display:flex;--flex-direction:column;--container-widget-width:100%;--container-widget-height:initial;--container-widget-flex-grow:0;--container-widget-align-self:initial;--flex-wrap-mobile:wrap;}.elementor-526 .elementor-element.elementor-element-28ec045b img{border-radius:10px 10px 10px 10px;}.elementor-526 .elementor-element.elementor-element-65fccc9a .elementor-heading-title{font-size:25px;}:root{--page-title-display:none;}@media(min-width:768px){.elementor-526 .elementor-element.elementor-element-462255d1{--width:58.9%;}.elementor-526 .elementor-element.elementor-element-78f9a013{--width:50%;}}<\/style>\t\t<div data-elementor-type=\"wp-page\" data-elementor-id=\"526\" class=\"elementor elementor-526\" data-elementor-post-type=\"page\">\n\t\t\t\t<div class=\"elementor-element elementor-element-5c5a8833 e-flex e-con-boxed e-con e-parent\" data-id=\"5c5a8833\" data-element_type=\"container\" data-e-type=\"container\">\n\t\t\t\t\t<div class=\"e-con-inner\">\n\t\t<div class=\"elementor-element elementor-element-462255d1 e-con-full e-flex e-con e-parent\" data-id=\"462255d1\" data-element_type=\"container\" data-e-type=\"container\">\n\t\t\t\t<div class=\"elementor-element elementor-element-6f7429fe elementor-widget elementor-widget-heading\" data-id=\"6f7429fe\" data-element_type=\"widget\" data-e-type=\"widget\" data-widget_type=\"heading.default\">\n\t\t\t\t<div class=\"elementor-widget-container\">\n\t\t\t\t\t<h2 class=\"elementor-heading-title elementor-size-default\">Usufructo<\/h2>\t\t\t\t<\/div>\n\t\t\t\t<\/div>\n\t\t\t\t<div class=\"elementor-element elementor-element-1f0b5755 elementor-widget elementor-widget-heading\" data-id=\"1f0b5755\" data-element_type=\"widget\" data-e-type=\"widget\" data-widget_type=\"heading.default\">\n\t\t\t\t<div class=\"elementor-widget-container\">\n\t\t\t\t\t<h2 class=\"elementor-heading-title elementor-size-default\">-<\/h2>\t\t\t\t<\/div>\n\t\t\t\t<\/div>\n\t\t\t\t<div class=\"elementor-element elementor-element-42623463 elementor-widget elementor-widget-text-editor\" data-id=\"42623463\" data-element_type=\"widget\" data-e-type=\"widget\" data-widget_type=\"text-editor.default\">\n\t\t\t\t<div class=\"elementor-widget-container\">\n\t\t\t\t\t\t\t\t\t<p style=\"text-align: justify;\">El derecho de usufructo es un derecho real que consiste en la facultad de usar y \u00a0gozar de una cosa, con la obligaci\u00f3n de conservar su forma y sustancia, adem\u00e1s \u00a0de restituir a su due\u00f1o.<\/p><p style=\"text-align: justify;\">El usufructo supone necesariamente dos derechos coexistentes: el del nudo propietario, y el del usufructuario. Tiene, por consiguiente, una duraci\u00f3n limitada, al cabo de la cual se consolida la propiedad en el nudo propietario.<\/p><h2 style=\"text-align: justify;\">\u00bfQu\u00e9 es la extinci\u00f3n de usufructo?<\/h2><p style=\"text-align: justify;\">La extinci\u00f3n de usufructo es la terminaci\u00f3n del derecho a usar y gozar de los beneficios de un bien que pertenece a otra persona con la condici\u00f3n de devolverla en el mismo estado. Este puede darse por un tiempo determinado.<\/p><p style=\"text-align: justify;\"><a role=\"link\" href=\"http:\/\/www.secretariasenado.gov.co\/senado\/basedoc\/codigo_civil_pr025.html\" target=\"_blank\" rel=\"noopener noreferrer\">Art\u00edculo 823 del C\u00f3digo Civil<\/a>.<\/p>\t\t\t\t\t\t\t\t<\/div>\n\t\t\t\t<\/div>\n\t\t\t\t<div class=\"elementor-element elementor-element-5a7df6e0 elementor-widget elementor-widget-heading\" data-id=\"5a7df6e0\" data-element_type=\"widget\" data-e-type=\"widget\" data-widget_type=\"heading.default\">\n\t\t\t\t<div class=\"elementor-widget-container\">\n\t\t\t\t\t<h2 class=\"elementor-heading-title elementor-size-default\">Preguntas frecuentes<\/h2>\t\t\t\t<\/div>\n\t\t\t\t<\/div>\n\t\t\t\t<div class=\"elementor-element elementor-element-339ce70a elementor-widget elementor-widget-toggle\" data-id=\"339ce70a\" data-element_type=\"widget\" data-e-type=\"widget\" data-widget_type=\"toggle.default\">\n\t\t\t\t<div class=\"elementor-widget-container\">\n\t\t\t\t\t\t\t<div class=\"elementor-toggle\">\n\t\t\t\t\t\t\t<div class=\"elementor-toggle-item\">\n\t\t\t\t\t<div id=\"elementor-tab-title-8651\" class=\"elementor-tab-title\" data-tab=\"1\" role=\"button\" aria-controls=\"elementor-tab-content-8651\" aria-expanded=\"false\">\n\t\t\t\t\t\t\t\t\t\t\t\t<span class=\"elementor-toggle-icon elementor-toggle-icon-left\" aria-hidden=\"true\">\n\t\t\t\t\t\t\t\t\t\t\t\t\t\t\t<span class=\"elementor-toggle-icon-closed\"><i class=\"fas fa-caret-right\"><\/i><\/span>\n\t\t\t\t\t\t\t\t<span class=\"elementor-toggle-icon-opened\"><i class=\"elementor-toggle-icon-opened fas fa-caret-up\"><\/i><\/span>\n\t\t\t\t\t\t\t\t\t\t\t\t\t<\/span>\n\t\t\t\t\t\t\t\t\t\t\t\t<a class=\"elementor-toggle-title\" tabindex=\"0\">\u00bfCu\u00e1les son las causales para la extinci\u00f3n de usufructo?<\/a>\n\t\t\t\t\t<\/div>\n\n\t\t\t\t\t<div id=\"elementor-tab-content-8651\" class=\"elementor-tab-content elementor-clearfix\" data-tab=\"1\" role=\"region\" aria-labelledby=\"elementor-tab-title-8651\"><ul><li style=\"text-align: justify;\">Cuando muere el usufructuario, dicha extinci\u00f3n se da aunque el t\u00e9rmino estipulado para la terminaci\u00f3n no haya llegado.<\/li><li style=\"text-align: justify;\">Cuando el propietario vende el bien al usufructuario.<\/li><li style=\"text-align: justify;\">Por renuncia del usufructuario de su derecho.<\/li><li style=\"text-align: justify;\">Tambi\u00e9n puede terminar el usufructo por la destrucci\u00f3n del bien, pero solo cuando esta destrucci\u00f3n es total.<\/li><li style=\"text-align: justify;\">Por declaraci\u00f3n judicial, la cual se puede dar por haber incumplido el usufructuario con sus obligaciones.<\/li><\/ul><\/div>\n\t\t\t\t<\/div>\n\t\t\t\t\t\t\t<div class=\"elementor-toggle-item\">\n\t\t\t\t\t<div id=\"elementor-tab-title-8652\" class=\"elementor-tab-title\" data-tab=\"2\" role=\"button\" aria-controls=\"elementor-tab-content-8652\" aria-expanded=\"false\">\n\t\t\t\t\t\t\t\t\t\t\t\t<span class=\"elementor-toggle-icon elementor-toggle-icon-left\" aria-hidden=\"true\">\n\t\t\t\t\t\t\t\t\t\t\t\t\t\t\t<span class=\"elementor-toggle-icon-closed\"><i class=\"fas fa-caret-right\"><\/i><\/span>\n\t\t\t\t\t\t\t\t<span class=\"elementor-toggle-icon-opened\"><i class=\"elementor-toggle-icon-opened fas fa-caret-up\"><\/i><\/span>\n\t\t\t\t\t\t\t\t\t\t\t\t\t<\/span>\n\t\t\t\t\t\t\t\t\t\t\t\t<a class=\"elementor-toggle-title\" tabindex=\"0\">\u00bfC\u00f3mo se puede constituir el usufructo? <\/a>\n\t\t\t\t\t<\/div>\n\n\t\t\t\t\t<div id=\"elementor-tab-content-8652\" class=\"elementor-tab-content elementor-clearfix\" data-tab=\"2\" role=\"region\" aria-labelledby=\"elementor-tab-title-8652\"><ol><li style=\"text-align: justify;\">Por mandato legal, como el del padre de familia, sobre ciertos bienes del hijo.<\/li><li style=\"text-align: justify;\">Por testamento.<\/li><li style=\"text-align: justify;\">Por donaci\u00f3n, venta u otro acto entre vivos.<\/li><li style=\"text-align: justify;\">Se puede tambi\u00e9n adquirir un usufructo por prescripci\u00f3n.<\/li><\/ol><\/div>\n\t\t\t\t<\/div>\n\t\t\t\t\t\t\t<div class=\"elementor-toggle-item\">\n\t\t\t\t\t<div id=\"elementor-tab-title-8653\" class=\"elementor-tab-title\" data-tab=\"3\" role=\"button\" aria-controls=\"elementor-tab-content-8653\" aria-expanded=\"false\">\n\t\t\t\t\t\t\t\t\t\t\t\t<span class=\"elementor-toggle-icon elementor-toggle-icon-left\" aria-hidden=\"true\">\n\t\t\t\t\t\t\t\t\t\t\t\t\t\t\t<span class=\"elementor-toggle-icon-closed\"><i class=\"fas fa-caret-right\"><\/i><\/span>\n\t\t\t\t\t\t\t\t<span class=\"elementor-toggle-icon-opened\"><i class=\"elementor-toggle-icon-opened fas fa-caret-up\"><\/i><\/span>\n\t\t\t\t\t\t\t\t\t\t\t\t\t<\/span>\n\t\t\t\t\t\t\t\t\t\t\t\t<a class=\"elementor-toggle-title\" tabindex=\"0\">\u00bfC\u00f3mo se constituye el usufructo y por cuanto tiempo?<\/a>\n\t\t\t\t\t<\/div>\n\n\t\t\t\t\t<div id=\"elementor-tab-content-8653\" class=\"elementor-tab-content elementor-clearfix\" data-tab=\"3\" role=\"region\" aria-labelledby=\"elementor-tab-title-8653\"><p style=\"text-align: justify;\">Mediante escritura cuando recae sobre bienes inmuebles y podr\u00e1 constituirse por tiempo determinado o por toda la vida del usufructuario (vitalicio). Pregunta.<\/p><\/div>\n\t\t\t\t<\/div>\n\t\t\t\t\t\t\t\t<\/div>\n\t\t\t\t\t\t<\/div>\n\t\t\t\t<\/div>\n\t\t\t\t<\/div>\n\t\t<div class=\"elementor-element elementor-element-78f9a013 e-con-full e-flex e-con e-parent\" data-id=\"78f9a013\" data-element_type=\"container\" data-e-type=\"container\">\n\t\t\t\t<div class=\"elementor-element elementor-element-28ec045b elementor-widget elementor-widget-image\" data-id=\"28ec045b\" data-element_type=\"widget\" data-e-type=\"widget\" data-widget_type=\"image.default\">\n\t\t\t\t<div class=\"elementor-widget-container\">\n\t\t\t\t\t\t\t\t\t\t\t\t\t\t\t<img fetchpriority=\"high\" decoding=\"async\" width=\"531\" height=\"310\" src=\"https:\/\/notarialaplata.com\/web\/wp-content\/uploads\/2023\/01\/usufructo.jpg\" class=\"attachment-large size-large wp-image-872\" alt=\"\" srcset=\"https:\/\/notarialaplata.com\/web\/wp-content\/uploads\/2023\/01\/usufructo.jpg 531w, https:\/\/notarialaplata.com\/web\/wp-content\/uploads\/2023\/01\/usufructo-300x175.jpg 300w\" sizes=\"(max-width: 531px) 100vw, 531px\" \/>\t\t\t\t\t\t\t\t\t\t\t\t\t\t\t<\/div>\n\t\t\t\t<\/div>\n\t\t\t\t<div class=\"elementor-element elementor-element-65fccc9a elementor-widget elementor-widget-heading\" data-id=\"65fccc9a\" data-element_type=\"widget\" data-e-type=\"widget\" data-widget_type=\"heading.default\">\n\t\t\t\t<div class=\"elementor-widget-container\">\n\t\t\t\t\t<h2 class=\"elementor-heading-title elementor-size-default\">Requisitos<\/h2>\t\t\t\t<\/div>\n\t\t\t\t<\/div>\n\t\t\t\t<div class=\"elementor-element elementor-element-4db561f9 elementor-widget elementor-widget-text-editor\" data-id=\"4db561f9\" data-element_type=\"widget\" data-e-type=\"widget\" data-widget_type=\"text-editor.default\">\n\t\t\t\t<div class=\"elementor-widget-container\">\n\t\t\t\t\t\t\t\t\t<ul><li style=\"text-align: justify;\">C\u00e9dula de ciudadan\u00eda.<\/li><li style=\"text-align: justify;\">Escritura p\u00fablica de constituci\u00f3n.<\/li><li style=\"text-align: justify;\">Si es por fallecimiento del usufructuario, anexar copia autenticada del registro civil de defunci\u00f3n.<\/li><li style=\"text-align: justify;\">Por prescripci\u00f3n, anexar sentencia del juez.<\/li><li style=\"text-align: justify;\">Si es por renuncia voluntaria, el usufructuario debe comparecer a la Notar\u00eda \u00danica la Plata Huila.<\/li><\/ul>\t\t\t\t\t\t\t\t<\/div>\n\t\t\t\t<\/div>\n\t\t\t\t<\/div>\n\t\t\t\t\t<\/div>\n\t\t\t\t<\/div>\n\t\t\t\t<\/div>\n\t\t","protected":false},"excerpt":{"rendered":"<p>&#8211; El derecho de usufructo es un derecho real que consiste en la facultad de usar y \u00a0gozar de una cosa, con la obligaci\u00f3n de conservar su forma y sustancia, adem\u00e1s \u00a0de restituir a su due\u00f1o. El usufructo supone necesariamente dos derechos coexistentes: el del nudo propietario, y el del usufructuario. Tiene, por consiguiente, una [&hellip;]<\/p>\n","protected":false},"author":1,"featured_media":0,"parent":0,"menu_order":80,"comment_status":"closed","ping_status":"closed","template":"","meta":{"inline_featured_image":false,"_joinchat":[],"footnotes":""},"class_list":["post-526","page","type-page","status-publish","hentry"],"publishpress_future_action":{"enabled":false,"date":"2026-04-19 22:44:37","action":"change-status","newStatus":"draft","terms":[],"taxonomy":"","extraData":[]},"publishpress_future_workflow_manual_trigger":{"enabledWorkflows":[]},"_links":{"self":[{"href":"https:\/\/notarialaplata.com\/web\/wp-json\/wp\/v2\/pages\/526","targetHints":{"allow":["GET"]}}],"collection":[{"href":"https:\/\/notarialaplata.com\/web\/wp-json\/wp\/v2\/pages"}],"about":[{"href":"https:\/\/notarialaplata.com\/web\/wp-json\/wp\/v2\/types\/page"}],"author":[{"embeddable":true,"href":"https:\/\/notarialaplata.com\/web\/wp-json\/wp\/v2\/users\/1"}],"replies":[{"embeddable":true,"href":"https:\/\/notarialaplata.com\/web\/wp-json\/wp\/v2\/comments?post=526"}],"version-history":[{"count":15,"href":"https:\/\/notarialaplata.com\/web\/wp-json\/wp\/v2\/pages\/526\/revisions"}],"predecessor-version":[{"id":1624,"href":"https:\/\/notarialaplata.com\/web\/wp-json\/wp\/v2\/pages\/526\/revisions\/1624"}],"wp:attachment":[{"href":"https:\/\/notarialaplata.com\/web\/wp-json\/wp\/v2\/media?parent=526"}],"curies":[{"name":"wp","href":"https:\/\/api.w.org\/{rel}","templated":true}]}}