{"id":524,"date":"2023-01-24T22:31:40","date_gmt":"2023-01-24T22:31:40","guid":{"rendered":"https:\/\/notarialaplata.com\/web\/union-marital-de-hecho\/"},"modified":"2023-02-04T22:48:28","modified_gmt":"2023-02-04T22:48:28","slug":"union-marital-de-hecho","status":"publish","type":"page","link":"https:\/\/notarialaplata.com\/web\/union-marital-de-hecho\/","title":{"rendered":"Uni\u00f3n marital de hecho"},"content":{"rendered":"<style>.elementor-524 .elementor-element.elementor-element-169245a8{--display:flex;--flex-direction:row;--container-widget-width:initial;--container-widget-height:100%;--container-widget-flex-grow:1;--container-widget-align-self:stretch;--flex-wrap-mobile:wrap;--gap:0px 0px;--row-gap:0px;--column-gap:0px;}.elementor-524 .elementor-element.elementor-element-3780bd6d{--display:flex;--flex-direction:column;--container-widget-width:100%;--container-widget-height:initial;--container-widget-flex-grow:0;--container-widget-align-self:initial;--flex-wrap-mobile:wrap;}.elementor-524 .elementor-element.elementor-element-3780bd6d.e-con{--flex-grow:0;--flex-shrink:0;}.elementor-524 .elementor-element.elementor-element-633becf0 .elementor-heading-title{font-size:30px;color:#FFFFFF;}.elementor-524 .elementor-element.elementor-element-633becf0 > .elementor-widget-container{padding:10px 10px 10px 10px;background-color:var( --e-global-color-e024615 );border-radius:10px 10px 10px 10px;}.elementor-524 .elementor-element.elementor-element-4ec0b066 .elementor-heading-title{font-size:25px;}.elementor-524 .elementor-element.elementor-element-31dc714b .elementor-heading-title{font-size:25px;}.elementor-524 .elementor-element.elementor-element-231a6fa7 .elementor-tab-title{background-color:#F9F9F9;}.elementor-524 .elementor-element.elementor-element-231a6fa7 .elementor-toggle-title, .elementor-524 .elementor-element.elementor-element-231a6fa7 .elementor-toggle-icon{color:var( --e-global-color-e024615 );}.elementor-524 .elementor-element.elementor-element-231a6fa7 .elementor-toggle-icon svg{fill:var( --e-global-color-e024615 );}.elementor-524 .elementor-element.elementor-element-231a6fa7 .elementor-toggle-title{text-decoration:none;}.elementor-524 .elementor-element.elementor-element-43004ea6{--display:flex;--flex-direction:column;--container-widget-width:100%;--container-widget-height:initial;--container-widget-flex-grow:0;--container-widget-align-self:initial;--flex-wrap-mobile:wrap;}.elementor-524 .elementor-element.elementor-element-2044bb69 img{border-radius:10px 10px 10px 10px;}.elementor-524 .elementor-element.elementor-element-274dc58d .elementor-heading-title{font-size:25px;}:root{--page-title-display:none;}@media(min-width:768px){.elementor-524 .elementor-element.elementor-element-3780bd6d{--width:58.9%;}.elementor-524 .elementor-element.elementor-element-43004ea6{--width:50%;}}<\/style>\t\t<div data-elementor-type=\"wp-page\" data-elementor-id=\"524\" class=\"elementor elementor-524\" data-elementor-post-type=\"page\">\n\t\t\t\t<div class=\"elementor-element elementor-element-169245a8 e-flex e-con-boxed e-con e-parent\" data-id=\"169245a8\" data-element_type=\"container\" data-e-type=\"container\">\n\t\t\t\t\t<div class=\"e-con-inner\">\n\t\t<div class=\"elementor-element elementor-element-3780bd6d e-con-full e-flex e-con e-parent\" data-id=\"3780bd6d\" data-element_type=\"container\" data-e-type=\"container\">\n\t\t\t\t<div class=\"elementor-element elementor-element-633becf0 elementor-widget elementor-widget-heading\" data-id=\"633becf0\" data-element_type=\"widget\" data-e-type=\"widget\" data-widget_type=\"heading.default\">\n\t\t\t\t<div class=\"elementor-widget-container\">\n\t\t\t\t\t<h2 class=\"elementor-heading-title elementor-size-default\">Uni\u00f3n marital de hecho<\/h2>\t\t\t\t<\/div>\n\t\t\t\t<\/div>\n\t\t\t\t<div class=\"elementor-element elementor-element-4ec0b066 elementor-widget elementor-widget-heading\" data-id=\"4ec0b066\" data-element_type=\"widget\" data-e-type=\"widget\" data-widget_type=\"heading.default\">\n\t\t\t\t<div class=\"elementor-widget-container\">\n\t\t\t\t\t<h2 class=\"elementor-heading-title elementor-size-default\">\u00bfQu\u00e9 es la uni\u00f3n marital de hecho?<\/h2>\t\t\t\t<\/div>\n\t\t\t\t<\/div>\n\t\t\t\t<div class=\"elementor-element elementor-element-7e89839a elementor-widget elementor-widget-text-editor\" data-id=\"7e89839a\" data-element_type=\"widget\" data-e-type=\"widget\" data-widget_type=\"text-editor.default\">\n\t\t\t\t<div class=\"elementor-widget-container\">\n\t\t\t\t\t\t\t\t\t<p style=\"text-align: justify;\">Una uni\u00f3n marital de hecho es el acto jur\u00eddico a trav\u00e9s del cual la ley reconoce la uni\u00f3n entre dos personas que no est\u00e1n casadas pero que han conformado una comunidad de vida permanente en la que adquieren los derechos y deberes equiparados a la del matrimonio, sin embargo, para t\u00e9rminos legales se les denomina compa\u00f1eros permanentes.<\/p>\t\t\t\t\t\t\t\t<\/div>\n\t\t\t\t<\/div>\n\t\t\t\t<div class=\"elementor-element elementor-element-31dc714b elementor-widget elementor-widget-heading\" data-id=\"31dc714b\" data-element_type=\"widget\" data-e-type=\"widget\" data-widget_type=\"heading.default\">\n\t\t\t\t<div class=\"elementor-widget-container\">\n\t\t\t\t\t<h2 class=\"elementor-heading-title elementor-size-default\">Preguntas frecuentes<\/h2>\t\t\t\t<\/div>\n\t\t\t\t<\/div>\n\t\t\t\t<div class=\"elementor-element elementor-element-231a6fa7 elementor-widget elementor-widget-toggle\" data-id=\"231a6fa7\" data-element_type=\"widget\" data-e-type=\"widget\" data-widget_type=\"toggle.default\">\n\t\t\t\t<div class=\"elementor-widget-container\">\n\t\t\t\t\t\t\t<div class=\"elementor-toggle\">\n\t\t\t\t\t\t\t<div class=\"elementor-toggle-item\">\n\t\t\t\t\t<div id=\"elementor-tab-title-5881\" class=\"elementor-tab-title\" data-tab=\"1\" role=\"button\" aria-controls=\"elementor-tab-content-5881\" aria-expanded=\"false\">\n\t\t\t\t\t\t\t\t\t\t\t\t<span class=\"elementor-toggle-icon elementor-toggle-icon-left\" aria-hidden=\"true\">\n\t\t\t\t\t\t\t\t\t\t\t\t\t\t\t<span class=\"elementor-toggle-icon-closed\"><i class=\"fas fa-caret-right\"><\/i><\/span>\n\t\t\t\t\t\t\t\t<span class=\"elementor-toggle-icon-opened\"><i class=\"elementor-toggle-icon-opened fas fa-caret-up\"><\/i><\/span>\n\t\t\t\t\t\t\t\t\t\t\t\t\t<\/span>\n\t\t\t\t\t\t\t\t\t\t\t\t<a class=\"elementor-toggle-title\" tabindex=\"0\">\u00bfLas parejas del mismo sexo pueden declarar la uni\u00f3n marital de hecho?<\/a>\n\t\t\t\t\t<\/div>\n\n\t\t\t\t\t<div id=\"elementor-tab-content-5881\" class=\"elementor-tab-content elementor-clearfix\" data-tab=\"1\" role=\"region\" aria-labelledby=\"elementor-tab-title-5881\"><p>Claro que s\u00ed. La corte constitucional mediante la Sentencia C-075-07, incluy\u00f3 a las parejas homosexuales dentro de las personas aptas para conformar este tipo de uni\u00f3n, con el fin de brindar los mismos derechos patrimoniales.<\/p><\/div>\n\t\t\t\t<\/div>\n\t\t\t\t\t\t\t<div class=\"elementor-toggle-item\">\n\t\t\t\t\t<div id=\"elementor-tab-title-5882\" class=\"elementor-tab-title\" data-tab=\"2\" role=\"button\" aria-controls=\"elementor-tab-content-5882\" aria-expanded=\"false\">\n\t\t\t\t\t\t\t\t\t\t\t\t<span class=\"elementor-toggle-icon elementor-toggle-icon-left\" aria-hidden=\"true\">\n\t\t\t\t\t\t\t\t\t\t\t\t\t\t\t<span class=\"elementor-toggle-icon-closed\"><i class=\"fas fa-caret-right\"><\/i><\/span>\n\t\t\t\t\t\t\t\t<span class=\"elementor-toggle-icon-opened\"><i class=\"elementor-toggle-icon-opened fas fa-caret-up\"><\/i><\/span>\n\t\t\t\t\t\t\t\t\t\t\t\t\t<\/span>\n\t\t\t\t\t\t\t\t\t\t\t\t<a class=\"elementor-toggle-title\" tabindex=\"0\">\u00bfQu\u00e9 beneficios me cobijan y a mi pareja con una Uni\u00f3n Marital de Hecho?<\/a>\n\t\t\t\t\t<\/div>\n\n\t\t\t\t\t<div id=\"elementor-tab-content-5882\" class=\"elementor-tab-content elementor-clearfix\" data-tab=\"2\" role=\"region\" aria-labelledby=\"elementor-tab-title-5882\"><div class=\"et_pb_toggle et_pb_module et_pb_accordion_item et_pb_accordion_item_1 et_pb_toggle_open\"><div class=\"et_pb_toggle_content clearfix\"><p style=\"text-align: justify;\">La uni\u00f3n marital de hecho permite que en el momento en que se vaya a declarar a trav\u00e9s de escritura p\u00fablica tambi\u00e9n se pueda conformar la sociedad patrimonial, para ellos, la pareja debe tener como m\u00ednimo dos a\u00f1os de convivencia continua e ininterrumpida. As\u00ed como la afiliaci\u00f3n al sistema de salud (EPS), a la sustituci\u00f3n pensional y la vocaci\u00f3n de heredero, entre otros efectos legales.<\/p><\/div><\/div><div class=\"et_pb_toggle et_pb_module et_pb_accordion_item et_pb_accordion_item_2  et_pb_toggle_close\" style=\"text-align: justify;\">\u00a0<\/div><\/div>\n\t\t\t\t<\/div>\n\t\t\t\t\t\t\t<div class=\"elementor-toggle-item\">\n\t\t\t\t\t<div id=\"elementor-tab-title-5883\" class=\"elementor-tab-title\" data-tab=\"3\" role=\"button\" aria-controls=\"elementor-tab-content-5883\" aria-expanded=\"false\">\n\t\t\t\t\t\t\t\t\t\t\t\t<span class=\"elementor-toggle-icon elementor-toggle-icon-left\" aria-hidden=\"true\">\n\t\t\t\t\t\t\t\t\t\t\t\t\t\t\t<span class=\"elementor-toggle-icon-closed\"><i class=\"fas fa-caret-right\"><\/i><\/span>\n\t\t\t\t\t\t\t\t<span class=\"elementor-toggle-icon-opened\"><i class=\"elementor-toggle-icon-opened fas fa-caret-up\"><\/i><\/span>\n\t\t\t\t\t\t\t\t\t\t\t\t\t<\/span>\n\t\t\t\t\t\t\t\t\t\t\t\t<a class=\"elementor-toggle-title\" tabindex=\"0\">\u00bfQu\u00e9 bienes no entran en la sociedad patrimonial?<\/a>\n\t\t\t\t\t<\/div>\n\n\t\t\t\t\t<div id=\"elementor-tab-content-5883\" class=\"elementor-tab-content elementor-clearfix\" data-tab=\"3\" role=\"region\" aria-labelledby=\"elementor-tab-title-5883\"><p style=\"text-align: justify;\">Todos los bienes adquiridos antes de dar inicio a la Uni\u00f3n Marital de Hecho no est\u00e1n incluidos en la sociedad patrimonial, as\u00ed como tampoco herencias que uno de los compa\u00f1eros reciba y todos aquellos bienes que se hayan excluido por medio de capitulaciones.<\/p><\/div>\n\t\t\t\t<\/div>\n\t\t\t\t\t\t\t<div class=\"elementor-toggle-item\">\n\t\t\t\t\t<div id=\"elementor-tab-title-5884\" class=\"elementor-tab-title\" data-tab=\"4\" role=\"button\" aria-controls=\"elementor-tab-content-5884\" aria-expanded=\"false\">\n\t\t\t\t\t\t\t\t\t\t\t\t<span class=\"elementor-toggle-icon elementor-toggle-icon-left\" aria-hidden=\"true\">\n\t\t\t\t\t\t\t\t\t\t\t\t\t\t\t<span class=\"elementor-toggle-icon-closed\"><i class=\"fas fa-caret-right\"><\/i><\/span>\n\t\t\t\t\t\t\t\t<span class=\"elementor-toggle-icon-opened\"><i class=\"elementor-toggle-icon-opened fas fa-caret-up\"><\/i><\/span>\n\t\t\t\t\t\t\t\t\t\t\t\t\t<\/span>\n\t\t\t\t\t\t\t\t\t\t\t\t<a class=\"elementor-toggle-title\" tabindex=\"0\">\u00bfLa sociedad patrimonial es igual a una Uni\u00f3n Marital de Hecho?<\/a>\n\t\t\t\t\t<\/div>\n\n\t\t\t\t\t<div id=\"elementor-tab-content-5884\" class=\"elementor-tab-content elementor-clearfix\" data-tab=\"4\" role=\"region\" aria-labelledby=\"elementor-tab-title-5884\"><div id=\"main-content\"><article id=\"post-520\" class=\"post-520 page type-page status-publish has-post-thumbnail hentry\"><div class=\"entry-content\"><div class=\"et-l et-l--post\"><div class=\"et_builder_inner_content et_pb_gutters3\"><div class=\"et_pb_section et_pb_section_0 singserv-sect et_section_regular\"><div class=\"et_pb_row et_pb_row_1 et-last-child\"><div class=\"et_pb_column et_pb_column_4_4 et_pb_column_1 et_pb_css_mix_blend_mode_passthrough et-last-child\"><div class=\"et_pb_module et_pb_accordion et_pb_accordion_0 sinser-faq-wrapper sinser-faqs\"><div class=\"et_pb_toggle et_pb_module et_pb_accordion_item et_pb_accordion_item_3 et_pb_toggle_open\"><div class=\"et_pb_toggle_content clearfix\"><p style=\"text-align: justify;\">La sociedad patrimonial surge en el momento de declarar la uni\u00f3n marital de hecho, siempre y cuando la pareja haya convivido 2 a\u00f1os de manera continua e ininterrumpida, si no ha sido declarada la uni\u00f3n y se ha convivido este tiempo o m\u00e1s podr\u00e1 ser probada a trav\u00e9s de testigos o cualquier medio de prueba.<\/p><\/div><\/div><\/div><\/div><\/div><\/div><\/div><\/div><\/div><\/article><\/div><\/div>\n\t\t\t\t<\/div>\n\t\t\t\t\t\t\t<div class=\"elementor-toggle-item\">\n\t\t\t\t\t<div id=\"elementor-tab-title-5885\" class=\"elementor-tab-title\" data-tab=\"5\" role=\"button\" aria-controls=\"elementor-tab-content-5885\" aria-expanded=\"false\">\n\t\t\t\t\t\t\t\t\t\t\t\t<span class=\"elementor-toggle-icon elementor-toggle-icon-left\" aria-hidden=\"true\">\n\t\t\t\t\t\t\t\t\t\t\t\t\t\t\t<span class=\"elementor-toggle-icon-closed\"><i class=\"fas fa-caret-right\"><\/i><\/span>\n\t\t\t\t\t\t\t\t<span class=\"elementor-toggle-icon-opened\"><i class=\"elementor-toggle-icon-opened fas fa-caret-up\"><\/i><\/span>\n\t\t\t\t\t\t\t\t\t\t\t\t\t<\/span>\n\t\t\t\t\t\t\t\t\t\t\t\t<a class=\"elementor-toggle-title\" tabindex=\"0\">\u00bfC\u00f3mo se declara la existencia de la uni\u00f3n marital de hecho? <\/a>\n\t\t\t\t\t<\/div>\n\n\t\t\t\t\t<div id=\"elementor-tab-content-5885\" class=\"elementor-tab-content elementor-clearfix\" data-tab=\"5\" role=\"region\" aria-labelledby=\"elementor-tab-title-5885\"><p style=\"text-align: justify;\">1. Por escritura p\u00fablica ante Notario por mutuo consentimiento de los compa\u00f1eros permanentes.<\/p><p style=\"text-align: justify;\">2. Por Acta de Conciliaci\u00f3n suscrita por los compa\u00f1eros permanentes, en centro legalmente constituido.<\/p><p style=\"text-align: justify;\">3. Por sentencia judicial, mediante los medios ordinarios de prueba consagrados en el C\u00f3digo General del Proceso, son competentes para conocer, los Jueces de Familia, en Primera Instancia.<\/p><\/div>\n\t\t\t\t<\/div>\n\t\t\t\t\t\t\t<div class=\"elementor-toggle-item\">\n\t\t\t\t\t<div id=\"elementor-tab-title-5886\" class=\"elementor-tab-title\" data-tab=\"6\" role=\"button\" aria-controls=\"elementor-tab-content-5886\" aria-expanded=\"false\">\n\t\t\t\t\t\t\t\t\t\t\t\t<span class=\"elementor-toggle-icon elementor-toggle-icon-left\" aria-hidden=\"true\">\n\t\t\t\t\t\t\t\t\t\t\t\t\t\t\t<span class=\"elementor-toggle-icon-closed\"><i class=\"fas fa-caret-right\"><\/i><\/span>\n\t\t\t\t\t\t\t\t<span class=\"elementor-toggle-icon-opened\"><i class=\"elementor-toggle-icon-opened fas fa-caret-up\"><\/i><\/span>\n\t\t\t\t\t\t\t\t\t\t\t\t\t<\/span>\n\t\t\t\t\t\t\t\t\t\t\t\t<a class=\"elementor-toggle-title\" tabindex=\"0\">\u00bfQu\u00e9 es la sociedad patrimonial de hecho?<\/a>\n\t\t\t\t\t<\/div>\n\n\t\t\t\t\t<div id=\"elementor-tab-content-5886\" class=\"elementor-tab-content elementor-clearfix\" data-tab=\"6\" role=\"region\" aria-labelledby=\"elementor-tab-title-5886\"><p style=\"text-align: justify;\">La Sociedad Patrimonial corresponde al factor econ\u00f3mico entre los compa\u00f1eros permanentes. Es la masa de bienes conformada gracias al trabajo, colaboraci\u00f3n y ayuda de la pareja dentro de la vida marital, pertenece por partes iguales a ambos compa\u00f1eros. A partir de los dos a\u00f1os de convivencia, en forma permanente y sigular,sin ning\u00fan impedimeto para contraer matrimonio, surje a la vida jur\u00eddica la sociedad patrimonial.<\/p><\/div>\n\t\t\t\t<\/div>\n\t\t\t\t\t\t\t<div class=\"elementor-toggle-item\">\n\t\t\t\t\t<div id=\"elementor-tab-title-5887\" class=\"elementor-tab-title\" data-tab=\"7\" role=\"button\" aria-controls=\"elementor-tab-content-5887\" aria-expanded=\"false\">\n\t\t\t\t\t\t\t\t\t\t\t\t<span class=\"elementor-toggle-icon elementor-toggle-icon-left\" aria-hidden=\"true\">\n\t\t\t\t\t\t\t\t\t\t\t\t\t\t\t<span class=\"elementor-toggle-icon-closed\"><i class=\"fas fa-caret-right\"><\/i><\/span>\n\t\t\t\t\t\t\t\t<span class=\"elementor-toggle-icon-opened\"><i class=\"elementor-toggle-icon-opened fas fa-caret-up\"><\/i><\/span>\n\t\t\t\t\t\t\t\t\t\t\t\t\t<\/span>\n\t\t\t\t\t\t\t\t\t\t\t\t<a class=\"elementor-toggle-title\" tabindex=\"0\">\u00bfC\u00f3mo se disuelve la sociedad patrimonial? <\/a>\n\t\t\t\t\t<\/div>\n\n\t\t\t\t\t<div id=\"elementor-tab-content-5887\" class=\"elementor-tab-content elementor-clearfix\" data-tab=\"7\" role=\"region\" aria-labelledby=\"elementor-tab-title-5887\"><p style=\"text-align: justify;\">Se disuelve:<\/p><p style=\"text-align: justify;\">1. Por mutuo consentimiento de los compa\u00f1eros permanentes elevado a Escritura P\u00fablica.<\/p><p style=\"text-align: justify;\">2. De com\u00fan acuerdo entre los compa\u00f1eros permanentes, mediante acta suscrita ante un Centro de Conciliaci\u00f3n legalmente reconocido.<\/p><p style=\"text-align: justify;\">3. Por Sentencia Judicial.<\/p><p style=\"text-align: justify;\">4. Por la muerte de uno o ambos compa\u00f1eros.<\/p><\/div>\n\t\t\t\t<\/div>\n\t\t\t\t\t\t\t<div class=\"elementor-toggle-item\">\n\t\t\t\t\t<div id=\"elementor-tab-title-5888\" class=\"elementor-tab-title\" data-tab=\"8\" role=\"button\" aria-controls=\"elementor-tab-content-5888\" aria-expanded=\"false\">\n\t\t\t\t\t\t\t\t\t\t\t\t<span class=\"elementor-toggle-icon elementor-toggle-icon-left\" aria-hidden=\"true\">\n\t\t\t\t\t\t\t\t\t\t\t\t\t\t\t<span class=\"elementor-toggle-icon-closed\"><i class=\"fas fa-caret-right\"><\/i><\/span>\n\t\t\t\t\t\t\t\t<span class=\"elementor-toggle-icon-opened\"><i class=\"elementor-toggle-icon-opened fas fa-caret-up\"><\/i><\/span>\n\t\t\t\t\t\t\t\t\t\t\t\t\t<\/span>\n\t\t\t\t\t\t\t\t\t\t\t\t<a class=\"elementor-toggle-title\" tabindex=\"0\">\u00bfEn cuanto tiempo prescribe la acci\u00f3n para disolver y liquidar la sociedad patrimonial?<\/a>\n\t\t\t\t\t<\/div>\n\n\t\t\t\t\t<div id=\"elementor-tab-content-5888\" class=\"elementor-tab-content elementor-clearfix\" data-tab=\"8\" role=\"region\" aria-labelledby=\"elementor-tab-title-5888\"><p style=\"text-align: justify;\">Las acciones para obtener la declaraci\u00f3n,disoluci\u00f3n y liquidaci\u00f3n de la sociedad patrimonial entre compa\u00f1eros permanentes, prescriben en un (1) a\u00f1o, contado a partir de la separaci\u00f3n f\u00edsica y definitiva de los compa\u00f1eros, del matrimonio con terceros, o de muerte de uno o ambos compa\u00f1eros.<\/p><\/div>\n\t\t\t\t<\/div>\n\t\t\t\t\t\t\t<div class=\"elementor-toggle-item\">\n\t\t\t\t\t<div id=\"elementor-tab-title-5889\" class=\"elementor-tab-title\" data-tab=\"9\" role=\"button\" aria-controls=\"elementor-tab-content-5889\" aria-expanded=\"false\">\n\t\t\t\t\t\t\t\t\t\t\t\t<span class=\"elementor-toggle-icon elementor-toggle-icon-left\" aria-hidden=\"true\">\n\t\t\t\t\t\t\t\t\t\t\t\t\t\t\t<span class=\"elementor-toggle-icon-closed\"><i class=\"fas fa-caret-right\"><\/i><\/span>\n\t\t\t\t\t\t\t\t<span class=\"elementor-toggle-icon-opened\"><i class=\"elementor-toggle-icon-opened fas fa-caret-up\"><\/i><\/span>\n\t\t\t\t\t\t\t\t\t\t\t\t\t<\/span>\n\t\t\t\t\t\t\t\t\t\t\t\t<a class=\"elementor-toggle-title\" tabindex=\"0\">\u00bfQu\u00e9 derechos personales y patrimoniales adquieren los compa\u00f1eros permanentes? <\/a>\n\t\t\t\t\t<\/div>\n\n\t\t\t\t\t<div id=\"elementor-tab-content-5889\" class=\"elementor-tab-content elementor-clearfix\" data-tab=\"9\" role=\"region\" aria-labelledby=\"elementor-tab-title-5889\"><p style=\"text-align: justify;\">Los derechos personales que nacen entre los compa\u00f1eros permanentes son: El d\u00e9bito conyugal, la fidelidad, el respeto mutuo, la ayuda, alimentos y el socorro moral y material. Los derechos econ\u00f3micos se refieren a que el patrimonio o capital producto del trabajo, ayuda y socorro mutuos, pertenece por partes iguales a ambos compa\u00f1eros permanentes.<\/p><\/div>\n\t\t\t\t<\/div>\n\t\t\t\t\t\t\t<div class=\"elementor-toggle-item\">\n\t\t\t\t\t<div id=\"elementor-tab-title-58810\" class=\"elementor-tab-title\" data-tab=\"10\" role=\"button\" aria-controls=\"elementor-tab-content-58810\" aria-expanded=\"false\">\n\t\t\t\t\t\t\t\t\t\t\t\t<span class=\"elementor-toggle-icon elementor-toggle-icon-left\" aria-hidden=\"true\">\n\t\t\t\t\t\t\t\t\t\t\t\t\t\t\t<span class=\"elementor-toggle-icon-closed\"><i class=\"fas fa-caret-right\"><\/i><\/span>\n\t\t\t\t\t\t\t\t<span class=\"elementor-toggle-icon-opened\"><i class=\"elementor-toggle-icon-opened fas fa-caret-up\"><\/i><\/span>\n\t\t\t\t\t\t\t\t\t\t\t\t\t<\/span>\n\t\t\t\t\t\t\t\t\t\t\t\t<a class=\"elementor-toggle-title\" tabindex=\"0\">\u00bfQui\u00e9n puede declarar la disoluci\u00f3n y liquidaci\u00f3n de la sociedad patrimonial?<\/a>\n\t\t\t\t\t<\/div>\n\n\t\t\t\t\t<div id=\"elementor-tab-content-58810\" class=\"elementor-tab-content elementor-clearfix\" data-tab=\"10\" role=\"region\" aria-labelledby=\"elementor-tab-title-58810\"><p style=\"text-align: justify;\">Cualquiera de los compa\u00f1eros permanentes o sus herederos podr\u00e1n pedir la declaraci\u00f3n, disoluci\u00f3n y liquidaci\u00f3n de la sociedad patrimonial y la adjudicaci\u00f3n de los bienes.Cuando la causa de la disoluci\u00f3n y liquidaci\u00f3n de la sociedad patrimonial sea la muerte de uno o ambos compa\u00f1eros permanentes, la liquidaci\u00f3n podr\u00e1 hacerse dentro del respectivo proceso de sucesi\u00f3n, siempre y cuando previamente haya sido declarada su existencia<\/p><\/div>\n\t\t\t\t<\/div>\n\t\t\t\t\t\t\t\t<\/div>\n\t\t\t\t\t\t<\/div>\n\t\t\t\t<\/div>\n\t\t\t\t<\/div>\n\t\t<div class=\"elementor-element elementor-element-43004ea6 e-con-full e-flex e-con e-parent\" data-id=\"43004ea6\" data-element_type=\"container\" data-e-type=\"container\">\n\t\t\t\t<div class=\"elementor-element elementor-element-2044bb69 elementor-widget elementor-widget-image\" data-id=\"2044bb69\" data-element_type=\"widget\" data-e-type=\"widget\" data-widget_type=\"image.default\">\n\t\t\t\t<div class=\"elementor-widget-container\">\n\t\t\t\t\t\t\t\t\t\t\t\t\t\t\t<img fetchpriority=\"high\" decoding=\"async\" width=\"532\" height=\"341\" src=\"https:\/\/notarialaplata.com\/web\/wp-content\/uploads\/2023\/01\/uniondehecho.jpg\" class=\"attachment-large size-large wp-image-862\" alt=\"\" srcset=\"https:\/\/notarialaplata.com\/web\/wp-content\/uploads\/2023\/01\/uniondehecho.jpg 532w, https:\/\/notarialaplata.com\/web\/wp-content\/uploads\/2023\/01\/uniondehecho-300x192.jpg 300w\" sizes=\"(max-width: 532px) 100vw, 532px\" \/>\t\t\t\t\t\t\t\t\t\t\t\t\t\t\t<\/div>\n\t\t\t\t<\/div>\n\t\t\t\t<div class=\"elementor-element elementor-element-274dc58d elementor-widget elementor-widget-heading\" data-id=\"274dc58d\" data-element_type=\"widget\" data-e-type=\"widget\" data-widget_type=\"heading.default\">\n\t\t\t\t<div class=\"elementor-widget-container\">\n\t\t\t\t\t<h2 class=\"elementor-heading-title elementor-size-default\">Requisitos<\/h2>\t\t\t\t<\/div>\n\t\t\t\t<\/div>\n\t\t\t\t<div class=\"elementor-element elementor-element-20a952af elementor-widget elementor-widget-text-editor\" data-id=\"20a952af\" data-element_type=\"widget\" data-e-type=\"widget\" data-widget_type=\"text-editor.default\">\n\t\t\t\t<div class=\"elementor-widget-container\">\n\t\t\t\t\t\t\t\t\t<ul><li style=\"text-align: justify;\">Acercarse a la Notar\u00eda \u00danica la Plata Huila con su pareja.<\/li><li style=\"text-align: justify;\">C\u00e9dula de ciudadan\u00eda de ambos.<\/li><li style=\"text-align: justify;\">Copia autentica del registro civil de nacimiento con una expedici\u00f3n no mayor a 3 meses. Aplican los mismos requisitos en cuanto a los hijos menores de edad explicados en el matrimonio civil.<\/li><\/ul>\t\t\t\t\t\t\t\t<\/div>\n\t\t\t\t<\/div>\n\t\t\t\t<\/div>\n\t\t\t\t\t<\/div>\n\t\t\t\t<\/div>\n\t\t\t\t<\/div>\n\t\t","protected":false},"excerpt":{"rendered":"<p>\u00bfQu\u00e9 es la uni\u00f3n marital de hecho? Una uni\u00f3n marital de hecho es el acto jur\u00eddico a trav\u00e9s del cual la ley reconoce la uni\u00f3n entre dos personas que no est\u00e1n casadas pero que han conformado una comunidad de vida permanente en la que adquieren los derechos y deberes equiparados a la del matrimonio, sin [&hellip;]<\/p>\n","protected":false},"author":1,"featured_media":0,"parent":0,"menu_order":70,"comment_status":"closed","ping_status":"closed","template":"","meta":{"inline_featured_image":false,"_joinchat":[],"footnotes":""},"class_list":["post-524","page","type-page","status-publish","hentry"],"publishpress_future_action":{"enabled":false,"date":"2026-04-19 22:36:19","action":"change-status","newStatus":"draft","terms":[],"taxonomy":"","extraData":[]},"publishpress_future_workflow_manual_trigger":{"enabledWorkflows":[]},"_links":{"self":[{"href":"https:\/\/notarialaplata.com\/web\/wp-json\/wp\/v2\/pages\/524","targetHints":{"allow":["GET"]}}],"collection":[{"href":"https:\/\/notarialaplata.com\/web\/wp-json\/wp\/v2\/pages"}],"about":[{"href":"https:\/\/notarialaplata.com\/web\/wp-json\/wp\/v2\/types\/page"}],"author":[{"embeddable":true,"href":"https:\/\/notarialaplata.com\/web\/wp-json\/wp\/v2\/users\/1"}],"replies":[{"embeddable":true,"href":"https:\/\/notarialaplata.com\/web\/wp-json\/wp\/v2\/comments?post=524"}],"version-history":[{"count":18,"href":"https:\/\/notarialaplata.com\/web\/wp-json\/wp\/v2\/pages\/524\/revisions"}],"predecessor-version":[{"id":1618,"href":"https:\/\/notarialaplata.com\/web\/wp-json\/wp\/v2\/pages\/524\/revisions\/1618"}],"wp:attachment":[{"href":"https:\/\/notarialaplata.com\/web\/wp-json\/wp\/v2\/media?parent=524"}],"curies":[{"name":"wp","href":"https:\/\/api.w.org\/{rel}","templated":true}]}}