{"id":522,"date":"2023-01-24T22:31:40","date_gmt":"2023-01-24T22:31:40","guid":{"rendered":"https:\/\/notarialaplata.com\/web\/testamento\/"},"modified":"2023-01-26T22:25:54","modified_gmt":"2023-01-26T22:25:54","slug":"testamento","status":"publish","type":"page","link":"https:\/\/notarialaplata.com\/web\/testamento\/","title":{"rendered":"Testamento"},"content":{"rendered":"<style>.elementor-522 .elementor-element.elementor-element-3956d52d{--display:flex;--flex-direction:row;--container-widget-width:initial;--container-widget-height:100%;--container-widget-flex-grow:1;--container-widget-align-self:stretch;--flex-wrap-mobile:wrap;--gap:0px 0px;--row-gap:0px;--column-gap:0px;}.elementor-522 .elementor-element.elementor-element-6d113213{--display:flex;--flex-direction:column;--container-widget-width:100%;--container-widget-height:initial;--container-widget-flex-grow:0;--container-widget-align-self:initial;--flex-wrap-mobile:wrap;}.elementor-522 .elementor-element.elementor-element-6d113213.e-con{--flex-grow:0;--flex-shrink:0;}.elementor-522 .elementor-element.elementor-element-14692278 .elementor-heading-title{font-size:30px;color:#FFFFFF;}.elementor-522 .elementor-element.elementor-element-14692278 > .elementor-widget-container{padding:10px 10px 10px 10px;background-color:var( --e-global-color-e024615 );border-radius:10px 10px 10px 10px;}.elementor-522 .elementor-element.elementor-element-4350ec81 .elementor-heading-title{font-size:25px;}.elementor-522 .elementor-element.elementor-element-e1629d7 .elementor-heading-title{font-size:25px;}.elementor-522 .elementor-element.elementor-element-1e2b6a8c .elementor-tab-title{background-color:#F9F9F9;}.elementor-522 .elementor-element.elementor-element-1e2b6a8c .elementor-toggle-title, .elementor-522 .elementor-element.elementor-element-1e2b6a8c .elementor-toggle-icon{color:var( --e-global-color-e024615 );}.elementor-522 .elementor-element.elementor-element-1e2b6a8c .elementor-toggle-icon svg{fill:var( --e-global-color-e024615 );}.elementor-522 .elementor-element.elementor-element-1e2b6a8c .elementor-toggle-title{text-decoration:none;}.elementor-522 .elementor-element.elementor-element-7423d018{--display:flex;--flex-direction:column;--container-widget-width:100%;--container-widget-height:initial;--container-widget-flex-grow:0;--container-widget-align-self:initial;--flex-wrap-mobile:wrap;}.elementor-522 .elementor-element.elementor-element-2a495fbf img{border-radius:10px 10px 10px 10px;}.elementor-522 .elementor-element.elementor-element-405d0d1e .elementor-heading-title{font-size:25px;}:root{--page-title-display:none;}@media(min-width:768px){.elementor-522 .elementor-element.elementor-element-6d113213{--width:58.9%;}.elementor-522 .elementor-element.elementor-element-7423d018{--width:50%;}}<\/style>\t\t<div data-elementor-type=\"wp-page\" data-elementor-id=\"522\" class=\"elementor elementor-522\" data-elementor-post-type=\"page\">\n\t\t\t\t<div class=\"elementor-element elementor-element-3956d52d e-flex e-con-boxed e-con e-parent\" data-id=\"3956d52d\" data-element_type=\"container\" data-e-type=\"container\">\n\t\t\t\t\t<div class=\"e-con-inner\">\n\t\t<div class=\"elementor-element elementor-element-6d113213 e-con-full e-flex e-con e-parent\" data-id=\"6d113213\" data-element_type=\"container\" data-e-type=\"container\">\n\t\t\t\t<div class=\"elementor-element elementor-element-14692278 elementor-widget elementor-widget-heading\" data-id=\"14692278\" data-element_type=\"widget\" data-e-type=\"widget\" data-widget_type=\"heading.default\">\n\t\t\t\t<div class=\"elementor-widget-container\">\n\t\t\t\t\t<h2 class=\"elementor-heading-title elementor-size-default\">Testamento<\/h2>\t\t\t\t<\/div>\n\t\t\t\t<\/div>\n\t\t\t\t<div class=\"elementor-element elementor-element-4350ec81 elementor-widget elementor-widget-heading\" data-id=\"4350ec81\" data-element_type=\"widget\" data-e-type=\"widget\" data-widget_type=\"heading.default\">\n\t\t\t\t<div class=\"elementor-widget-container\">\n\t\t\t\t\t<h2 class=\"elementor-heading-title elementor-size-default\">\u00bfQu\u00e9 es el testamento?<\/h2>\t\t\t\t<\/div>\n\t\t\t\t<\/div>\n\t\t\t\t<div class=\"elementor-element elementor-element-5d219903 elementor-widget elementor-widget-text-editor\" data-id=\"5d219903\" data-element_type=\"widget\" data-e-type=\"widget\" data-widget_type=\"text-editor.default\">\n\t\t\t\t<div class=\"elementor-widget-container\">\n\t\t\t\t\t\t\t\t\t<p style=\"text-align: justify;\">Un testamento es un acto jur\u00eddico o un acto p\u00fablico notarial en el que la persona en vida expresa su \u00faltima voluntad manifestando la forma en que desea que sea repartido su patrimonio una vez se produzca su fallecimiento. El testador puede revocar y otorgar uno nuevo las veces que desee durante su vida.<\/p><p><a role=\"link\" href=\"http:\/\/www.secretariasenado.gov.co\/senado\/basedoc\/codigo_civil_pr032.html#top\" target=\"_blank\" rel=\"noopener noreferrer\">Art\u00edculo 1055 del c\u00f3digo civil colombiano.<\/a><\/p>\t\t\t\t\t\t\t\t<\/div>\n\t\t\t\t<\/div>\n\t\t\t\t<div class=\"elementor-element elementor-element-e1629d7 elementor-widget elementor-widget-heading\" data-id=\"e1629d7\" data-element_type=\"widget\" data-e-type=\"widget\" data-widget_type=\"heading.default\">\n\t\t\t\t<div class=\"elementor-widget-container\">\n\t\t\t\t\t<h2 class=\"elementor-heading-title elementor-size-default\">Preguntas frecuentes<\/h2>\t\t\t\t<\/div>\n\t\t\t\t<\/div>\n\t\t\t\t<div class=\"elementor-element elementor-element-1e2b6a8c elementor-widget elementor-widget-toggle\" data-id=\"1e2b6a8c\" data-element_type=\"widget\" data-e-type=\"widget\" data-widget_type=\"toggle.default\">\n\t\t\t\t<div class=\"elementor-widget-container\">\n\t\t\t\t\t\t\t<div class=\"elementor-toggle\">\n\t\t\t\t\t\t\t<div class=\"elementor-toggle-item\">\n\t\t\t\t\t<div id=\"elementor-tab-title-5061\" class=\"elementor-tab-title\" data-tab=\"1\" role=\"button\" aria-controls=\"elementor-tab-content-5061\" aria-expanded=\"false\">\n\t\t\t\t\t\t\t\t\t\t\t\t<span class=\"elementor-toggle-icon elementor-toggle-icon-left\" aria-hidden=\"true\">\n\t\t\t\t\t\t\t\t\t\t\t\t\t\t\t<span class=\"elementor-toggle-icon-closed\"><i class=\"fas fa-caret-right\"><\/i><\/span>\n\t\t\t\t\t\t\t\t<span class=\"elementor-toggle-icon-opened\"><i class=\"elementor-toggle-icon-opened fas fa-caret-up\"><\/i><\/span>\n\t\t\t\t\t\t\t\t\t\t\t\t\t<\/span>\n\t\t\t\t\t\t\t\t\t\t\t\t<a class=\"elementor-toggle-title\" tabindex=\"0\">\u00bfCu\u00e1l es la diferencia entre un testamento solemne y un testamento menos solemne o privilegiado?<\/a>\n\t\t\t\t\t<\/div>\n\n\t\t\t\t\t<div id=\"elementor-tab-content-5061\" class=\"elementor-tab-content elementor-clearfix\" data-tab=\"1\" role=\"region\" aria-labelledby=\"elementor-tab-title-5061\"><p>Esta diferencia es importante a la hora de elegir el tipo de testamento que quiere manejar con la Notar\u00eda \u00danica la Plata Huila:<\/p><ul><li>Un testamento solemne es aquel en el que se han observado todas las solemnidades que la ley ordinariamente requiere, es decir el conjunto de los requisitos legales necesarios para la validez de ciertos documentos p\u00fablicos.<\/li><li>El menos solemne o privilegiado es aqu\u00e9l en que pueden omitirse algunas de estas solemnidades, por consideraci\u00f3n a circunstancias particulares, determinadas expresamente por la ley.<\/li><\/ul><\/div>\n\t\t\t\t<\/div>\n\t\t\t\t\t\t\t<div class=\"elementor-toggle-item\">\n\t\t\t\t\t<div id=\"elementor-tab-title-5062\" class=\"elementor-tab-title\" data-tab=\"2\" role=\"button\" aria-controls=\"elementor-tab-content-5062\" aria-expanded=\"false\">\n\t\t\t\t\t\t\t\t\t\t\t\t<span class=\"elementor-toggle-icon elementor-toggle-icon-left\" aria-hidden=\"true\">\n\t\t\t\t\t\t\t\t\t\t\t\t\t\t\t<span class=\"elementor-toggle-icon-closed\"><i class=\"fas fa-caret-right\"><\/i><\/span>\n\t\t\t\t\t\t\t\t<span class=\"elementor-toggle-icon-opened\"><i class=\"elementor-toggle-icon-opened fas fa-caret-up\"><\/i><\/span>\n\t\t\t\t\t\t\t\t\t\t\t\t\t<\/span>\n\t\t\t\t\t\t\t\t\t\t\t\t<a class=\"elementor-toggle-title\" tabindex=\"0\">\u00bfQu\u00e9 es un testamento solemne abierto?<\/a>\n\t\t\t\t\t<\/div>\n\n\t\t\t\t\t<div id=\"elementor-tab-content-5062\" class=\"elementor-tab-content elementor-clearfix\" data-tab=\"2\" role=\"region\" aria-labelledby=\"elementor-tab-title-5062\"><p style=\"text-align: justify;\">El testamento solemne tiene la cualidad de ser abierto o cerrado, depende de la decisi\u00f3n del testador. Los testamentos solemnes abiertos son aquellos en los que la persona hace sabedores de las decisiones sobre sus bienes a los testigos y al notario al momento de la diligencia. Al momento de otorgar este testamento se requiere la presencia f\u00edsica del Testador, del Notario, quien lee el Testamento de corrido y de viva voz, y de 3 testigos.<\/p><\/div>\n\t\t\t\t<\/div>\n\t\t\t\t\t\t\t<div class=\"elementor-toggle-item\">\n\t\t\t\t\t<div id=\"elementor-tab-title-5063\" class=\"elementor-tab-title\" data-tab=\"3\" role=\"button\" aria-controls=\"elementor-tab-content-5063\" aria-expanded=\"false\">\n\t\t\t\t\t\t\t\t\t\t\t\t<span class=\"elementor-toggle-icon elementor-toggle-icon-left\" aria-hidden=\"true\">\n\t\t\t\t\t\t\t\t\t\t\t\t\t\t\t<span class=\"elementor-toggle-icon-closed\"><i class=\"fas fa-caret-right\"><\/i><\/span>\n\t\t\t\t\t\t\t\t<span class=\"elementor-toggle-icon-opened\"><i class=\"elementor-toggle-icon-opened fas fa-caret-up\"><\/i><\/span>\n\t\t\t\t\t\t\t\t\t\t\t\t\t<\/span>\n\t\t\t\t\t\t\t\t\t\t\t\t<a class=\"elementor-toggle-title\" tabindex=\"0\">\u00bfQu\u00e9 es un testamento solemne cerrado?<\/a>\n\t\t\t\t\t<\/div>\n\n\t\t\t\t\t<div id=\"elementor-tab-content-5063\" class=\"elementor-tab-content elementor-clearfix\" data-tab=\"3\" role=\"region\" aria-labelledby=\"elementor-tab-title-5063\"><p style=\"text-align: justify;\">Por el contrario, el testamento solemne cerrado es un documento que permanece oculto o secreto por parte de testigos o del mismo notario, entregado en un sobre cerrado y declarando, dentro del cuerpo de la Escritura P\u00fablica, que el sobre contiene el escrito de su testamento y \u00faltima voluntad. El sobre debe estar cerrado, sellado y firmado de conformidad con lo previsto en las normas correspondientes, lo guardar\u00e1 el notario y queda bajo su custodia. Este tipo de testamento solemne puede ser de car\u00e1cter \u201cverbal, militar o mar\u00edtimo\u201d. Al momento de otorgar este testamento se requiere la presencia f\u00edsica del Testador, del Notario, quien lee la Escritura P\u00fablica de corrido y de viva voz, y de 5 testigos.<\/p><\/div>\n\t\t\t\t<\/div>\n\t\t\t\t\t\t\t<div class=\"elementor-toggle-item\">\n\t\t\t\t\t<div id=\"elementor-tab-title-5064\" class=\"elementor-tab-title\" data-tab=\"4\" role=\"button\" aria-controls=\"elementor-tab-content-5064\" aria-expanded=\"false\">\n\t\t\t\t\t\t\t\t\t\t\t\t<span class=\"elementor-toggle-icon elementor-toggle-icon-left\" aria-hidden=\"true\">\n\t\t\t\t\t\t\t\t\t\t\t\t\t\t\t<span class=\"elementor-toggle-icon-closed\"><i class=\"fas fa-caret-right\"><\/i><\/span>\n\t\t\t\t\t\t\t\t<span class=\"elementor-toggle-icon-opened\"><i class=\"elementor-toggle-icon-opened fas fa-caret-up\"><\/i><\/span>\n\t\t\t\t\t\t\t\t\t\t\t\t\t<\/span>\n\t\t\t\t\t\t\t\t\t\t\t\t<a class=\"elementor-toggle-title\" tabindex=\"0\">\u00bfQui\u00e9nes pueden ser testigos?<\/a>\n\t\t\t\t\t<\/div>\n\n\t\t\t\t\t<div id=\"elementor-tab-content-5064\" class=\"elementor-tab-content elementor-clearfix\" data-tab=\"4\" role=\"region\" aria-labelledby=\"elementor-tab-title-5064\"><div id=\"main-content\">\n<article id=\"post-516\" class=\"post-516 page type-page status-publish has-post-thumbnail hentry\">\n<div class=\"entry-content\">\n<div class=\"et-l et-l--post\">\n<div class=\"et_builder_inner_content et_pb_gutters3\">\n<div class=\"et_pb_section et_pb_section_0 singserv-sect et_section_regular\">\n<div class=\"et_pb_row et_pb_row_1 et-last-child\">\n<div class=\"et_pb_column et_pb_column_4_4 et_pb_column_1 et_pb_css_mix_blend_mode_passthrough et-last-child\">\n<div class=\"et_pb_module et_pb_accordion et_pb_accordion_0 sinser-faq-wrapper sinser-faqs\">\n<div class=\"et_pb_toggle et_pb_module et_pb_accordion_item et_pb_accordion_item_3 et_pb_toggle_open\">\n<div class=\"et_pb_toggle_content clearfix\">\n<p style=\"text-align: justify;\">Los testigos que seleccione la persona que diligencia su Testamento con la Notar\u00eda \u00danica la Plata Huila, no pueden ser trabajadores dependientes o parientes entre s\u00ed tanto del testador como del Notario.<\/p>\n<\/div>\n<\/div>\n<\/div>\n<\/div>\n<\/div>\n<\/div>\n<\/div>\n<\/div>\n<\/div>\n<\/article>\n<\/div><\/div>\n\t\t\t\t<\/div>\n\t\t\t\t\t\t\t\t<\/div>\n\t\t\t\t\t\t<\/div>\n\t\t\t\t<\/div>\n\t\t\t\t<\/div>\n\t\t<div class=\"elementor-element elementor-element-7423d018 e-con-full e-flex e-con e-parent\" data-id=\"7423d018\" data-element_type=\"container\" data-e-type=\"container\">\n\t\t\t\t<div class=\"elementor-element elementor-element-2a495fbf elementor-widget elementor-widget-image\" data-id=\"2a495fbf\" data-element_type=\"widget\" data-e-type=\"widget\" data-widget_type=\"image.default\">\n\t\t\t\t<div class=\"elementor-widget-container\">\n\t\t\t\t\t\t\t\t\t\t\t\t\t\t\t<img fetchpriority=\"high\" decoding=\"async\" width=\"800\" height=\"534\" src=\"https:\/\/notarialaplata.com\/web\/wp-content\/uploads\/2023\/01\/testamento.jpg\" class=\"attachment-large size-large wp-image-693\" alt=\"\" srcset=\"https:\/\/notarialaplata.com\/web\/wp-content\/uploads\/2023\/01\/testamento.jpg 1000w, https:\/\/notarialaplata.com\/web\/wp-content\/uploads\/2023\/01\/testamento-300x200.jpg 300w, https:\/\/notarialaplata.com\/web\/wp-content\/uploads\/2023\/01\/testamento-768x512.jpg 768w\" sizes=\"(max-width: 800px) 100vw, 800px\" \/>\t\t\t\t\t\t\t\t\t\t\t\t\t\t\t<\/div>\n\t\t\t\t<\/div>\n\t\t\t\t<div class=\"elementor-element elementor-element-405d0d1e elementor-widget elementor-widget-heading\" data-id=\"405d0d1e\" data-element_type=\"widget\" data-e-type=\"widget\" data-widget_type=\"heading.default\">\n\t\t\t\t<div class=\"elementor-widget-container\">\n\t\t\t\t\t<h2 class=\"elementor-heading-title elementor-size-default\">Requisitos<\/h2>\t\t\t\t<\/div>\n\t\t\t\t<\/div>\n\t\t\t\t<div class=\"elementor-element elementor-element-20b689c1 elementor-widget elementor-widget-text-editor\" data-id=\"20b689c1\" data-element_type=\"widget\" data-e-type=\"widget\" data-widget_type=\"text-editor.default\">\n\t\t\t\t<div class=\"elementor-widget-container\">\n\t\t\t\t\t\t\t\t\t<ul><li style=\"text-align: justify;\">C\u00e9dula de ciudadan\u00eda.<\/li><li style=\"text-align: justify;\">Si es abierto: 3 testigos que no sean familiares entre s\u00ed ni familiares del testador.<\/li><li style=\"text-align: justify;\">Si es cerrado: 5 testigos, que no sean familiares entre s\u00ed ni familiares del testador.<\/li><\/ul>\t\t\t\t\t\t\t\t<\/div>\n\t\t\t\t<\/div>\n\t\t\t\t<\/div>\n\t\t\t\t\t<\/div>\n\t\t\t\t<\/div>\n\t\t\t\t<\/div>\n\t\t","protected":false},"excerpt":{"rendered":"<p>\u00bfQu\u00e9 es el testamento? Un testamento es un acto jur\u00eddico o un acto p\u00fablico notarial en el que la persona en vida expresa su \u00faltima voluntad manifestando la forma en que desea que sea repartido su patrimonio una vez se produzca su fallecimiento. El testador puede revocar y otorgar uno nuevo las veces que desee [&hellip;]<\/p>\n","protected":false},"author":1,"featured_media":0,"parent":0,"menu_order":60,"comment_status":"closed","ping_status":"closed","template":"","meta":{"inline_featured_image":false,"_joinchat":[],"footnotes":""},"class_list":["post-522","page","type-page","status-publish","hentry"],"publishpress_future_action":{"enabled":false,"date":"2026-04-19 22:34:11","action":"change-status","newStatus":"draft","terms":[],"taxonomy":"","extraData":[]},"publishpress_future_workflow_manual_trigger":{"enabledWorkflows":[]},"_links":{"self":[{"href":"https:\/\/notarialaplata.com\/web\/wp-json\/wp\/v2\/pages\/522","targetHints":{"allow":["GET"]}}],"collection":[{"href":"https:\/\/notarialaplata.com\/web\/wp-json\/wp\/v2\/pages"}],"about":[{"href":"https:\/\/notarialaplata.com\/web\/wp-json\/wp\/v2\/types\/page"}],"author":[{"embeddable":true,"href":"https:\/\/notarialaplata.com\/web\/wp-json\/wp\/v2\/users\/1"}],"replies":[{"embeddable":true,"href":"https:\/\/notarialaplata.com\/web\/wp-json\/wp\/v2\/comments?post=522"}],"version-history":[{"count":9,"href":"https:\/\/notarialaplata.com\/web\/wp-json\/wp\/v2\/pages\/522\/revisions"}],"predecessor-version":[{"id":699,"href":"https:\/\/notarialaplata.com\/web\/wp-json\/wp\/v2\/pages\/522\/revisions\/699"}],"wp:attachment":[{"href":"https:\/\/notarialaplata.com\/web\/wp-json\/wp\/v2\/media?parent=522"}],"curies":[{"name":"wp","href":"https:\/\/api.w.org\/{rel}","templated":true}]}}