{"id":520,"date":"2023-01-24T22:31:40","date_gmt":"2023-01-24T22:31:40","guid":{"rendered":"https:\/\/notarialaplata.com\/web\/sucesiones\/"},"modified":"2023-02-04T23:21:49","modified_gmt":"2023-02-04T23:21:49","slug":"sucesiones","status":"publish","type":"page","link":"https:\/\/notarialaplata.com\/web\/sucesiones\/","title":{"rendered":"Sucesiones"},"content":{"rendered":"<style>.elementor-520 .elementor-element.elementor-element-7f62d3f7{--display:flex;--flex-direction:row;--container-widget-width:initial;--container-widget-height:100%;--container-widget-flex-grow:1;--container-widget-align-self:stretch;--flex-wrap-mobile:wrap;--gap:0px 0px;--row-gap:0px;--column-gap:0px;}.elementor-520 .elementor-element.elementor-element-2125ded5{--display:flex;--flex-direction:column;--container-widget-width:100%;--container-widget-height:initial;--container-widget-flex-grow:0;--container-widget-align-self:initial;--flex-wrap-mobile:wrap;}.elementor-520 .elementor-element.elementor-element-2125ded5.e-con{--flex-grow:0;--flex-shrink:0;}.elementor-520 .elementor-element.elementor-element-2bb21fa5 .elementor-heading-title{font-size:30px;color:#FFFFFF;}.elementor-520 .elementor-element.elementor-element-2bb21fa5 > .elementor-widget-container{padding:10px 10px 10px 10px;background-color:var( --e-global-color-e024615 );border-radius:10px 10px 10px 10px;}.elementor-520 .elementor-element.elementor-element-7e8f34c9 .elementor-heading-title{font-size:25px;text-transform:none;}.elementor-520 .elementor-element.elementor-element-51f55252 .elementor-heading-title{font-size:25px;}.elementor-520 .elementor-element.elementor-element-66286aa2 .elementor-tab-title{background-color:#F9F9F9;}.elementor-520 .elementor-element.elementor-element-66286aa2 .elementor-toggle-title, .elementor-520 .elementor-element.elementor-element-66286aa2 .elementor-toggle-icon{color:var( --e-global-color-e024615 );}.elementor-520 .elementor-element.elementor-element-66286aa2 .elementor-toggle-icon svg{fill:var( --e-global-color-e024615 );}.elementor-520 .elementor-element.elementor-element-66286aa2 .elementor-toggle-title{text-decoration:none;}.elementor-520 .elementor-element.elementor-element-2814bc53{--display:flex;--flex-direction:column;--container-widget-width:100%;--container-widget-height:initial;--container-widget-flex-grow:0;--container-widget-align-self:initial;--flex-wrap-mobile:wrap;}.elementor-520 .elementor-element.elementor-element-34df966d img{border-radius:10px 10px 10px 10px;}.elementor-520 .elementor-element.elementor-element-5089d6a9 .elementor-heading-title{font-size:25px;}:root{--page-title-display:none;}@media(min-width:768px){.elementor-520 .elementor-element.elementor-element-2125ded5{--width:58.9%;}.elementor-520 .elementor-element.elementor-element-2814bc53{--width:50%;}}<\/style>\t\t<div data-elementor-type=\"wp-page\" data-elementor-id=\"520\" class=\"elementor elementor-520\" data-elementor-post-type=\"page\">\n\t\t\t\t<div class=\"elementor-element elementor-element-7f62d3f7 e-flex e-con-boxed e-con e-parent\" data-id=\"7f62d3f7\" data-element_type=\"container\" data-e-type=\"container\">\n\t\t\t\t\t<div class=\"e-con-inner\">\n\t\t<div class=\"elementor-element elementor-element-2125ded5 e-con-full e-flex e-con e-parent\" data-id=\"2125ded5\" data-element_type=\"container\" data-e-type=\"container\">\n\t\t\t\t<div class=\"elementor-element elementor-element-2bb21fa5 elementor-widget elementor-widget-heading\" data-id=\"2bb21fa5\" data-element_type=\"widget\" data-e-type=\"widget\" data-widget_type=\"heading.default\">\n\t\t\t\t<div class=\"elementor-widget-container\">\n\t\t\t\t\t<h2 class=\"elementor-heading-title elementor-size-default\">Sucesiones<\/h2>\t\t\t\t<\/div>\n\t\t\t\t<\/div>\n\t\t\t\t<div class=\"elementor-element elementor-element-7e8f34c9 elementor-widget elementor-widget-heading\" data-id=\"7e8f34c9\" data-element_type=\"widget\" data-e-type=\"widget\" data-widget_type=\"heading.default\">\n\t\t\t\t<div class=\"elementor-widget-container\">\n\t\t\t\t\t<h2 class=\"elementor-heading-title elementor-size-default\">\u00bfQu\u00e9 es la sucesi\u00f3n por causa de muerte?<\/h2>\t\t\t\t<\/div>\n\t\t\t\t<\/div>\n\t\t\t\t<div class=\"elementor-element elementor-element-64fbcbf4 elementor-widget elementor-widget-text-editor\" data-id=\"64fbcbf4\" data-element_type=\"widget\" data-e-type=\"widget\" data-widget_type=\"text-editor.default\">\n\t\t\t\t<div class=\"elementor-widget-container\">\n\t\t\t\t\t\t\t\t\t<p style=\"text-align: justify;\">Es el proceso ya sea notarial o judicial a trav\u00e9s del cual los herederos, legatarios y acreedores adquieren, a trav\u00e9s del cual los herederos adquieren los bienes, derechos y obligaciones de alguien que ha fallecido. Este tr\u00e1mite se puede realizar ante notaria por mutuo acuerdo entre los involucrados, quienes deber\u00e1n ser representados por un abogado, en caso de que la cuanta exceda 40 SMLMV.\u00a0<\/p>\t\t\t\t\t\t\t\t<\/div>\n\t\t\t\t<\/div>\n\t\t\t\t<div class=\"elementor-element elementor-element-51f55252 elementor-widget elementor-widget-heading\" data-id=\"51f55252\" data-element_type=\"widget\" data-e-type=\"widget\" data-widget_type=\"heading.default\">\n\t\t\t\t<div class=\"elementor-widget-container\">\n\t\t\t\t\t<h2 class=\"elementor-heading-title elementor-size-default\">Preguntas frecuentes<\/h2>\t\t\t\t<\/div>\n\t\t\t\t<\/div>\n\t\t\t\t<div class=\"elementor-element elementor-element-66286aa2 elementor-widget elementor-widget-toggle\" data-id=\"66286aa2\" data-element_type=\"widget\" data-e-type=\"widget\" data-widget_type=\"toggle.default\">\n\t\t\t\t<div class=\"elementor-widget-container\">\n\t\t\t\t\t\t\t<div class=\"elementor-toggle\">\n\t\t\t\t\t\t\t<div class=\"elementor-toggle-item\">\n\t\t\t\t\t<div id=\"elementor-tab-title-1711\" class=\"elementor-tab-title\" data-tab=\"1\" role=\"button\" aria-controls=\"elementor-tab-content-1711\" aria-expanded=\"false\">\n\t\t\t\t\t\t\t\t\t\t\t\t<span class=\"elementor-toggle-icon elementor-toggle-icon-left\" aria-hidden=\"true\">\n\t\t\t\t\t\t\t\t\t\t\t\t\t\t\t<span class=\"elementor-toggle-icon-closed\"><i class=\"fas fa-caret-right\"><\/i><\/span>\n\t\t\t\t\t\t\t\t<span class=\"elementor-toggle-icon-opened\"><i class=\"elementor-toggle-icon-opened fas fa-caret-up\"><\/i><\/span>\n\t\t\t\t\t\t\t\t\t\t\t\t\t<\/span>\n\t\t\t\t\t\t\t\t\t\t\t\t<a class=\"elementor-toggle-title\" tabindex=\"0\">\u00bfQu\u00e9 pasa si entre los herederos hay un menor de edad o una persona incapacitada?<\/a>\n\t\t\t\t\t<\/div>\n\n\t\t\t\t\t<div id=\"elementor-tab-content-1711\" class=\"elementor-tab-content elementor-clearfix\" data-tab=\"1\" role=\"region\" aria-labelledby=\"elementor-tab-title-1711\"><p style=\"text-align: justify;\">Si entre las personas llamadas a heredar se encuentra un menor de edad por orden judicial, deber\u00e1n estar legalmente representados.<\/p><\/div>\n\t\t\t\t<\/div>\n\t\t\t\t\t\t\t<div class=\"elementor-toggle-item\">\n\t\t\t\t\t<div id=\"elementor-tab-title-1712\" class=\"elementor-tab-title\" data-tab=\"2\" role=\"button\" aria-controls=\"elementor-tab-content-1712\" aria-expanded=\"false\">\n\t\t\t\t\t\t\t\t\t\t\t\t<span class=\"elementor-toggle-icon elementor-toggle-icon-left\" aria-hidden=\"true\">\n\t\t\t\t\t\t\t\t\t\t\t\t\t\t\t<span class=\"elementor-toggle-icon-closed\"><i class=\"fas fa-caret-right\"><\/i><\/span>\n\t\t\t\t\t\t\t\t<span class=\"elementor-toggle-icon-opened\"><i class=\"elementor-toggle-icon-opened fas fa-caret-up\"><\/i><\/span>\n\t\t\t\t\t\t\t\t\t\t\t\t\t<\/span>\n\t\t\t\t\t\t\t\t\t\t\t\t<a class=\"elementor-toggle-title\" tabindex=\"0\">\u00bfQui\u00e9nes pueden heredar?<\/a>\n\t\t\t\t\t<\/div>\n\n\t\t\t\t\t<div id=\"elementor-tab-content-1712\" class=\"elementor-tab-content elementor-clearfix\" data-tab=\"2\" role=\"region\" aria-labelledby=\"elementor-tab-title-1712\"><p style=\"text-align: justify;\">En Colombia existen \u00d3rdenes Hereditarios que se encargan de establecer qui\u00e9nes son los llamados a heredar de acuerdo a los grados de relaci\u00f3n y consanguinidad:<\/p><ul><li style=\"text-align: justify;\">Primer Orden: Descendientes.<\/li><li style=\"text-align: justify;\">Segundo Orden: Si no hay descendientes, los ascendientes del causante (padres) y el c\u00f3nyuge o compa\u00f1ero permanente.<\/li><li style=\"text-align: justify;\">Tercer Orden: A falta de los ascendentes, los hermanos del causante y el c\u00f3nyuge o compa\u00f1ero permanente.<\/li><li style=\"text-align: justify;\">Cuarto Orden: A falta de hermanos, c\u00f3nyuge o compa\u00f1ero permanente, los hijos de los hermanos.<\/li><li style=\"text-align: justify;\">Quinto Orden: A falta de todos los anteriores el I.C.B.F.<\/li><\/ul><\/div>\n\t\t\t\t<\/div>\n\t\t\t\t\t\t\t<div class=\"elementor-toggle-item\">\n\t\t\t\t\t<div id=\"elementor-tab-title-1713\" class=\"elementor-tab-title\" data-tab=\"3\" role=\"button\" aria-controls=\"elementor-tab-content-1713\" aria-expanded=\"false\">\n\t\t\t\t\t\t\t\t\t\t\t\t<span class=\"elementor-toggle-icon elementor-toggle-icon-left\" aria-hidden=\"true\">\n\t\t\t\t\t\t\t\t\t\t\t\t\t\t\t<span class=\"elementor-toggle-icon-closed\"><i class=\"fas fa-caret-right\"><\/i><\/span>\n\t\t\t\t\t\t\t\t<span class=\"elementor-toggle-icon-opened\"><i class=\"elementor-toggle-icon-opened fas fa-caret-up\"><\/i><\/span>\n\t\t\t\t\t\t\t\t\t\t\t\t\t<\/span>\n\t\t\t\t\t\t\t\t\t\t\t\t<a class=\"elementor-toggle-title\" tabindex=\"0\">\u00bfDebo contratar un abogado para hacer este tr\u00e1mite?<\/a>\n\t\t\t\t\t<\/div>\n\n\t\t\t\t\t<div id=\"elementor-tab-content-1713\" class=\"elementor-tab-content elementor-clearfix\" data-tab=\"3\" role=\"region\" aria-labelledby=\"elementor-tab-title-1713\"><p style=\"text-align: justify;\">No necesariamente. Si la cuant\u00eda de los bienes inventariados no excede la m\u00ednima cuant\u00eda, no tendr\u00e1 que realizarse por intermedio de abogado, sin embargo, debe presentarse en debida forma, por lo que se recomienda contratar un experto en la materia.<\/p><\/div>\n\t\t\t\t<\/div>\n\t\t\t\t\t\t\t<div class=\"elementor-toggle-item\">\n\t\t\t\t\t<div id=\"elementor-tab-title-1714\" class=\"elementor-tab-title\" data-tab=\"4\" role=\"button\" aria-controls=\"elementor-tab-content-1714\" aria-expanded=\"false\">\n\t\t\t\t\t\t\t\t\t\t\t\t<span class=\"elementor-toggle-icon elementor-toggle-icon-left\" aria-hidden=\"true\">\n\t\t\t\t\t\t\t\t\t\t\t\t\t\t\t<span class=\"elementor-toggle-icon-closed\"><i class=\"fas fa-caret-right\"><\/i><\/span>\n\t\t\t\t\t\t\t\t<span class=\"elementor-toggle-icon-opened\"><i class=\"elementor-toggle-icon-opened fas fa-caret-up\"><\/i><\/span>\n\t\t\t\t\t\t\t\t\t\t\t\t\t<\/span>\n\t\t\t\t\t\t\t\t\t\t\t\t<a class=\"elementor-toggle-title\" tabindex=\"0\">\u00bfQu\u00e9 tipo de sucesiones se pueden liquidar ante Notaria?<\/a>\n\t\t\t\t\t<\/div>\n\n\t\t\t\t\t<div id=\"elementor-tab-content-1714\" class=\"elementor-tab-content elementor-clearfix\" data-tab=\"4\" role=\"region\" aria-labelledby=\"elementor-tab-title-1714\"><p style=\"text-align: justify;\">Todas las herencias de cualquier cuant\u00eda y las sociedad conyugales o patrimoniales, siempre y cuando en este caso, hayan sido declaradas, siempre que los herederos, legatarios, acreedores o los cesionarios de estos y el c\u00f3nyuge sup\u00e9rstite, sean plenamente capaces y procedan de com\u00fan acuerdo y lo soliciten por escrito.<\/p><\/div>\n\t\t\t\t<\/div>\n\t\t\t\t\t\t\t\t<\/div>\n\t\t\t\t\t\t<\/div>\n\t\t\t\t<\/div>\n\t\t\t\t<\/div>\n\t\t<div class=\"elementor-element elementor-element-2814bc53 e-con-full e-flex e-con e-parent\" data-id=\"2814bc53\" data-element_type=\"container\" data-e-type=\"container\">\n\t\t\t\t<div class=\"elementor-element elementor-element-34df966d elementor-widget elementor-widget-image\" data-id=\"34df966d\" data-element_type=\"widget\" data-e-type=\"widget\" data-widget_type=\"image.default\">\n\t\t\t\t<div class=\"elementor-widget-container\">\n\t\t\t\t\t\t\t\t\t\t\t\t\t\t\t<img fetchpriority=\"high\" decoding=\"async\" width=\"800\" height=\"534\" src=\"https:\/\/notarialaplata.com\/web\/wp-content\/uploads\/2023\/01\/sucesion.jpg\" class=\"attachment-large size-large wp-image-706\" alt=\"\" srcset=\"https:\/\/notarialaplata.com\/web\/wp-content\/uploads\/2023\/01\/sucesion.jpg 1000w, https:\/\/notarialaplata.com\/web\/wp-content\/uploads\/2023\/01\/sucesion-300x200.jpg 300w, https:\/\/notarialaplata.com\/web\/wp-content\/uploads\/2023\/01\/sucesion-768x512.jpg 768w\" sizes=\"(max-width: 800px) 100vw, 800px\" \/>\t\t\t\t\t\t\t\t\t\t\t\t\t\t\t<\/div>\n\t\t\t\t<\/div>\n\t\t\t\t<div class=\"elementor-element elementor-element-5089d6a9 elementor-widget elementor-widget-heading\" data-id=\"5089d6a9\" data-element_type=\"widget\" data-e-type=\"widget\" data-widget_type=\"heading.default\">\n\t\t\t\t<div class=\"elementor-widget-container\">\n\t\t\t\t\t<h2 class=\"elementor-heading-title elementor-size-default\">Requisitos<\/h2>\t\t\t\t<\/div>\n\t\t\t\t<\/div>\n\t\t\t\t<div class=\"elementor-element elementor-element-388369f8 elementor-widget elementor-widget-text-editor\" data-id=\"388369f8\" data-element_type=\"widget\" data-e-type=\"widget\" data-widget_type=\"text-editor.default\">\n\t\t\t\t<div class=\"elementor-widget-container\">\n\t\t\t\t\t\t\t\t\t<ul><li style=\"text-align: justify;\">Registros Civiles aut\u00e9nticos: de la defunci\u00f3n del causante, de nacimiento de los herederos, si el causante estaba casado, registro civil de matrimonio; si el causante hab\u00eda declarado una uni\u00f3n marital de hecho con sociedad patrimonial, debe anexarse la respectiva escritura p\u00fablica; documentos que acrediten la calidad de heredero.<\/li><li style=\"text-align: justify;\">Poder al abogado otorgado por cada uno de los herederos.<\/li><li style=\"text-align: justify;\">Solicitud, Inventario y aval\u00fao de los bienes; Relaci\u00f3n del activo y pasivo de la sociedad conyugal\/patrimonial si fuera el caso; liquidaci\u00f3n de la sociedad conyugal\/patrimonial, de ser el caso; Trabajo de partici\u00f3n y adjudicaci\u00f3n.<\/li><li style=\"text-align: justify;\">Si el inventario contiene bienes inmuebles, debe presentarse Paz y salvos de: predial y valorizaci\u00f3n, administraci\u00f3n si se encuentra sometido a r\u00e9gimen de propiedad horizontal.<\/li><li style=\"text-align: justify;\">Si el causante otorgo testamento, se debe presentar copia del mismo con su respectiva nota de vigencia expedida por la oficina de registro de instrumentos p\u00fablicos.<\/li><\/ul>\t\t\t\t\t\t\t\t<\/div>\n\t\t\t\t<\/div>\n\t\t\t\t<\/div>\n\t\t\t\t\t<\/div>\n\t\t\t\t<\/div>\n\t\t\t\t<\/div>\n\t\t","protected":false},"excerpt":{"rendered":"<p>\u00bfQu\u00e9 es la sucesi\u00f3n por causa de muerte? Es el proceso ya sea notarial o judicial a trav\u00e9s del cual los herederos, legatarios y acreedores adquieren, a trav\u00e9s del cual los herederos adquieren los bienes, derechos y obligaciones de alguien que ha fallecido. Este tr\u00e1mite se puede realizar ante notaria por mutuo acuerdo entre los [&hellip;]<\/p>\n","protected":false},"author":1,"featured_media":0,"parent":0,"menu_order":50,"comment_status":"closed","ping_status":"closed","template":"","meta":{"inline_featured_image":false,"_joinchat":[],"footnotes":""},"class_list":["post-520","page","type-page","status-publish","hentry"],"publishpress_future_action":{"enabled":false,"date":"2026-04-19 22:35:40","action":"change-status","newStatus":"draft","terms":[],"taxonomy":"","extraData":[]},"publishpress_future_workflow_manual_trigger":{"enabledWorkflows":[]},"_links":{"self":[{"href":"https:\/\/notarialaplata.com\/web\/wp-json\/wp\/v2\/pages\/520","targetHints":{"allow":["GET"]}}],"collection":[{"href":"https:\/\/notarialaplata.com\/web\/wp-json\/wp\/v2\/pages"}],"about":[{"href":"https:\/\/notarialaplata.com\/web\/wp-json\/wp\/v2\/types\/page"}],"author":[{"embeddable":true,"href":"https:\/\/notarialaplata.com\/web\/wp-json\/wp\/v2\/users\/1"}],"replies":[{"embeddable":true,"href":"https:\/\/notarialaplata.com\/web\/wp-json\/wp\/v2\/comments?post=520"}],"version-history":[{"count":21,"href":"https:\/\/notarialaplata.com\/web\/wp-json\/wp\/v2\/pages\/520\/revisions"}],"predecessor-version":[{"id":1628,"href":"https:\/\/notarialaplata.com\/web\/wp-json\/wp\/v2\/pages\/520\/revisions\/1628"}],"wp:attachment":[{"href":"https:\/\/notarialaplata.com\/web\/wp-json\/wp\/v2\/media?parent=520"}],"curies":[{"name":"wp","href":"https:\/\/api.w.org\/{rel}","templated":true}]}}