{"id":514,"date":"2023-01-24T22:31:40","date_gmt":"2023-01-24T22:31:40","guid":{"rendered":"https:\/\/notarialaplata.com\/web\/registro-civil-de-defuncion\/"},"modified":"2023-01-28T22:34:47","modified_gmt":"2023-01-28T22:34:47","slug":"registro-civil-de-defuncion","status":"publish","type":"page","link":"https:\/\/notarialaplata.com\/web\/registro-civil-de-defuncion\/","title":{"rendered":"Registro civil de defunci\u00f3n"},"content":{"rendered":"<style>.elementor-514 .elementor-element.elementor-element-4160e39a{--display:flex;--flex-direction:row;--container-widget-width:initial;--container-widget-height:100%;--container-widget-flex-grow:1;--container-widget-align-self:stretch;--flex-wrap-mobile:wrap;--gap:0px 0px;--row-gap:0px;--column-gap:0px;}.elementor-514 .elementor-element.elementor-element-76ddf2d7{--display:flex;--flex-direction:column;--container-widget-width:100%;--container-widget-height:initial;--container-widget-flex-grow:0;--container-widget-align-self:initial;--flex-wrap-mobile:wrap;}.elementor-514 .elementor-element.elementor-element-76ddf2d7.e-con{--flex-grow:0;--flex-shrink:0;}.elementor-514 .elementor-element.elementor-element-3d80a86a .elementor-heading-title{font-size:30px;color:#FFFFFF;}.elementor-514 .elementor-element.elementor-element-3d80a86a > .elementor-widget-container{padding:10px 10px 10px 10px;background-color:var( --e-global-color-e024615 );border-radius:10px 10px 10px 10px;}.elementor-514 .elementor-element.elementor-element-6fd417a .elementor-heading-title{font-size:25px;text-transform:none;}.elementor-514 .elementor-element.elementor-element-683d2453 .elementor-heading-title{font-size:25px;}.elementor-514 .elementor-element.elementor-element-689dc91e .elementor-tab-title{background-color:#F9F9F9;}.elementor-514 .elementor-element.elementor-element-689dc91e .elementor-toggle-title, .elementor-514 .elementor-element.elementor-element-689dc91e .elementor-toggle-icon{color:var( --e-global-color-e024615 );}.elementor-514 .elementor-element.elementor-element-689dc91e .elementor-toggle-icon svg{fill:var( --e-global-color-e024615 );}.elementor-514 .elementor-element.elementor-element-689dc91e .elementor-toggle-title{text-decoration:none;}.elementor-514 .elementor-element.elementor-element-37a505ee{--display:flex;--flex-direction:column;--container-widget-width:100%;--container-widget-height:initial;--container-widget-flex-grow:0;--container-widget-align-self:initial;--flex-wrap-mobile:wrap;}.elementor-514 .elementor-element.elementor-element-4cd35684 img{border-radius:10px 10px 10px 10px;}.elementor-514 .elementor-element.elementor-element-3141101d .elementor-heading-title{font-size:25px;}:root{--page-title-display:none;}@media(min-width:768px){.elementor-514 .elementor-element.elementor-element-76ddf2d7{--width:58.9%;}.elementor-514 .elementor-element.elementor-element-37a505ee{--width:50%;}}<\/style>\t\t<div data-elementor-type=\"wp-page\" data-elementor-id=\"514\" class=\"elementor elementor-514\" data-elementor-post-type=\"page\">\n\t\t\t\t<div class=\"elementor-element elementor-element-4160e39a e-flex e-con-boxed e-con e-parent\" data-id=\"4160e39a\" data-element_type=\"container\" data-e-type=\"container\">\n\t\t\t\t\t<div class=\"e-con-inner\">\n\t\t<div class=\"elementor-element elementor-element-76ddf2d7 e-con-full e-flex e-con e-parent\" data-id=\"76ddf2d7\" data-element_type=\"container\" data-e-type=\"container\">\n\t\t\t\t<div class=\"elementor-element elementor-element-3d80a86a elementor-widget elementor-widget-heading\" data-id=\"3d80a86a\" data-element_type=\"widget\" data-e-type=\"widget\" data-widget_type=\"heading.default\">\n\t\t\t\t<div class=\"elementor-widget-container\">\n\t\t\t\t\t<h2 class=\"elementor-heading-title elementor-size-default\">Registro civil de defunci\u00f3n<\/h2>\t\t\t\t<\/div>\n\t\t\t\t<\/div>\n\t\t\t\t<div class=\"elementor-element elementor-element-6fd417a elementor-widget elementor-widget-heading\" data-id=\"6fd417a\" data-element_type=\"widget\" data-e-type=\"widget\" data-widget_type=\"heading.default\">\n\t\t\t\t<div class=\"elementor-widget-container\">\n\t\t\t\t\t<h2 class=\"elementor-heading-title elementor-size-default\">\u00bfQu\u00e9 es el Registro Civil de defunci\u00f3n?<\/h2>\t\t\t\t<\/div>\n\t\t\t\t<\/div>\n\t\t\t\t<div class=\"elementor-element elementor-element-73cefc4a elementor-widget elementor-widget-text-editor\" data-id=\"73cefc4a\" data-element_type=\"widget\" data-e-type=\"widget\" data-widget_type=\"text-editor.default\">\n\t\t\t\t<div class=\"elementor-widget-container\">\n\t\t\t\t\t\t\t\t\t<p style=\"text-align: justify;\">El Registro Civil de defunci\u00f3n es un documento legal que acredita el fallecimiento de una persona en Colombia. Al realizar esta diligencia ante la Notar\u00eda \u00danica la Plata Huila se expedir\u00e1n tres ejemplares, el original har\u00e1 parte del archivo de la Notar\u00eda, el otro ejemplar ser\u00e1 enviado a la Direcci\u00f3n Nacional de Registro Civil de la Registradur\u00eda Nacional; y el \u00faltimo ejemplar se le entregar\u00e1 al solicitante.<\/p>\t\t\t\t\t\t\t\t<\/div>\n\t\t\t\t<\/div>\n\t\t\t\t<div class=\"elementor-element elementor-element-683d2453 elementor-widget elementor-widget-heading\" data-id=\"683d2453\" data-element_type=\"widget\" data-e-type=\"widget\" data-widget_type=\"heading.default\">\n\t\t\t\t<div class=\"elementor-widget-container\">\n\t\t\t\t\t<h2 class=\"elementor-heading-title elementor-size-default\">Preguntas frecuentes<\/h2>\t\t\t\t<\/div>\n\t\t\t\t<\/div>\n\t\t\t\t<div class=\"elementor-element elementor-element-689dc91e elementor-widget elementor-widget-toggle\" data-id=\"689dc91e\" data-element_type=\"widget\" data-e-type=\"widget\" data-widget_type=\"toggle.default\">\n\t\t\t\t<div class=\"elementor-widget-container\">\n\t\t\t\t\t\t\t<div class=\"elementor-toggle\">\n\t\t\t\t\t\t\t<div class=\"elementor-toggle-item\">\n\t\t\t\t\t<div id=\"elementor-tab-title-1751\" class=\"elementor-tab-title\" data-tab=\"1\" role=\"button\" aria-controls=\"elementor-tab-content-1751\" aria-expanded=\"false\">\n\t\t\t\t\t\t\t\t\t\t\t\t<span class=\"elementor-toggle-icon elementor-toggle-icon-left\" aria-hidden=\"true\">\n\t\t\t\t\t\t\t\t\t\t\t\t\t\t\t<span class=\"elementor-toggle-icon-closed\"><i class=\"fas fa-caret-right\"><\/i><\/span>\n\t\t\t\t\t\t\t\t<span class=\"elementor-toggle-icon-opened\"><i class=\"elementor-toggle-icon-opened fas fa-caret-up\"><\/i><\/span>\n\t\t\t\t\t\t\t\t\t\t\t\t\t<\/span>\n\t\t\t\t\t\t\t\t\t\t\t\t<a class=\"elementor-toggle-title\" tabindex=\"0\">\u00bfQu\u00e9 defunciones deben registrarse?<\/a>\n\t\t\t\t\t<\/div>\n\n\t\t\t\t\t<div id=\"elementor-tab-content-1751\" class=\"elementor-tab-content elementor-clearfix\" data-tab=\"1\" role=\"region\" aria-labelledby=\"elementor-tab-title-1751\"><p style=\"text-align: justify;\">Debes registrar la muerte de cualquier colombiano o de ciudadano extranjero que haya fallecido en el territorio nacional, o de colombiano residente en un pa\u00eds extranjero, ya sea por muerte natural, muerte violenta o por presunci\u00f3n de muerte decretada por un juez.<\/p><\/div>\n\t\t\t\t<\/div>\n\t\t\t\t\t\t\t<div class=\"elementor-toggle-item\">\n\t\t\t\t\t<div id=\"elementor-tab-title-1752\" class=\"elementor-tab-title\" data-tab=\"2\" role=\"button\" aria-controls=\"elementor-tab-content-1752\" aria-expanded=\"false\">\n\t\t\t\t\t\t\t\t\t\t\t\t<span class=\"elementor-toggle-icon elementor-toggle-icon-left\" aria-hidden=\"true\">\n\t\t\t\t\t\t\t\t\t\t\t\t\t\t\t<span class=\"elementor-toggle-icon-closed\"><i class=\"fas fa-caret-right\"><\/i><\/span>\n\t\t\t\t\t\t\t\t<span class=\"elementor-toggle-icon-opened\"><i class=\"elementor-toggle-icon-opened fas fa-caret-up\"><\/i><\/span>\n\t\t\t\t\t\t\t\t\t\t\t\t\t<\/span>\n\t\t\t\t\t\t\t\t\t\t\t\t<a class=\"elementor-toggle-title\" tabindex=\"0\">\u00bfQui\u00e9nes pueden registrar un fallecimiento?<\/a>\n\t\t\t\t\t<\/div>\n\n\t\t\t\t\t<div id=\"elementor-tab-content-1752\" class=\"elementor-tab-content elementor-clearfix\" data-tab=\"2\" role=\"region\" aria-labelledby=\"elementor-tab-title-1752\"><ul><li style=\"text-align: justify;\">El c\u00f3nyuge sobreviviente.<\/li><li style=\"text-align: justify;\">El pariente mayor de edad m\u00e1s pr\u00f3ximo.<\/li><li style=\"text-align: justify;\">El m\u00e9dico que atendi\u00f3 al difunto.<\/li><li style=\"text-align: justify;\">Un funcionario de la funeraria que atiende las exequias.<\/li><li style=\"text-align: justify;\">El director o administrador del establecimiento donde ocurre el fallecimiento.<\/li><\/ul><\/div>\n\t\t\t\t<\/div>\n\t\t\t\t\t\t\t<div class=\"elementor-toggle-item\">\n\t\t\t\t\t<div id=\"elementor-tab-title-1753\" class=\"elementor-tab-title\" data-tab=\"3\" role=\"button\" aria-controls=\"elementor-tab-content-1753\" aria-expanded=\"false\">\n\t\t\t\t\t\t\t\t\t\t\t\t<span class=\"elementor-toggle-icon elementor-toggle-icon-left\" aria-hidden=\"true\">\n\t\t\t\t\t\t\t\t\t\t\t\t\t\t\t<span class=\"elementor-toggle-icon-closed\"><i class=\"fas fa-caret-right\"><\/i><\/span>\n\t\t\t\t\t\t\t\t<span class=\"elementor-toggle-icon-opened\"><i class=\"elementor-toggle-icon-opened fas fa-caret-up\"><\/i><\/span>\n\t\t\t\t\t\t\t\t\t\t\t\t\t<\/span>\n\t\t\t\t\t\t\t\t\t\t\t\t<a class=\"elementor-toggle-title\" tabindex=\"0\">\u00bfC\u00f3mo se inscribe la muerte violenta?<\/a>\n\t\t\t\t\t<\/div>\n\n\t\t\t\t\t<div id=\"elementor-tab-content-1753\" class=\"elementor-tab-content elementor-clearfix\" data-tab=\"3\" role=\"region\" aria-labelledby=\"elementor-tab-title-1753\"><p style=\"text-align: justify;\">En estos casos solo procede por orden judicial<\/p><\/div>\n\t\t\t\t<\/div>\n\t\t\t\t\t\t\t\t<\/div>\n\t\t\t\t\t\t<\/div>\n\t\t\t\t<\/div>\n\t\t\t\t<\/div>\n\t\t<div class=\"elementor-element elementor-element-37a505ee e-con-full e-flex e-con e-parent\" data-id=\"37a505ee\" data-element_type=\"container\" data-e-type=\"container\">\n\t\t\t\t<div class=\"elementor-element elementor-element-4cd35684 elementor-widget elementor-widget-image\" data-id=\"4cd35684\" data-element_type=\"widget\" data-e-type=\"widget\" data-widget_type=\"image.default\">\n\t\t\t\t<div class=\"elementor-widget-container\">\n\t\t\t\t\t\t\t\t\t\t\t\t\t\t\t<img fetchpriority=\"high\" decoding=\"async\" width=\"392\" height=\"352\" src=\"https:\/\/notarialaplata.com\/web\/wp-content\/uploads\/2023\/01\/defuncion.jpg\" class=\"attachment-large size-large wp-image-847\" alt=\"\" srcset=\"https:\/\/notarialaplata.com\/web\/wp-content\/uploads\/2023\/01\/defuncion.jpg 392w, https:\/\/notarialaplata.com\/web\/wp-content\/uploads\/2023\/01\/defuncion-300x269.jpg 300w\" sizes=\"(max-width: 392px) 100vw, 392px\" \/>\t\t\t\t\t\t\t\t\t\t\t\t\t\t\t<\/div>\n\t\t\t\t<\/div>\n\t\t\t\t<div class=\"elementor-element elementor-element-3141101d elementor-widget elementor-widget-heading\" data-id=\"3141101d\" data-element_type=\"widget\" data-e-type=\"widget\" data-widget_type=\"heading.default\">\n\t\t\t\t<div class=\"elementor-widget-container\">\n\t\t\t\t\t<h2 class=\"elementor-heading-title elementor-size-default\">Requisitos<\/h2>\t\t\t\t<\/div>\n\t\t\t\t<\/div>\n\t\t\t\t<div class=\"elementor-element elementor-element-79e85a9f elementor-widget elementor-widget-text-editor\" data-id=\"79e85a9f\" data-element_type=\"widget\" data-e-type=\"widget\" data-widget_type=\"text-editor.default\">\n\t\t\t\t<div class=\"elementor-widget-container\">\n\t\t\t\t\t\t\t\t\t<ul><li><ul><li>Certificado m\u00e9dico de defunci\u00f3n.<\/li><li>Copia de tu c\u00e9dula de ciudadan\u00eda.<\/li><li>Orden judicial en caso de haber excedido el plazo para registrar el fallecimiento.<\/li><li>Orden judicial si la muerte fue violenta o se desconocen los motivos.<\/li><li>Para el caso de la muerte presunta por desaparecimiento, sentencia judicial en firme.<\/li><\/ul><p>Recuerde que el registro de defunci\u00f3n por causas naturales debe solicitarse dentro de los 2 d\u00edas siguientes al fallecimiento, de lo contrario ser\u00e1 necesario una orden.<\/p><\/li><\/ul>\t\t\t\t\t\t\t\t<\/div>\n\t\t\t\t<\/div>\n\t\t\t\t<\/div>\n\t\t\t\t\t<\/div>\n\t\t\t\t<\/div>\n\t\t\t\t<\/div>\n\t\t","protected":false},"excerpt":{"rendered":"<p>\u00bfQu\u00e9 es el Registro Civil de defunci\u00f3n? El Registro Civil de defunci\u00f3n es un documento legal que acredita el fallecimiento de una persona en Colombia. Al realizar esta diligencia ante la Notar\u00eda \u00danica la Plata Huila se expedir\u00e1n tres ejemplares, el original har\u00e1 parte del archivo de la Notar\u00eda, el otro ejemplar ser\u00e1 enviado a [&hellip;]<\/p>\n","protected":false},"author":1,"featured_media":0,"parent":0,"menu_order":20,"comment_status":"closed","ping_status":"closed","template":"","meta":{"inline_featured_image":false,"_joinchat":[],"footnotes":""},"class_list":["post-514","page","type-page","status-publish","hentry"],"publishpress_future_action":{"enabled":false,"date":"2026-04-19 22:44:34","action":"change-status","newStatus":"draft","terms":[],"taxonomy":"","extraData":[]},"publishpress_future_workflow_manual_trigger":{"enabledWorkflows":[]},"_links":{"self":[{"href":"https:\/\/notarialaplata.com\/web\/wp-json\/wp\/v2\/pages\/514","targetHints":{"allow":["GET"]}}],"collection":[{"href":"https:\/\/notarialaplata.com\/web\/wp-json\/wp\/v2\/pages"}],"about":[{"href":"https:\/\/notarialaplata.com\/web\/wp-json\/wp\/v2\/types\/page"}],"author":[{"embeddable":true,"href":"https:\/\/notarialaplata.com\/web\/wp-json\/wp\/v2\/users\/1"}],"replies":[{"embeddable":true,"href":"https:\/\/notarialaplata.com\/web\/wp-json\/wp\/v2\/comments?post=514"}],"version-history":[{"count":9,"href":"https:\/\/notarialaplata.com\/web\/wp-json\/wp\/v2\/pages\/514\/revisions"}],"predecessor-version":[{"id":1241,"href":"https:\/\/notarialaplata.com\/web\/wp-json\/wp\/v2\/pages\/514\/revisions\/1241"}],"wp:attachment":[{"href":"https:\/\/notarialaplata.com\/web\/wp-json\/wp\/v2\/media?parent=514"}],"curies":[{"name":"wp","href":"https:\/\/api.w.org\/{rel}","templated":true}]}}