{"id":512,"date":"2023-01-24T22:31:40","date_gmt":"2023-01-24T22:31:40","guid":{"rendered":"https:\/\/notarialaplata.com\/web\/reconocimiento-de-paternidad\/"},"modified":"2023-01-31T01:05:07","modified_gmt":"2023-01-31T01:05:07","slug":"reconocimiento-de-paternidad","status":"publish","type":"page","link":"https:\/\/notarialaplata.com\/web\/reconocimiento-de-paternidad\/","title":{"rendered":"Reconocimiento de paternidad"},"content":{"rendered":"<style>.elementor-512 .elementor-element.elementor-element-232f2ddb{--display:flex;--flex-direction:row;--container-widget-width:initial;--container-widget-height:100%;--container-widget-flex-grow:1;--container-widget-align-self:stretch;--flex-wrap-mobile:wrap;--gap:0px 0px;--row-gap:0px;--column-gap:0px;}.elementor-512 .elementor-element.elementor-element-7d8e5943{--display:flex;--flex-direction:column;--container-widget-width:100%;--container-widget-height:initial;--container-widget-flex-grow:0;--container-widget-align-self:initial;--flex-wrap-mobile:wrap;}.elementor-512 .elementor-element.elementor-element-7d8e5943.e-con{--flex-grow:0;--flex-shrink:0;}.elementor-512 .elementor-element.elementor-element-7b444ef1 .elementor-heading-title{font-size:30px;color:#FFFFFF;}.elementor-512 .elementor-element.elementor-element-7b444ef1 > .elementor-widget-container{padding:10px 10px 10px 10px;background-color:var( --e-global-color-e024615 );border-radius:10px 10px 10px 10px;}.elementor-512 .elementor-element.elementor-element-2024f975 .elementor-heading-title{font-size:25px;}.elementor-512 .elementor-element.elementor-element-e27e8f0 .elementor-heading-title{font-size:25px;}.elementor-512 .elementor-element.elementor-element-97e8661 .elementor-tab-title{background-color:#F9F9F9;}.elementor-512 .elementor-element.elementor-element-97e8661 .elementor-toggle-title, .elementor-512 .elementor-element.elementor-element-97e8661 .elementor-toggle-icon{color:var( --e-global-color-e024615 );}.elementor-512 .elementor-element.elementor-element-97e8661 .elementor-toggle-icon svg{fill:var( --e-global-color-e024615 );}.elementor-512 .elementor-element.elementor-element-97e8661 .elementor-toggle-title{text-decoration:none;}.elementor-512 .elementor-element.elementor-element-32915d86{--display:flex;--flex-direction:column;--container-widget-width:100%;--container-widget-height:initial;--container-widget-flex-grow:0;--container-widget-align-self:initial;--flex-wrap-mobile:wrap;}.elementor-512 .elementor-element.elementor-element-18120fb4 img{border-radius:10px 10px 10px 10px;}.elementor-512 .elementor-element.elementor-element-67737dfa .elementor-heading-title{font-size:25px;}:root{--page-title-display:none;}@media(min-width:768px){.elementor-512 .elementor-element.elementor-element-7d8e5943{--width:58.9%;}.elementor-512 .elementor-element.elementor-element-32915d86{--width:50%;}}<\/style>\t\t<div data-elementor-type=\"wp-page\" data-elementor-id=\"512\" class=\"elementor elementor-512\" data-elementor-post-type=\"page\">\n\t\t\t\t<div class=\"elementor-element elementor-element-232f2ddb e-flex e-con-boxed e-con e-parent\" data-id=\"232f2ddb\" data-element_type=\"container\" data-e-type=\"container\">\n\t\t\t\t\t<div class=\"e-con-inner\">\n\t\t<div class=\"elementor-element elementor-element-7d8e5943 e-con-full e-flex e-con e-parent\" data-id=\"7d8e5943\" data-element_type=\"container\" data-e-type=\"container\">\n\t\t\t\t<div class=\"elementor-element elementor-element-7b444ef1 elementor-widget elementor-widget-heading\" data-id=\"7b444ef1\" data-element_type=\"widget\" data-e-type=\"widget\" data-widget_type=\"heading.default\">\n\t\t\t\t<div class=\"elementor-widget-container\">\n\t\t\t\t\t<h2 class=\"elementor-heading-title elementor-size-default\">Reconocimiento de paternidad<\/h2>\t\t\t\t<\/div>\n\t\t\t\t<\/div>\n\t\t\t\t<div class=\"elementor-element elementor-element-2024f975 elementor-widget elementor-widget-heading\" data-id=\"2024f975\" data-element_type=\"widget\" data-e-type=\"widget\" data-widget_type=\"heading.default\">\n\t\t\t\t<div class=\"elementor-widget-container\">\n\t\t\t\t\t<h2 class=\"elementor-heading-title elementor-size-default\">\u00bfQu\u00e9 es el reconocimiento de paternidad?<\/h2>\t\t\t\t<\/div>\n\t\t\t\t<\/div>\n\t\t\t\t<div class=\"elementor-element elementor-element-752d212f elementor-widget elementor-widget-text-editor\" data-id=\"752d212f\" data-element_type=\"widget\" data-e-type=\"widget\" data-widget_type=\"text-editor.default\">\n\t\t\t\t<div class=\"elementor-widget-container\">\n\t\t\t\t\t\t\t\t\t<p style=\"text-align: justify;\">Es un acto mediante el cual el presunto padre se presenta para declarar que es padre de quien se encuentra registrado en la Notar\u00eda \u00danica la Plata Huila o en cualquier otra Notar\u00eda o Registradur\u00eda del Estado Civil.<\/p>\t\t\t\t\t\t\t\t<\/div>\n\t\t\t\t<\/div>\n\t\t\t\t<div class=\"elementor-element elementor-element-e27e8f0 elementor-widget elementor-widget-heading\" data-id=\"e27e8f0\" data-element_type=\"widget\" data-e-type=\"widget\" data-widget_type=\"heading.default\">\n\t\t\t\t<div class=\"elementor-widget-container\">\n\t\t\t\t\t<h2 class=\"elementor-heading-title elementor-size-default\">Preguntas frecuentes<\/h2>\t\t\t\t<\/div>\n\t\t\t\t<\/div>\n\t\t\t\t<div class=\"elementor-element elementor-element-97e8661 elementor-widget elementor-widget-toggle\" data-id=\"97e8661\" data-element_type=\"widget\" data-e-type=\"widget\" data-widget_type=\"toggle.default\">\n\t\t\t\t<div class=\"elementor-widget-container\">\n\t\t\t\t\t\t\t<div class=\"elementor-toggle\">\n\t\t\t\t\t\t\t<div class=\"elementor-toggle-item\">\n\t\t\t\t\t<div id=\"elementor-tab-title-1591\" class=\"elementor-tab-title\" data-tab=\"1\" role=\"button\" aria-controls=\"elementor-tab-content-1591\" aria-expanded=\"false\">\n\t\t\t\t\t\t\t\t\t\t\t\t<span class=\"elementor-toggle-icon elementor-toggle-icon-left\" aria-hidden=\"true\">\n\t\t\t\t\t\t\t\t\t\t\t\t\t\t\t<span class=\"elementor-toggle-icon-closed\"><i class=\"fas fa-caret-right\"><\/i><\/span>\n\t\t\t\t\t\t\t\t<span class=\"elementor-toggle-icon-opened\"><i class=\"elementor-toggle-icon-opened fas fa-caret-up\"><\/i><\/span>\n\t\t\t\t\t\t\t\t\t\t\t\t\t<\/span>\n\t\t\t\t\t\t\t\t\t\t\t\t<a class=\"elementor-toggle-title\" tabindex=\"0\">\u00bfQu\u00e9 debo hacer para reconocer la paternidad de mi hijo?<\/a>\n\t\t\t\t\t<\/div>\n\n\t\t\t\t\t<div id=\"elementor-tab-content-1591\" class=\"elementor-tab-content elementor-clearfix\" data-tab=\"1\" role=\"region\" aria-labelledby=\"elementor-tab-title-1591\"><p style=\"text-align: justify;\">Lo \u00fanico que debe hacer es acercarse a la Notar\u00eda \u00danica la Plata Huila y traer tu c\u00e9dula de ciudadan\u00eda.<\/p><p style=\"text-align: justify;\">El padre que quiera reconocer voluntariamente a un hijo que naci\u00f3 por fuera del matrimonio o de la uni\u00f3n libre, puede adelantar el tr\u00e1mite de la siguiente manera:\u00a0<\/p><ol style=\"text-align: justify;\"><li>Firmando el acta o el registro de nacimiento.<\/li><li>Acudiendo ante notario para la firma de una escritura p\u00fablica.<\/li><li>Manifest\u00e1ndolo a trav\u00e9s de un testamento.<\/li><li>Manifest\u00e1ndolo ante defensor o comisario de familia, o por citaci\u00f3n que solicite la madre del ni\u00f1o.<\/li><\/ol><p style=\"text-align: justify;\">Para \u00e9ste \u00faltimo caso, la madre del ni\u00f1o podr\u00e1 solicitar al juez, defensor o comisario de familia, que cite al padre o madre, con el fin de buscar el reconocimiento voluntario del hijo que ya naci\u00f3 o que est\u00e9 por nacer.<\/p><p style=\"text-align: justify;\">Si el reconocimiento voluntario se produce, el funcionario deber\u00e1 dejar constancia en un acta y ordenar\u00e1 la inscripci\u00f3n o correcci\u00f3n de los apellidos del ni\u00f1o en el registro civil de nacimiento.<\/p><\/div>\n\t\t\t\t<\/div>\n\t\t\t\t\t\t\t<div class=\"elementor-toggle-item\">\n\t\t\t\t\t<div id=\"elementor-tab-title-1592\" class=\"elementor-tab-title\" data-tab=\"2\" role=\"button\" aria-controls=\"elementor-tab-content-1592\" aria-expanded=\"false\">\n\t\t\t\t\t\t\t\t\t\t\t\t<span class=\"elementor-toggle-icon elementor-toggle-icon-left\" aria-hidden=\"true\">\n\t\t\t\t\t\t\t\t\t\t\t\t\t\t\t<span class=\"elementor-toggle-icon-closed\"><i class=\"fas fa-caret-right\"><\/i><\/span>\n\t\t\t\t\t\t\t\t<span class=\"elementor-toggle-icon-opened\"><i class=\"elementor-toggle-icon-opened fas fa-caret-up\"><\/i><\/span>\n\t\t\t\t\t\t\t\t\t\t\t\t\t<\/span>\n\t\t\t\t\t\t\t\t\t\t\t\t<a class=\"elementor-toggle-title\" tabindex=\"0\">\u00bfEs posible revocar o eliminar un reconocimiento de paternidad despu\u00e9s de hacerlo?<\/a>\n\t\t\t\t\t<\/div>\n\n\t\t\t\t\t<div id=\"elementor-tab-content-1592\" class=\"elementor-tab-content elementor-clearfix\" data-tab=\"2\" role=\"region\" aria-labelledby=\"elementor-tab-title-1592\"><p style=\"text-align: justify;\">El reconocimiento de todo hijo es irrevocable.<\/p><p style=\"text-align: justify;\">El reconocimiento voluntario puede no aceptarse dentro de los noventa d\u00edas siguientes a la notificaci\u00f3n que haga el notario.<\/p><\/div>\n\t\t\t\t<\/div>\n\t\t\t\t\t\t\t\t<\/div>\n\t\t\t\t\t\t<\/div>\n\t\t\t\t<\/div>\n\t\t\t\t<\/div>\n\t\t<div class=\"elementor-element elementor-element-32915d86 e-con-full e-flex e-con e-parent\" data-id=\"32915d86\" data-element_type=\"container\" data-e-type=\"container\">\n\t\t\t\t<div class=\"elementor-element elementor-element-18120fb4 elementor-widget elementor-widget-image\" data-id=\"18120fb4\" data-element_type=\"widget\" data-e-type=\"widget\" data-widget_type=\"image.default\">\n\t\t\t\t<div class=\"elementor-widget-container\">\n\t\t\t\t\t\t\t\t\t\t\t\t\t\t\t<img fetchpriority=\"high\" decoding=\"async\" width=\"604\" height=\"388\" src=\"https:\/\/notarialaplata.com\/web\/wp-content\/uploads\/2023\/01\/reconocmientohijo.jpg\" class=\"attachment-large size-large wp-image-842\" alt=\"\" srcset=\"https:\/\/notarialaplata.com\/web\/wp-content\/uploads\/2023\/01\/reconocmientohijo.jpg 604w, https:\/\/notarialaplata.com\/web\/wp-content\/uploads\/2023\/01\/reconocmientohijo-300x193.jpg 300w\" sizes=\"(max-width: 604px) 100vw, 604px\" \/>\t\t\t\t\t\t\t\t\t\t\t\t\t\t\t<\/div>\n\t\t\t\t<\/div>\n\t\t\t\t<div class=\"elementor-element elementor-element-67737dfa elementor-widget elementor-widget-heading\" data-id=\"67737dfa\" data-element_type=\"widget\" data-e-type=\"widget\" data-widget_type=\"heading.default\">\n\t\t\t\t<div class=\"elementor-widget-container\">\n\t\t\t\t\t<h2 class=\"elementor-heading-title elementor-size-default\">Requisitos<\/h2>\t\t\t\t<\/div>\n\t\t\t\t<\/div>\n\t\t\t\t<div class=\"elementor-element elementor-element-2a95410a elementor-widget elementor-widget-text-editor\" data-id=\"2a95410a\" data-element_type=\"widget\" data-e-type=\"widget\" data-widget_type=\"text-editor.default\">\n\t\t\t\t<div class=\"elementor-widget-container\">\n\t\t\t\t\t\t\t\t\t<ul><li>C\u00e9dula de ciudadan\u00eda.<\/li><\/ul>\t\t\t\t\t\t\t\t<\/div>\n\t\t\t\t<\/div>\n\t\t\t\t<\/div>\n\t\t\t\t\t<\/div>\n\t\t\t\t<\/div>\n\t\t\t\t<\/div>\n\t\t","protected":false},"excerpt":{"rendered":"<p>\u00bfQu\u00e9 es el reconocimiento de paternidad? Es un acto mediante el cual el presunto padre se presenta para declarar que es padre de quien se encuentra registrado en la Notar\u00eda \u00danica la Plata Huila o en cualquier otra Notar\u00eda o Registradur\u00eda del Estado Civil. Preguntas frecuentes \u00bfQu\u00e9 debo hacer para reconocer la paternidad de mi [&hellip;]<\/p>\n","protected":false},"author":1,"featured_media":0,"parent":0,"menu_order":10,"comment_status":"closed","ping_status":"closed","template":"","meta":{"inline_featured_image":false,"_joinchat":[],"footnotes":""},"class_list":["post-512","page","type-page","status-publish","hentry"],"publishpress_future_action":{"enabled":false,"date":"2026-04-19 22:44:34","action":"change-status","newStatus":"draft","terms":[],"taxonomy":"","extraData":[]},"publishpress_future_workflow_manual_trigger":{"enabledWorkflows":[]},"_links":{"self":[{"href":"https:\/\/notarialaplata.com\/web\/wp-json\/wp\/v2\/pages\/512","targetHints":{"allow":["GET"]}}],"collection":[{"href":"https:\/\/notarialaplata.com\/web\/wp-json\/wp\/v2\/pages"}],"about":[{"href":"https:\/\/notarialaplata.com\/web\/wp-json\/wp\/v2\/types\/page"}],"author":[{"embeddable":true,"href":"https:\/\/notarialaplata.com\/web\/wp-json\/wp\/v2\/users\/1"}],"replies":[{"embeddable":true,"href":"https:\/\/notarialaplata.com\/web\/wp-json\/wp\/v2\/comments?post=512"}],"version-history":[{"count":9,"href":"https:\/\/notarialaplata.com\/web\/wp-json\/wp\/v2\/pages\/512\/revisions"}],"predecessor-version":[{"id":1306,"href":"https:\/\/notarialaplata.com\/web\/wp-json\/wp\/v2\/pages\/512\/revisions\/1306"}],"wp:attachment":[{"href":"https:\/\/notarialaplata.com\/web\/wp-json\/wp\/v2\/media?parent=512"}],"curies":[{"name":"wp","href":"https:\/\/api.w.org\/{rel}","templated":true}]}}