{"id":510,"date":"2023-01-24T22:31:21","date_gmt":"2023-01-24T22:31:21","guid":{"rendered":"https:\/\/notarialaplata.com\/web\/poder-notariado\/"},"modified":"2023-01-27T02:14:20","modified_gmt":"2023-01-27T02:14:20","slug":"poder-notariado","status":"publish","type":"page","link":"https:\/\/notarialaplata.com\/web\/poder-notariado\/","title":{"rendered":"Poder notariado"},"content":{"rendered":"<style>.elementor-510 .elementor-element.elementor-element-1606ef82{--display:flex;--flex-direction:row;--container-widget-width:initial;--container-widget-height:100%;--container-widget-flex-grow:1;--container-widget-align-self:stretch;--flex-wrap-mobile:wrap;--gap:0px 0px;--row-gap:0px;--column-gap:0px;}.elementor-510 .elementor-element.elementor-element-480d70a2{--display:flex;--flex-direction:column;--container-widget-width:100%;--container-widget-height:initial;--container-widget-flex-grow:0;--container-widget-align-self:initial;--flex-wrap-mobile:wrap;}.elementor-510 .elementor-element.elementor-element-480d70a2.e-con{--flex-grow:0;--flex-shrink:0;}.elementor-510 .elementor-element.elementor-element-7636a607 .elementor-heading-title{font-size:30px;color:#FFFFFF;}.elementor-510 .elementor-element.elementor-element-7636a607 > .elementor-widget-container{padding:10px 10px 10px 10px;background-color:var( --e-global-color-e024615 );border-radius:10px 10px 10px 10px;}.elementor-510 .elementor-element.elementor-element-2814985b .elementor-heading-title{font-size:25px;}.elementor-510 .elementor-element.elementor-element-48e53414 .elementor-heading-title{font-size:25px;}.elementor-510 .elementor-element.elementor-element-47405302 .elementor-tab-title{background-color:#F9F9F9;}.elementor-510 .elementor-element.elementor-element-47405302 .elementor-toggle-title, .elementor-510 .elementor-element.elementor-element-47405302 .elementor-toggle-icon{color:var( --e-global-color-e024615 );}.elementor-510 .elementor-element.elementor-element-47405302 .elementor-toggle-icon svg{fill:var( --e-global-color-e024615 );}.elementor-510 .elementor-element.elementor-element-47405302 .elementor-toggle-title{text-decoration:none;}.elementor-510 .elementor-element.elementor-element-1fe9e77d{--display:flex;--flex-direction:column;--container-widget-width:100%;--container-widget-height:initial;--container-widget-flex-grow:0;--container-widget-align-self:initial;--flex-wrap-mobile:wrap;}.elementor-510 .elementor-element.elementor-element-7173462e img{border-radius:10px 10px 10px 10px;}.elementor-510 .elementor-element.elementor-element-4cd5624b .elementor-heading-title{font-size:25px;}:root{--page-title-display:none;}@media(min-width:768px){.elementor-510 .elementor-element.elementor-element-480d70a2{--width:58.9%;}.elementor-510 .elementor-element.elementor-element-1fe9e77d{--width:50%;}}<\/style>\t\t<div data-elementor-type=\"wp-page\" data-elementor-id=\"510\" class=\"elementor elementor-510\" data-elementor-post-type=\"page\">\n\t\t\t\t<div class=\"elementor-element elementor-element-1606ef82 e-flex e-con-boxed e-con e-parent\" data-id=\"1606ef82\" data-element_type=\"container\" data-e-type=\"container\">\n\t\t\t\t\t<div class=\"e-con-inner\">\n\t\t<div class=\"elementor-element elementor-element-480d70a2 e-con-full e-flex e-con e-parent\" data-id=\"480d70a2\" data-element_type=\"container\" data-e-type=\"container\">\n\t\t\t\t<div class=\"elementor-element elementor-element-7636a607 elementor-widget elementor-widget-heading\" data-id=\"7636a607\" data-element_type=\"widget\" data-e-type=\"widget\" data-widget_type=\"heading.default\">\n\t\t\t\t<div class=\"elementor-widget-container\">\n\t\t\t\t\t<h2 class=\"elementor-heading-title elementor-size-default\">Poder notariado<\/h2>\t\t\t\t<\/div>\n\t\t\t\t<\/div>\n\t\t\t\t<div class=\"elementor-element elementor-element-2814985b elementor-widget elementor-widget-heading\" data-id=\"2814985b\" data-element_type=\"widget\" data-e-type=\"widget\" data-widget_type=\"heading.default\">\n\t\t\t\t<div class=\"elementor-widget-container\">\n\t\t\t\t\t<h2 class=\"elementor-heading-title elementor-size-default\">\u00bfQu\u00e9 es un poder?<\/h2>\t\t\t\t<\/div>\n\t\t\t\t<\/div>\n\t\t\t\t<div class=\"elementor-element elementor-element-460b8020 elementor-widget elementor-widget-text-editor\" data-id=\"460b8020\" data-element_type=\"widget\" data-e-type=\"widget\" data-widget_type=\"text-editor.default\">\n\t\t\t\t<div class=\"elementor-widget-container\">\n\t\t\t\t\t\t\t\t\t<p style=\"text-align: justify;\">Es el acto mediante el cual una persona autoriza a otra para que la represente en la realizaci\u00f3n de un contrato o acto jur\u00eddico. En cada poder se debe especificar el prop\u00f3sito para el cual se otorga, es decir, debe contener la relaci\u00f3n precisa de las facultades que se dan y para qu\u00e9 se dan a la persona que recibe el poder (apoderada). El poder puede constar en documento privado autenticado o en escritura p\u00fablica.<\/p>\t\t\t\t\t\t\t\t<\/div>\n\t\t\t\t<\/div>\n\t\t\t\t<div class=\"elementor-element elementor-element-48e53414 elementor-widget elementor-widget-heading\" data-id=\"48e53414\" data-element_type=\"widget\" data-e-type=\"widget\" data-widget_type=\"heading.default\">\n\t\t\t\t<div class=\"elementor-widget-container\">\n\t\t\t\t\t<h2 class=\"elementor-heading-title elementor-size-default\">Preguntas frecuentes<\/h2>\t\t\t\t<\/div>\n\t\t\t\t<\/div>\n\t\t\t\t<div class=\"elementor-element elementor-element-47405302 elementor-widget elementor-widget-toggle\" data-id=\"47405302\" data-element_type=\"widget\" data-e-type=\"widget\" data-widget_type=\"toggle.default\">\n\t\t\t\t<div class=\"elementor-widget-container\">\n\t\t\t\t\t\t\t<div class=\"elementor-toggle\">\n\t\t\t\t\t\t\t<div class=\"elementor-toggle-item\">\n\t\t\t\t\t<div id=\"elementor-tab-title-1191\" class=\"elementor-tab-title\" data-tab=\"1\" role=\"button\" aria-controls=\"elementor-tab-content-1191\" aria-expanded=\"false\">\n\t\t\t\t\t\t\t\t\t\t\t\t<span class=\"elementor-toggle-icon elementor-toggle-icon-left\" aria-hidden=\"true\">\n\t\t\t\t\t\t\t\t\t\t\t\t\t\t\t<span class=\"elementor-toggle-icon-closed\"><i class=\"fas fa-caret-right\"><\/i><\/span>\n\t\t\t\t\t\t\t\t<span class=\"elementor-toggle-icon-opened\"><i class=\"elementor-toggle-icon-opened fas fa-caret-up\"><\/i><\/span>\n\t\t\t\t\t\t\t\t\t\t\t\t\t<\/span>\n\t\t\t\t\t\t\t\t\t\t\t\t<a class=\"elementor-toggle-title\" tabindex=\"0\">\u00bfCu\u00e1l es la diferencia entre el poder general y el poder especial?<\/a>\n\t\t\t\t\t<\/div>\n\n\t\t\t\t\t<div id=\"elementor-tab-content-1191\" class=\"elementor-tab-content elementor-clearfix\" data-tab=\"1\" role=\"region\" aria-labelledby=\"elementor-tab-title-1191\"><p>El poder general se otorga con el fin de poder realizar varios tr\u00e1mites sin perder vigencia y siempre va a constar en Escritura P\u00fablica, por su lado el poder especial solo \u00a0se otorga para la ejecuci\u00f3n de un tr\u00e1mite en espec\u00edfico y por lo general consta en documento privado.<\/p><\/div>\n\t\t\t\t<\/div>\n\t\t\t\t\t\t\t<div class=\"elementor-toggle-item\">\n\t\t\t\t\t<div id=\"elementor-tab-title-1192\" class=\"elementor-tab-title\" data-tab=\"2\" role=\"button\" aria-controls=\"elementor-tab-content-1192\" aria-expanded=\"false\">\n\t\t\t\t\t\t\t\t\t\t\t\t<span class=\"elementor-toggle-icon elementor-toggle-icon-left\" aria-hidden=\"true\">\n\t\t\t\t\t\t\t\t\t\t\t\t\t\t\t<span class=\"elementor-toggle-icon-closed\"><i class=\"fas fa-caret-right\"><\/i><\/span>\n\t\t\t\t\t\t\t\t<span class=\"elementor-toggle-icon-opened\"><i class=\"elementor-toggle-icon-opened fas fa-caret-up\"><\/i><\/span>\n\t\t\t\t\t\t\t\t\t\t\t\t\t<\/span>\n\t\t\t\t\t\t\t\t\t\t\t\t<a class=\"elementor-toggle-title\" tabindex=\"0\">\u00bfQu\u00e9 se requiere para otorgar un poder?<\/a>\n\t\t\t\t\t<\/div>\n\n\t\t\t\t\t<div id=\"elementor-tab-content-1192\" class=\"elementor-tab-content elementor-clearfix\" data-tab=\"2\" role=\"region\" aria-labelledby=\"elementor-tab-title-1192\"><p style=\"text-align: justify;\">Para otorgar un poder, la Notar\u00eda \u00danica la Plata Huila recomienda tener determinado la persona a la que se le otorga el poder, ya sea general o especial, y que preferiblemente con la asesor\u00eda de un abogado, realices un borrador que contenga las facultades que se van a encomendar al mandatario (a quien se le entrega el poder), despu\u00e9s de esto, en la Notar\u00eda \u00danica la Plata Huila realizaremos la Escritura P\u00fablica correspondiente frente al otorgante.<\/p><p style=\"text-align: justify;\">La Notar\u00eda entregar\u00e1 copias de la escritura, con las cuales el mandatario podr\u00e1 realizar todas las gestiones que se le encarguen en representaci\u00f3n del mandante.<\/p><\/div>\n\t\t\t\t<\/div>\n\t\t\t\t\t\t\t<div class=\"elementor-toggle-item\">\n\t\t\t\t\t<div id=\"elementor-tab-title-1193\" class=\"elementor-tab-title\" data-tab=\"3\" role=\"button\" aria-controls=\"elementor-tab-content-1193\" aria-expanded=\"false\">\n\t\t\t\t\t\t\t\t\t\t\t\t<span class=\"elementor-toggle-icon elementor-toggle-icon-left\" aria-hidden=\"true\">\n\t\t\t\t\t\t\t\t\t\t\t\t\t\t\t<span class=\"elementor-toggle-icon-closed\"><i class=\"fas fa-caret-right\"><\/i><\/span>\n\t\t\t\t\t\t\t\t<span class=\"elementor-toggle-icon-opened\"><i class=\"elementor-toggle-icon-opened fas fa-caret-up\"><\/i><\/span>\n\t\t\t\t\t\t\t\t\t\t\t\t\t<\/span>\n\t\t\t\t\t\t\t\t\t\t\t\t<a class=\"elementor-toggle-title\" tabindex=\"0\">\u00bfSobre qui\u00e9n recae la responsabilidad de las acciones que se realicen con un poder?<\/a>\n\t\t\t\t\t<\/div>\n\n\t\t\t\t\t<div id=\"elementor-tab-content-1193\" class=\"elementor-tab-content elementor-clearfix\" data-tab=\"3\" role=\"region\" aria-labelledby=\"elementor-tab-title-1193\"><p style=\"text-align: justify;\">Si el mandatario (el que recibe el poder) act\u00faa dentro de la esfera del poder, sus efectos recaen solo sobre el mandante (quien da el poder), pero si act\u00faa el mandatario por fuera del poder, recaen las acciones sobre \u00e9l. El poder general otorga facultades sin limitaci\u00f3n, salvo las exclusiones o prohibiciones que se pacten en el mismo o que contemple la ley.<\/p><\/div>\n\t\t\t\t<\/div>\n\t\t\t\t\t\t\t<div class=\"elementor-toggle-item\">\n\t\t\t\t\t<div id=\"elementor-tab-title-1194\" class=\"elementor-tab-title\" data-tab=\"4\" role=\"button\" aria-controls=\"elementor-tab-content-1194\" aria-expanded=\"false\">\n\t\t\t\t\t\t\t\t\t\t\t\t<span class=\"elementor-toggle-icon elementor-toggle-icon-left\" aria-hidden=\"true\">\n\t\t\t\t\t\t\t\t\t\t\t\t\t\t\t<span class=\"elementor-toggle-icon-closed\"><i class=\"fas fa-caret-right\"><\/i><\/span>\n\t\t\t\t\t\t\t\t<span class=\"elementor-toggle-icon-opened\"><i class=\"elementor-toggle-icon-opened fas fa-caret-up\"><\/i><\/span>\n\t\t\t\t\t\t\t\t\t\t\t\t\t<\/span>\n\t\t\t\t\t\t\t\t\t\t\t\t<a class=\"elementor-toggle-title\" tabindex=\"0\">\u00bfQu\u00e9 datos deben contener?<\/a>\n\t\t\t\t\t<\/div>\n\n\t\t\t\t\t<div id=\"elementor-tab-content-1194\" class=\"elementor-tab-content elementor-clearfix\" data-tab=\"4\" role=\"region\" aria-labelledby=\"elementor-tab-title-1194\"><p style=\"text-align: justify;\">Para el poder general, debe tener:<\/p><ul style=\"text-align: justify;\"><li>Datos exactos y completos de las partes (quien da el poder y quien lo recibe).<\/li><li>Firma y sello del notario.<\/li><\/ul><p style=\"text-align: justify;\">Para poder especial:<\/p><ul style=\"text-align: justify;\"><li>Datos exactos y completos de las partes (quien da el poder y quien lo recibe).<\/li><li>Descripci\u00f3n detallada del acto a realizar, persona natural o jur\u00eddica a la cual se dirige.<\/li><li>Firma y sello del notario.<\/li><li>Este documento se debe autenticar personalmente en notar\u00eda, con el documento de identificaci\u00f3n.<\/li><\/ul><p style=\"text-align: justify;\">Si el poder se confiere respecto a uno o varios inmuebles en espec\u00edfico, deber\u00e1 indicarse la nomenclatura, matr\u00edcula inmobiliaria y el c\u00f3digo catastral, adem\u00e1s, deber\u00e1 subirse (registrarse), al repositorio de poderes (VUR).<\/p><p style=\"text-align: justify;\">Cuando quien otorga el poder general\/especial, fuere una sociedad, el funcionario ante quien se otorga har\u00e1 constar que tuvo a la vista las pruebas de la existencia de aquella y que quien lo confiere es su representante. De la misma manera se proceder\u00e1 cuando quien confiera el poder sea apoderado de una persona.<\/p><\/div>\n\t\t\t\t<\/div>\n\t\t\t\t\t\t\t\t<\/div>\n\t\t\t\t\t\t<\/div>\n\t\t\t\t<\/div>\n\t\t\t\t<\/div>\n\t\t<div class=\"elementor-element elementor-element-1fe9e77d e-con-full e-flex e-con e-parent\" data-id=\"1fe9e77d\" data-element_type=\"container\" data-e-type=\"container\">\n\t\t\t\t<div class=\"elementor-element elementor-element-7173462e elementor-widget elementor-widget-image\" data-id=\"7173462e\" data-element_type=\"widget\" data-e-type=\"widget\" data-widget_type=\"image.default\">\n\t\t\t\t<div class=\"elementor-widget-container\">\n\t\t\t\t\t\t\t\t\t\t\t\t\t\t\t<img fetchpriority=\"high\" decoding=\"async\" width=\"553\" height=\"350\" src=\"https:\/\/notarialaplata.com\/web\/wp-content\/uploads\/2023\/01\/podernotarial.jpg\" class=\"attachment-large size-large wp-image-835\" alt=\"\" srcset=\"https:\/\/notarialaplata.com\/web\/wp-content\/uploads\/2023\/01\/podernotarial.jpg 553w, https:\/\/notarialaplata.com\/web\/wp-content\/uploads\/2023\/01\/podernotarial-300x190.jpg 300w\" sizes=\"(max-width: 553px) 100vw, 553px\" \/>\t\t\t\t\t\t\t\t\t\t\t\t\t\t\t<\/div>\n\t\t\t\t<\/div>\n\t\t\t\t<div class=\"elementor-element elementor-element-4cd5624b elementor-widget elementor-widget-heading\" data-id=\"4cd5624b\" data-element_type=\"widget\" data-e-type=\"widget\" data-widget_type=\"heading.default\">\n\t\t\t\t<div class=\"elementor-widget-container\">\n\t\t\t\t\t<h2 class=\"elementor-heading-title elementor-size-default\">Requisitos<\/h2>\t\t\t\t<\/div>\n\t\t\t\t<\/div>\n\t\t\t\t<div class=\"elementor-element elementor-element-75c71b1c elementor-widget elementor-widget-text-editor\" data-id=\"75c71b1c\" data-element_type=\"widget\" data-e-type=\"widget\" data-widget_type=\"text-editor.default\">\n\t\t\t\t<div class=\"elementor-widget-container\">\n\t\t\t\t\t\t\t\t\t<ul><li><p style=\"text-align: justify;\"><strong>Poder general:<\/strong><\/p><ul style=\"text-align: justify;\"><li>Los poderes generales para toda clase de procesos solo podr\u00e1n conferirse por escritura p\u00fablica.\u00a0\u00a0<\/li><li>Datos exactos y completos de las partes (quien da el poder y quien lo recibe).<\/li><\/ul><p style=\"text-align: justify;\"><strong>Poder especial:<\/strong><\/p><ul><li style=\"text-align: justify;\">Datos exactos y completos de las partes (quien da el poder y quien lo recibe).<\/li><li style=\"text-align: justify;\">Descripci\u00f3n detallada de las gestiones a realizar.<\/li><li style=\"text-align: justify;\">Firma.<\/li><li style=\"text-align: justify;\">Autenticaci\u00f3n del documento por parte del poderdante.<\/li><\/ul><\/li><\/ul>\t\t\t\t\t\t\t\t<\/div>\n\t\t\t\t<\/div>\n\t\t\t\t<\/div>\n\t\t\t\t\t<\/div>\n\t\t\t\t<\/div>\n\t\t\t\t<\/div>\n\t\t","protected":false},"excerpt":{"rendered":"<p>\u00bfQu\u00e9 es un poder? Es el acto mediante el cual una persona autoriza a otra para que la represente en la realizaci\u00f3n de un contrato o acto jur\u00eddico. En cada poder se debe especificar el prop\u00f3sito para el cual se otorga, es decir, debe contener la relaci\u00f3n precisa de las facultades que se dan y [&hellip;]<\/p>\n","protected":false},"author":1,"featured_media":0,"parent":0,"menu_order":80,"comment_status":"closed","ping_status":"closed","template":"","meta":{"inline_featured_image":false,"_joinchat":[],"footnotes":""},"class_list":["post-510","page","type-page","status-publish","hentry"],"publishpress_future_action":{"enabled":false,"date":"2026-04-19 22:28:44","action":"change-status","newStatus":"draft","terms":[],"taxonomy":"","extraData":[]},"publishpress_future_workflow_manual_trigger":{"enabledWorkflows":[]},"_links":{"self":[{"href":"https:\/\/notarialaplata.com\/web\/wp-json\/wp\/v2\/pages\/510","targetHints":{"allow":["GET"]}}],"collection":[{"href":"https:\/\/notarialaplata.com\/web\/wp-json\/wp\/v2\/pages"}],"about":[{"href":"https:\/\/notarialaplata.com\/web\/wp-json\/wp\/v2\/types\/page"}],"author":[{"embeddable":true,"href":"https:\/\/notarialaplata.com\/web\/wp-json\/wp\/v2\/users\/1"}],"replies":[{"embeddable":true,"href":"https:\/\/notarialaplata.com\/web\/wp-json\/wp\/v2\/comments?post=510"}],"version-history":[{"count":6,"href":"https:\/\/notarialaplata.com\/web\/wp-json\/wp\/v2\/pages\/510\/revisions"}],"predecessor-version":[{"id":838,"href":"https:\/\/notarialaplata.com\/web\/wp-json\/wp\/v2\/pages\/510\/revisions\/838"}],"wp:attachment":[{"href":"https:\/\/notarialaplata.com\/web\/wp-json\/wp\/v2\/media?parent=510"}],"curies":[{"name":"wp","href":"https:\/\/api.w.org\/{rel}","templated":true}]}}