{"id":506,"date":"2023-01-24T22:31:21","date_gmt":"2023-01-24T22:31:21","guid":{"rendered":"https:\/\/notarialaplata.com\/web\/matrimonio-civil\/"},"modified":"2023-01-31T00:59:03","modified_gmt":"2023-01-31T00:59:03","slug":"matrimonio-civil","status":"publish","type":"page","link":"https:\/\/notarialaplata.com\/web\/matrimonio-civil\/","title":{"rendered":"Matrimonio civil"},"content":{"rendered":"<style>.elementor-506 .elementor-element.elementor-element-4ea555df{--display:flex;--flex-direction:row;--container-widget-width:initial;--container-widget-height:100%;--container-widget-flex-grow:1;--container-widget-align-self:stretch;--flex-wrap-mobile:wrap;--gap:0px 0px;--row-gap:0px;--column-gap:0px;}.elementor-506 .elementor-element.elementor-element-78282b0d{--display:flex;--flex-direction:column;--container-widget-width:100%;--container-widget-height:initial;--container-widget-flex-grow:0;--container-widget-align-self:initial;--flex-wrap-mobile:wrap;}.elementor-506 .elementor-element.elementor-element-78282b0d.e-con{--flex-grow:0;--flex-shrink:0;}.elementor-506 .elementor-element.elementor-element-c96baa5 .elementor-heading-title{font-size:30px;color:#FFFFFF;}.elementor-506 .elementor-element.elementor-element-c96baa5 > .elementor-widget-container{padding:10px 10px 10px 10px;background-color:var( --e-global-color-e024615 );border-radius:10px 10px 10px 10px;}.elementor-506 .elementor-element.elementor-element-74047286 .elementor-heading-title{font-size:25px;text-transform:none;}.elementor-506 .elementor-element.elementor-element-24351270 .elementor-heading-title{font-size:25px;}.elementor-506 .elementor-element.elementor-element-53841210 .elementor-tab-title{background-color:#F9F9F9;}.elementor-506 .elementor-element.elementor-element-53841210 .elementor-toggle-title, .elementor-506 .elementor-element.elementor-element-53841210 .elementor-toggle-icon{color:var( --e-global-color-e024615 );}.elementor-506 .elementor-element.elementor-element-53841210 .elementor-toggle-icon svg{fill:var( --e-global-color-e024615 );}.elementor-506 .elementor-element.elementor-element-53841210 .elementor-toggle-title{text-decoration:none;}.elementor-506 .elementor-element.elementor-element-2d915fac{--display:flex;--flex-direction:column;--container-widget-width:100%;--container-widget-height:initial;--container-widget-flex-grow:0;--container-widget-align-self:initial;--flex-wrap-mobile:wrap;}.elementor-506 .elementor-element.elementor-element-200da0de img{border-radius:10px 10px 10px 10px;}.elementor-506 .elementor-element.elementor-element-358c16fe .elementor-heading-title{font-size:25px;}:root{--page-title-display:none;}@media(min-width:768px){.elementor-506 .elementor-element.elementor-element-78282b0d{--width:58.9%;}.elementor-506 .elementor-element.elementor-element-2d915fac{--width:50%;}}<\/style>\t\t<div data-elementor-type=\"wp-page\" data-elementor-id=\"506\" class=\"elementor elementor-506\" data-elementor-post-type=\"page\">\n\t\t\t\t<div class=\"elementor-element elementor-element-4ea555df e-flex e-con-boxed e-con e-parent\" data-id=\"4ea555df\" data-element_type=\"container\" data-e-type=\"container\">\n\t\t\t\t\t<div class=\"e-con-inner\">\n\t\t<div class=\"elementor-element elementor-element-78282b0d e-con-full e-flex e-con e-parent\" data-id=\"78282b0d\" data-element_type=\"container\" data-e-type=\"container\">\n\t\t\t\t<div class=\"elementor-element elementor-element-c96baa5 elementor-widget elementor-widget-heading\" data-id=\"c96baa5\" data-element_type=\"widget\" data-e-type=\"widget\" data-widget_type=\"heading.default\">\n\t\t\t\t<div class=\"elementor-widget-container\">\n\t\t\t\t\t<h2 class=\"elementor-heading-title elementor-size-default\">Matrimonio civil<\/h2>\t\t\t\t<\/div>\n\t\t\t\t<\/div>\n\t\t\t\t<div class=\"elementor-element elementor-element-74047286 elementor-widget elementor-widget-heading\" data-id=\"74047286\" data-element_type=\"widget\" data-e-type=\"widget\" data-widget_type=\"heading.default\">\n\t\t\t\t<div class=\"elementor-widget-container\">\n\t\t\t\t\t<h2 class=\"elementor-heading-title elementor-size-default\">\u00bfQu\u00e9 es el matrimonio civil?<\/h2>\t\t\t\t<\/div>\n\t\t\t\t<\/div>\n\t\t\t\t<div class=\"elementor-element elementor-element-6bff8397 elementor-widget elementor-widget-text-editor\" data-id=\"6bff8397\" data-element_type=\"widget\" data-e-type=\"widget\" data-widget_type=\"text-editor.default\">\n\t\t\t\t<div class=\"elementor-widget-container\">\n\t\t\t\t\t\t\t\t\t<div id=\"servques\" class=\"et_pb_module et_pb_text et_pb_text_1 sinser-ques  et_pb_text_align_left et_pb_bg_layout_light\"><div class=\"et_pb_text_inner\"><p style=\"text-align: justify;\">Es un contrato solemne celebrado ante juez o notario, por el cual se unen legalmente dos personas.<\/p><\/div><\/div>\t\t\t\t\t\t\t\t<\/div>\n\t\t\t\t<\/div>\n\t\t\t\t<div class=\"elementor-element elementor-element-24351270 elementor-widget elementor-widget-heading\" data-id=\"24351270\" data-element_type=\"widget\" data-e-type=\"widget\" data-widget_type=\"heading.default\">\n\t\t\t\t<div class=\"elementor-widget-container\">\n\t\t\t\t\t<h2 class=\"elementor-heading-title elementor-size-default\">Preguntas frecuentes<\/h2>\t\t\t\t<\/div>\n\t\t\t\t<\/div>\n\t\t\t\t<div class=\"elementor-element elementor-element-53841210 elementor-widget elementor-widget-toggle\" data-id=\"53841210\" data-element_type=\"widget\" data-e-type=\"widget\" data-widget_type=\"toggle.default\">\n\t\t\t\t<div class=\"elementor-widget-container\">\n\t\t\t\t\t\t\t<div class=\"elementor-toggle\">\n\t\t\t\t\t\t\t<div class=\"elementor-toggle-item\">\n\t\t\t\t\t<div id=\"elementor-tab-title-1401\" class=\"elementor-tab-title\" data-tab=\"1\" role=\"button\" aria-controls=\"elementor-tab-content-1401\" aria-expanded=\"false\">\n\t\t\t\t\t\t\t\t\t\t\t\t<span class=\"elementor-toggle-icon elementor-toggle-icon-left\" aria-hidden=\"true\">\n\t\t\t\t\t\t\t\t\t\t\t\t\t\t\t<span class=\"elementor-toggle-icon-closed\"><i class=\"fas fa-caret-right\"><\/i><\/span>\n\t\t\t\t\t\t\t\t<span class=\"elementor-toggle-icon-opened\"><i class=\"elementor-toggle-icon-opened fas fa-caret-up\"><\/i><\/span>\n\t\t\t\t\t\t\t\t\t\t\t\t\t<\/span>\n\t\t\t\t\t\t\t\t\t\t\t\t<a class=\"elementor-toggle-title\" tabindex=\"0\">\u00bfSoy una persona divorciada o viuda, qu\u00e9 requisitos debo presentar?<\/a>\n\t\t\t\t\t<\/div>\n\n\t\t\t\t\t<div id=\"elementor-tab-content-1401\" class=\"elementor-tab-content elementor-clearfix\" data-tab=\"1\" role=\"region\" aria-labelledby=\"elementor-tab-title-1401\"><p style=\"text-align: justify;\">Las personas divorciadas o viudas, adem\u00e1s deben presentar los siguientes requisitos para celebrar el matrimonio civil en la Notar\u00eda \u00fanica la PLata Huila:<\/p><ul style=\"text-align: justify;\"><li>Copia de la Sentencia o del libro de varios donde se encuentra registrado el Divorcio o la Cesaci\u00f3n de los Efectos Civiles de Matrimonio Religioso.<\/li><li>Registro Civil de defunci\u00f3n del c\u00f3nyuge fallecido, de ser el caso.<\/li><\/ul><p style=\"text-align: justify;\">Para las \u201cSegundas Nupcias\u201d no es necesario haber liquidado una sociedad conyugal anterior.<\/p><\/div>\n\t\t\t\t<\/div>\n\t\t\t\t\t\t\t<div class=\"elementor-toggle-item\">\n\t\t\t\t\t<div id=\"elementor-tab-title-1402\" class=\"elementor-tab-title\" data-tab=\"2\" role=\"button\" aria-controls=\"elementor-tab-content-1402\" aria-expanded=\"false\">\n\t\t\t\t\t\t\t\t\t\t\t\t<span class=\"elementor-toggle-icon elementor-toggle-icon-left\" aria-hidden=\"true\">\n\t\t\t\t\t\t\t\t\t\t\t\t\t\t\t<span class=\"elementor-toggle-icon-closed\"><i class=\"fas fa-caret-right\"><\/i><\/span>\n\t\t\t\t\t\t\t\t<span class=\"elementor-toggle-icon-opened\"><i class=\"elementor-toggle-icon-opened fas fa-caret-up\"><\/i><\/span>\n\t\t\t\t\t\t\t\t\t\t\t\t\t<\/span>\n\t\t\t\t\t\t\t\t\t\t\t\t<a class=\"elementor-toggle-title\" tabindex=\"0\">\u00bfY si me cas\u00e9 en el extranjero?<\/a>\n\t\t\t\t\t<\/div>\n\n\t\t\t\t\t<div id=\"elementor-tab-content-1402\" class=\"elementor-tab-content elementor-clearfix\" data-tab=\"2\" role=\"region\" aria-labelledby=\"elementor-tab-title-1402\"><p style=\"text-align: justify;\">Los matrimonios celebrados en el extranjero entre dos colombianos por nacimiento o un colombiano por nacimiento y un extranjero, tambi\u00e9n han de registrarse ante la ley colombiana, presentando el certificado de matrimonio apostillado y traducido oficialmente al espa\u00f1ol por un traductor certificado, de ser el caso.<\/p><\/div>\n\t\t\t\t<\/div>\n\t\t\t\t\t\t\t<div class=\"elementor-toggle-item\">\n\t\t\t\t\t<div id=\"elementor-tab-title-1403\" class=\"elementor-tab-title\" data-tab=\"3\" role=\"button\" aria-controls=\"elementor-tab-content-1403\" aria-expanded=\"false\">\n\t\t\t\t\t\t\t\t\t\t\t\t<span class=\"elementor-toggle-icon elementor-toggle-icon-left\" aria-hidden=\"true\">\n\t\t\t\t\t\t\t\t\t\t\t\t\t\t\t<span class=\"elementor-toggle-icon-closed\"><i class=\"fas fa-caret-right\"><\/i><\/span>\n\t\t\t\t\t\t\t\t<span class=\"elementor-toggle-icon-opened\"><i class=\"elementor-toggle-icon-opened fas fa-caret-up\"><\/i><\/span>\n\t\t\t\t\t\t\t\t\t\t\t\t\t<\/span>\n\t\t\t\t\t\t\t\t\t\t\t\t<a class=\"elementor-toggle-title\" tabindex=\"0\">Mi futuro esposo(a) es extranjero \u00bfQu\u00e9 debo hacer?<\/a>\n\t\t\t\t\t<\/div>\n\n\t\t\t\t\t<div id=\"elementor-tab-content-1403\" class=\"elementor-tab-content elementor-clearfix\" data-tab=\"3\" role=\"region\" aria-labelledby=\"elementor-tab-title-1403\"><p style=\"text-align: justify;\">Un ciudadano extranjero puede casarse en Colombia siempre y cuando re\u00fana los siguientes requisitos y estos no superen una vigencia de 3 meses:<\/p><ul style=\"text-align: justify;\"><li>Copia del pasaporte o de la c\u00e9dula de extranjer\u00eda.<\/li><li>Registro civil de nacimiento apostillado y traducido oficialmente al espa\u00f1ol.<\/li><li>Certificado de solter\u00eda o su equivalente apostillado y traducido oficialmente al espa\u00f1ol<\/li><li>Poder especial presentado personalmente ante el C\u00f3nsul de Colombia, o autenticado y , de ser el caso, traducido al espa\u00f1ol, en caso de que uno de los dos no puede asistir.<\/li><li>Solicitud escrita ante notario por ambos interesados o por intermedio de sus apoderados.<\/li><\/ul><p style=\"text-align: justify;\">Recuerde que si el ciudadano extranjero no habla espa\u00f1ol, ser\u00e1 necesaria la presencia de un traductor oficial qui\u00e9n tambi\u00e9n suscribir\u00e1 la Escritura P\u00fablica de Matrimonio.<\/p><\/div>\n\t\t\t\t<\/div>\n\t\t\t\t\t\t\t<div class=\"elementor-toggle-item\">\n\t\t\t\t\t<div id=\"elementor-tab-title-1404\" class=\"elementor-tab-title\" data-tab=\"4\" role=\"button\" aria-controls=\"elementor-tab-content-1404\" aria-expanded=\"false\">\n\t\t\t\t\t\t\t\t\t\t\t\t<span class=\"elementor-toggle-icon elementor-toggle-icon-left\" aria-hidden=\"true\">\n\t\t\t\t\t\t\t\t\t\t\t\t\t\t\t<span class=\"elementor-toggle-icon-closed\"><i class=\"fas fa-caret-right\"><\/i><\/span>\n\t\t\t\t\t\t\t\t<span class=\"elementor-toggle-icon-opened\"><i class=\"elementor-toggle-icon-opened fas fa-caret-up\"><\/i><\/span>\n\t\t\t\t\t\t\t\t\t\t\t\t\t<\/span>\n\t\t\t\t\t\t\t\t\t\t\t\t<a class=\"elementor-toggle-title\" tabindex=\"0\">\u00bfQu\u00e9 puedo hacer si uno de los futuros esposos no puede asistir a la notar\u00eda?<\/a>\n\t\t\t\t\t<\/div>\n\n\t\t\t\t\t<div id=\"elementor-tab-content-1404\" class=\"elementor-tab-content elementor-clearfix\" data-tab=\"4\" role=\"region\" aria-labelledby=\"elementor-tab-title-1404\"><p style=\"text-align: justify;\">Es indispensable que el otro c\u00f3nyuge presente un poder por escritura p\u00fablica, este manifestar\u00e1 el permiso para proceder con el contrato sin estar presente.<\/p><p style=\"text-align: justify;\">En caso de ser extranjero y residir fuera del pa\u00eds, el poder debe estar debidamente apostillado y traducido oficialmente al espa\u00f1ol.<\/p><\/div>\n\t\t\t\t<\/div>\n\t\t\t\t\t\t\t\t<\/div>\n\t\t\t\t\t\t<\/div>\n\t\t\t\t<\/div>\n\t\t\t\t<\/div>\n\t\t<div class=\"elementor-element elementor-element-2d915fac e-con-full e-flex e-con e-parent\" data-id=\"2d915fac\" data-element_type=\"container\" data-e-type=\"container\">\n\t\t\t\t<div class=\"elementor-element elementor-element-200da0de elementor-widget elementor-widget-image\" data-id=\"200da0de\" data-element_type=\"widget\" data-e-type=\"widget\" data-widget_type=\"image.default\">\n\t\t\t\t<div class=\"elementor-widget-container\">\n\t\t\t\t\t\t\t\t\t\t\t\t\t\t\t<img fetchpriority=\"high\" decoding=\"async\" width=\"800\" height=\"534\" src=\"https:\/\/notarialaplata.com\/web\/wp-content\/uploads\/2023\/01\/matrimoniocivil-1024x683.jpg\" class=\"attachment-large size-large wp-image-686\" alt=\"\" srcset=\"https:\/\/notarialaplata.com\/web\/wp-content\/uploads\/2023\/01\/matrimoniocivil-1024x683.jpg 1024w, https:\/\/notarialaplata.com\/web\/wp-content\/uploads\/2023\/01\/matrimoniocivil-300x200.jpg 300w, https:\/\/notarialaplata.com\/web\/wp-content\/uploads\/2023\/01\/matrimoniocivil-768x512.jpg 768w, https:\/\/notarialaplata.com\/web\/wp-content\/uploads\/2023\/01\/matrimoniocivil-1536x1024.jpg 1536w, https:\/\/notarialaplata.com\/web\/wp-content\/uploads\/2023\/01\/matrimoniocivil-2048x1365.jpg 2048w\" sizes=\"(max-width: 800px) 100vw, 800px\" \/>\t\t\t\t\t\t\t\t\t\t\t\t\t\t\t<\/div>\n\t\t\t\t<\/div>\n\t\t\t\t<div class=\"elementor-element elementor-element-358c16fe elementor-widget elementor-widget-heading\" data-id=\"358c16fe\" data-element_type=\"widget\" data-e-type=\"widget\" data-widget_type=\"heading.default\">\n\t\t\t\t<div class=\"elementor-widget-container\">\n\t\t\t\t\t<h2 class=\"elementor-heading-title elementor-size-default\">Requisitos<\/h2>\t\t\t\t<\/div>\n\t\t\t\t<\/div>\n\t\t\t\t<div class=\"elementor-element elementor-element-25f9fc49 elementor-widget elementor-widget-text-editor\" data-id=\"25f9fc49\" data-element_type=\"widget\" data-e-type=\"widget\" data-widget_type=\"text-editor.default\">\n\t\t\t\t<div class=\"elementor-widget-container\">\n\t\t\t\t\t\t\t\t\t<ul><li style=\"text-align: justify;\">Solicitud escrita ante notario por ambos interesados o por intermedio de sus apoderados.<\/li><li style=\"text-align: justify;\">Documentos de identificaci\u00f3n de los contrayentes y\/o apoderados.<\/li><li style=\"text-align: justify;\">Copias aut\u00e9nticas de los Registros Civiles de Nacimiento, que no tenga m\u00e1s de tres meses de expedidos.<\/li><li style=\"text-align: justify;\">Si tienen hijos comunes, presentar los Registros Civiles de Nacimiento (Debidamente reconocidos).<\/li><li style=\"text-align: justify;\">Poder especial en el caso de matrimonio por poder.<\/li><li style=\"text-align: justify;\">En caso de tener hijos menores no comunes debe presentarse inventario solemne de los bienes del menor.<\/li><li style=\"text-align: justify;\">En caso de que uno o ambos contrayentes se hayan divorciado o cesado los efectos civiles de matrimonio cat\u00f3lico, deber\u00e1 presentar copia del libro de varios del divorcio.<\/li><li style=\"text-align: justify;\">Si los contrayentes son menores,\u00a0 entre 14 y 18 a\u00f1os, \u00a0presentar el permiso escrito de sus padres o representantes. El notario no podr\u00e1 casar menores de 14 a\u00f1os.<\/li><li style=\"text-align: justify;\"><a href=\"https:\/\/notarialaplata.com\/web\/tramites-2\/servicios-en-linea\/descarga-de-formularios\/\" target=\"_blank\" rel=\"noopener\">Descarga de formularios seg\u00fan el inter\u00e9s<\/a><\/li><li style=\"text-align: justify;\">\u00a0<\/li><\/ul><hr \/><p><img decoding=\"async\" class=\"size-medium wp-image-1300 aligncenter\" src=\"https:\/\/notarialaplata.com\/web\/wp-content\/uploads\/2023\/01\/matriigual-300x200.jpg\" alt=\"\" width=\"300\" height=\"200\" \/><\/p>\t\t\t\t\t\t\t\t<\/div>\n\t\t\t\t<\/div>\n\t\t\t\t<\/div>\n\t\t\t\t\t<\/div>\n\t\t\t\t<\/div>\n\t\t\t\t<\/div>\n\t\t","protected":false},"excerpt":{"rendered":"<p>\u00bfQu\u00e9 es el matrimonio civil? Es un contrato solemne celebrado ante juez o notario, por el cual se unen legalmente dos personas. Preguntas frecuentes \u00bfSoy una persona divorciada o viuda, qu\u00e9 requisitos debo presentar? Las personas divorciadas o viudas, adem\u00e1s deben presentar los siguientes requisitos para celebrar el matrimonio civil en la Notar\u00eda \u00fanica la [&hellip;]<\/p>\n","protected":false},"author":1,"featured_media":0,"parent":0,"menu_order":60,"comment_status":"closed","ping_status":"closed","template":"","meta":{"inline_featured_image":false,"_joinchat":[],"footnotes":""},"class_list":["post-506","page","type-page","status-publish","hentry"],"publishpress_future_action":{"enabled":false,"date":"2026-04-16 09:36:21","action":"change-status","newStatus":"draft","terms":[],"taxonomy":"","extraData":[]},"publishpress_future_workflow_manual_trigger":{"enabledWorkflows":[]},"_links":{"self":[{"href":"https:\/\/notarialaplata.com\/web\/wp-json\/wp\/v2\/pages\/506","targetHints":{"allow":["GET"]}}],"collection":[{"href":"https:\/\/notarialaplata.com\/web\/wp-json\/wp\/v2\/pages"}],"about":[{"href":"https:\/\/notarialaplata.com\/web\/wp-json\/wp\/v2\/types\/page"}],"author":[{"embeddable":true,"href":"https:\/\/notarialaplata.com\/web\/wp-json\/wp\/v2\/users\/1"}],"replies":[{"embeddable":true,"href":"https:\/\/notarialaplata.com\/web\/wp-json\/wp\/v2\/comments?post=506"}],"version-history":[{"count":18,"href":"https:\/\/notarialaplata.com\/web\/wp-json\/wp\/v2\/pages\/506\/revisions"}],"predecessor-version":[{"id":1303,"href":"https:\/\/notarialaplata.com\/web\/wp-json\/wp\/v2\/pages\/506\/revisions\/1303"}],"wp:attachment":[{"href":"https:\/\/notarialaplata.com\/web\/wp-json\/wp\/v2\/media?parent=506"}],"curies":[{"name":"wp","href":"https:\/\/api.w.org\/{rel}","templated":true}]}}