{"id":504,"date":"2023-01-24T22:31:21","date_gmt":"2023-01-24T22:31:21","guid":{"rendered":"https:\/\/notarialaplata.com\/web\/hipoteca\/"},"modified":"2023-01-26T21:34:52","modified_gmt":"2023-01-26T21:34:52","slug":"hipoteca","status":"publish","type":"page","link":"https:\/\/notarialaplata.com\/web\/hipoteca\/","title":{"rendered":"Hipoteca"},"content":{"rendered":"<style>.elementor-504 .elementor-element.elementor-element-55b09fd7{--display:flex;--flex-direction:row;--container-widget-width:initial;--container-widget-height:100%;--container-widget-flex-grow:1;--container-widget-align-self:stretch;--flex-wrap-mobile:wrap;--gap:0px 0px;--row-gap:0px;--column-gap:0px;}.elementor-504 .elementor-element.elementor-element-1c882f96{--display:flex;--flex-direction:column;--container-widget-width:100%;--container-widget-height:initial;--container-widget-flex-grow:0;--container-widget-align-self:initial;--flex-wrap-mobile:wrap;}.elementor-504 .elementor-element.elementor-element-1c882f96.e-con{--flex-grow:0;--flex-shrink:0;}.elementor-504 .elementor-element.elementor-element-7b8dba55 .elementor-heading-title{font-size:30px;color:#FFFFFF;}.elementor-504 .elementor-element.elementor-element-7b8dba55 > .elementor-widget-container{padding:10px 10px 10px 10px;background-color:var( --e-global-color-e024615 );border-radius:10px 10px 10px 10px;}.elementor-504 .elementor-element.elementor-element-621ac1d .elementor-heading-title{font-size:25px;}.elementor-504 .elementor-element.elementor-element-68622826 .elementor-heading-title{font-size:25px;}.elementor-504 .elementor-element.elementor-element-4a39359f .elementor-tab-title{background-color:#F9F9F9;}.elementor-504 .elementor-element.elementor-element-4a39359f .elementor-toggle-title, .elementor-504 .elementor-element.elementor-element-4a39359f .elementor-toggle-icon{color:var( --e-global-color-e024615 );}.elementor-504 .elementor-element.elementor-element-4a39359f .elementor-toggle-icon svg{fill:var( --e-global-color-e024615 );}.elementor-504 .elementor-element.elementor-element-4a39359f .elementor-toggle-title{text-decoration:none;}.elementor-504 .elementor-element.elementor-element-6facdbf4{--display:flex;--flex-direction:column;--container-widget-width:100%;--container-widget-height:initial;--container-widget-flex-grow:0;--container-widget-align-self:initial;--flex-wrap-mobile:wrap;}.elementor-504 .elementor-element.elementor-element-66e43ea8 img{border-radius:10px 10px 10px 10px;}.elementor-504 .elementor-element.elementor-element-4b17168c .elementor-heading-title{font-size:25px;}:root{--page-title-display:none;}@media(min-width:768px){.elementor-504 .elementor-element.elementor-element-1c882f96{--width:58.9%;}.elementor-504 .elementor-element.elementor-element-6facdbf4{--width:50%;}}<\/style>\t\t<div data-elementor-type=\"wp-page\" data-elementor-id=\"504\" class=\"elementor elementor-504\" data-elementor-post-type=\"page\">\n\t\t\t\t<div class=\"elementor-element elementor-element-55b09fd7 e-flex e-con-boxed e-con e-parent\" data-id=\"55b09fd7\" data-element_type=\"container\" data-e-type=\"container\">\n\t\t\t\t\t<div class=\"e-con-inner\">\n\t\t<div class=\"elementor-element elementor-element-1c882f96 e-con-full e-flex e-con e-parent\" data-id=\"1c882f96\" data-element_type=\"container\" data-e-type=\"container\">\n\t\t\t\t<div class=\"elementor-element elementor-element-7b8dba55 elementor-widget elementor-widget-heading\" data-id=\"7b8dba55\" data-element_type=\"widget\" data-e-type=\"widget\" data-widget_type=\"heading.default\">\n\t\t\t\t<div class=\"elementor-widget-container\">\n\t\t\t\t\t<h2 class=\"elementor-heading-title elementor-size-default\">Hipoteca<\/h2>\t\t\t\t<\/div>\n\t\t\t\t<\/div>\n\t\t\t\t<div class=\"elementor-element elementor-element-621ac1d elementor-widget elementor-widget-heading\" data-id=\"621ac1d\" data-element_type=\"widget\" data-e-type=\"widget\" data-widget_type=\"heading.default\">\n\t\t\t\t<div class=\"elementor-widget-container\">\n\t\t\t\t\t<h2 class=\"elementor-heading-title elementor-size-default\">\u00bfQu\u00e9 es una hipoteca?<\/h2>\t\t\t\t<\/div>\n\t\t\t\t<\/div>\n\t\t\t\t<div class=\"elementor-element elementor-element-58d34bef elementor-widget elementor-widget-text-editor\" data-id=\"58d34bef\" data-element_type=\"widget\" data-e-type=\"widget\" data-widget_type=\"text-editor.default\">\n\t\t\t\t<div class=\"elementor-widget-container\">\n\t\t\t\t\t\t\t\t\t<p style=\"text-align: justify;\">Es una garant\u00eda real que se constituye sobre el bien inmueble de propiedad del deudor, para garantizar el pago de una obligaci\u00f3n derivada de un pr\u00e9stamo de dinero que este recibe del acreedor el cual puede ser una persona natural o jur\u00eddica como entidades financieras.. La hipoteca siempre consta por escritura p\u00fablica.<\/p>\t\t\t\t\t\t\t\t<\/div>\n\t\t\t\t<\/div>\n\t\t\t\t<div class=\"elementor-element elementor-element-68622826 elementor-widget elementor-widget-heading\" data-id=\"68622826\" data-element_type=\"widget\" data-e-type=\"widget\" data-widget_type=\"heading.default\">\n\t\t\t\t<div class=\"elementor-widget-container\">\n\t\t\t\t\t<h2 class=\"elementor-heading-title elementor-size-default\">Preguntas frecuentes<\/h2>\t\t\t\t<\/div>\n\t\t\t\t<\/div>\n\t\t\t\t<div class=\"elementor-element elementor-element-4a39359f elementor-widget elementor-widget-toggle\" data-id=\"4a39359f\" data-element_type=\"widget\" data-e-type=\"widget\" data-widget_type=\"toggle.default\">\n\t\t\t\t<div class=\"elementor-widget-container\">\n\t\t\t\t\t\t\t<div class=\"elementor-toggle\">\n\t\t\t\t\t\t\t<div class=\"elementor-toggle-item\">\n\t\t\t\t\t<div id=\"elementor-tab-title-1241\" class=\"elementor-tab-title\" data-tab=\"1\" role=\"button\" aria-controls=\"elementor-tab-content-1241\" aria-expanded=\"false\">\n\t\t\t\t\t\t\t\t\t\t\t\t<span class=\"elementor-toggle-icon elementor-toggle-icon-left\" aria-hidden=\"true\">\n\t\t\t\t\t\t\t\t\t\t\t\t\t\t\t<span class=\"elementor-toggle-icon-closed\"><i class=\"fas fa-caret-right\"><\/i><\/span>\n\t\t\t\t\t\t\t\t<span class=\"elementor-toggle-icon-opened\"><i class=\"elementor-toggle-icon-opened fas fa-caret-up\"><\/i><\/span>\n\t\t\t\t\t\t\t\t\t\t\t\t\t<\/span>\n\t\t\t\t\t\t\t\t\t\t\t\t<a class=\"elementor-toggle-title\" tabindex=\"0\">\u00bfQu\u00e9 es una hipoteca cerrada?<\/a>\n\t\t\t\t\t<\/div>\n\n\t\t\t\t\t<div id=\"elementor-tab-content-1241\" class=\"elementor-tab-content elementor-clearfix\" data-tab=\"1\" role=\"region\" aria-labelledby=\"elementor-tab-title-1241\"><div class=\"et_pb_toggle et_pb_module et_pb_accordion_item et_pb_accordion_item_0 et_pb_toggle_open\"><div class=\"et_pb_toggle_content clearfix\"><p style=\"text-align: justify;\">Una hipoteca cerrada es la modalidad hipotecaria en la que el pago de la deuda se determina de forma espec\u00edfica y sus condiciones no pueden cambiar.<\/p><\/div><\/div><\/div>\n\t\t\t\t<\/div>\n\t\t\t\t\t\t\t<div class=\"elementor-toggle-item\">\n\t\t\t\t\t<div id=\"elementor-tab-title-1242\" class=\"elementor-tab-title\" data-tab=\"2\" role=\"button\" aria-controls=\"elementor-tab-content-1242\" aria-expanded=\"false\">\n\t\t\t\t\t\t\t\t\t\t\t\t<span class=\"elementor-toggle-icon elementor-toggle-icon-left\" aria-hidden=\"true\">\n\t\t\t\t\t\t\t\t\t\t\t\t\t\t\t<span class=\"elementor-toggle-icon-closed\"><i class=\"fas fa-caret-right\"><\/i><\/span>\n\t\t\t\t\t\t\t\t<span class=\"elementor-toggle-icon-opened\"><i class=\"elementor-toggle-icon-opened fas fa-caret-up\"><\/i><\/span>\n\t\t\t\t\t\t\t\t\t\t\t\t\t<\/span>\n\t\t\t\t\t\t\t\t\t\t\t\t<a class=\"elementor-toggle-title\" tabindex=\"0\">\u00bfQu\u00e9 es una hipoteca abierta?<\/a>\n\t\t\t\t\t<\/div>\n\n\t\t\t\t\t<div id=\"elementor-tab-content-1242\" class=\"elementor-tab-content elementor-clearfix\" data-tab=\"2\" role=\"region\" aria-labelledby=\"elementor-tab-title-1242\"><p style=\"text-align: justify;\">Las hipotecas abiertas son las que buscan unas condiciones que les permitan, tanto al acreedor como al deudor la opci\u00f3n de cubrir varias deudas y de que el valor sea cambiante seg\u00fan se disponga por los involucrados.<\/p><\/div>\n\t\t\t\t<\/div>\n\t\t\t\t\t\t\t\t<\/div>\n\t\t\t\t\t\t<\/div>\n\t\t\t\t<\/div>\n\t\t\t\t<\/div>\n\t\t<div class=\"elementor-element elementor-element-6facdbf4 e-con-full e-flex e-con e-parent\" data-id=\"6facdbf4\" data-element_type=\"container\" data-e-type=\"container\">\n\t\t\t\t<div class=\"elementor-element elementor-element-66e43ea8 elementor-widget elementor-widget-image\" data-id=\"66e43ea8\" data-element_type=\"widget\" data-e-type=\"widget\" data-widget_type=\"image.default\">\n\t\t\t\t<div class=\"elementor-widget-container\">\n\t\t\t\t\t\t\t\t\t\t\t\t\t\t\t<img fetchpriority=\"high\" decoding=\"async\" width=\"800\" height=\"627\" src=\"https:\/\/notarialaplata.com\/web\/wp-content\/uploads\/2023\/01\/calculator-and-balance-sheet-suitable-to-be-used-o-2021-09-26-13-48-48-utc-1024x802.jpg\" class=\"attachment-large size-large wp-image-228\" alt=\"\" srcset=\"https:\/\/notarialaplata.com\/web\/wp-content\/uploads\/2023\/01\/calculator-and-balance-sheet-suitable-to-be-used-o-2021-09-26-13-48-48-utc-1024x802.jpg 1024w, https:\/\/notarialaplata.com\/web\/wp-content\/uploads\/2023\/01\/calculator-and-balance-sheet-suitable-to-be-used-o-2021-09-26-13-48-48-utc-300x235.jpg 300w, https:\/\/notarialaplata.com\/web\/wp-content\/uploads\/2023\/01\/calculator-and-balance-sheet-suitable-to-be-used-o-2021-09-26-13-48-48-utc-768x601.jpg 768w, https:\/\/notarialaplata.com\/web\/wp-content\/uploads\/2023\/01\/calculator-and-balance-sheet-suitable-to-be-used-o-2021-09-26-13-48-48-utc-1536x1202.jpg 1536w, https:\/\/notarialaplata.com\/web\/wp-content\/uploads\/2023\/01\/calculator-and-balance-sheet-suitable-to-be-used-o-2021-09-26-13-48-48-utc.jpg 1920w\" sizes=\"(max-width: 800px) 100vw, 800px\" \/>\t\t\t\t\t\t\t\t\t\t\t\t\t\t\t<\/div>\n\t\t\t\t<\/div>\n\t\t\t\t<div class=\"elementor-element elementor-element-4b17168c elementor-widget elementor-widget-heading\" data-id=\"4b17168c\" data-element_type=\"widget\" data-e-type=\"widget\" data-widget_type=\"heading.default\">\n\t\t\t\t<div class=\"elementor-widget-container\">\n\t\t\t\t\t<h2 class=\"elementor-heading-title elementor-size-default\">Requisitos<\/h2>\t\t\t\t<\/div>\n\t\t\t\t<\/div>\n\t\t\t\t<div class=\"elementor-element elementor-element-27f86ed1 elementor-widget elementor-widget-text-editor\" data-id=\"27f86ed1\" data-element_type=\"widget\" data-e-type=\"widget\" data-widget_type=\"text-editor.default\">\n\t\t\t\t<div class=\"elementor-widget-container\">\n\t\t\t\t\t\t\t\t\t<ul><li style=\"text-align: justify;\">Documentos de identificaci\u00f3n de los interesados. Si alguno es persona jur\u00eddica, debe presentarse el documento que acredite su existencia y representaci\u00f3n.<\/li><li style=\"text-align: justify;\">Copia de la escritura p\u00fablica y certificado de libertad que demuestran que quien hipoteca es el propietario del bien.<\/li><li style=\"text-align: justify;\">Carta de aprobaci\u00f3n del cr\u00e9dito, si el acreedor es una entidad financiera.<\/li><li style=\"text-align: justify;\">Certificado de paz y salvos de predial y Valorizaci\u00f3n del inmueble, si aplica en el municipio.<\/li><li style=\"text-align: justify;\">Puede constituirse a trav\u00e9s de poder (Consulte al notario).<\/li><li style=\"text-align: justify;\">\u00a0<\/li><\/ul>\t\t\t\t\t\t\t\t<\/div>\n\t\t\t\t<\/div>\n\t\t\t\t<\/div>\n\t\t\t\t\t<\/div>\n\t\t\t\t<\/div>\n\t\t\t\t<\/div>\n\t\t","protected":false},"excerpt":{"rendered":"<p>\u00bfQu\u00e9 es una hipoteca? Es una garant\u00eda real que se constituye sobre el bien inmueble de propiedad del deudor, para garantizar el pago de una obligaci\u00f3n derivada de un pr\u00e9stamo de dinero que este recibe del acreedor el cual puede ser una persona natural o jur\u00eddica como entidades financieras.. La hipoteca siempre consta por escritura [&hellip;]<\/p>\n","protected":false},"author":1,"featured_media":0,"parent":0,"menu_order":50,"comment_status":"closed","ping_status":"closed","template":"","meta":{"inline_featured_image":false,"_joinchat":[],"footnotes":""},"class_list":["post-504","page","type-page","status-publish","hentry"],"publishpress_future_action":{"enabled":false,"date":"2026-04-19 22:34:37","action":"change-status","newStatus":"draft","terms":[],"taxonomy":"","extraData":[]},"publishpress_future_workflow_manual_trigger":{"enabledWorkflows":[]},"_links":{"self":[{"href":"https:\/\/notarialaplata.com\/web\/wp-json\/wp\/v2\/pages\/504","targetHints":{"allow":["GET"]}}],"collection":[{"href":"https:\/\/notarialaplata.com\/web\/wp-json\/wp\/v2\/pages"}],"about":[{"href":"https:\/\/notarialaplata.com\/web\/wp-json\/wp\/v2\/types\/page"}],"author":[{"embeddable":true,"href":"https:\/\/notarialaplata.com\/web\/wp-json\/wp\/v2\/users\/1"}],"replies":[{"embeddable":true,"href":"https:\/\/notarialaplata.com\/web\/wp-json\/wp\/v2\/comments?post=504"}],"version-history":[{"count":12,"href":"https:\/\/notarialaplata.com\/web\/wp-json\/wp\/v2\/pages\/504\/revisions"}],"predecessor-version":[{"id":679,"href":"https:\/\/notarialaplata.com\/web\/wp-json\/wp\/v2\/pages\/504\/revisions\/679"}],"wp:attachment":[{"href":"https:\/\/notarialaplata.com\/web\/wp-json\/wp\/v2\/media?parent=504"}],"curies":[{"name":"wp","href":"https:\/\/api.w.org\/{rel}","templated":true}]}}