{"id":502,"date":"2023-01-24T22:31:21","date_gmt":"2023-01-24T22:31:21","guid":{"rendered":"https:\/\/notarialaplata.com\/web\/fideicomiso\/"},"modified":"2023-01-28T22:26:58","modified_gmt":"2023-01-28T22:26:58","slug":"fideicomiso","status":"publish","type":"page","link":"https:\/\/notarialaplata.com\/web\/fideicomiso\/","title":{"rendered":"Fideicomiso"},"content":{"rendered":"<style>.elementor-502 .elementor-element.elementor-element-360395d8{--display:flex;--flex-direction:row;--container-widget-width:initial;--container-widget-height:100%;--container-widget-flex-grow:1;--container-widget-align-self:stretch;--flex-wrap-mobile:wrap;--gap:0px 0px;--row-gap:0px;--column-gap:0px;}.elementor-502 .elementor-element.elementor-element-7f2cb09f{--display:flex;--flex-direction:column;--container-widget-width:100%;--container-widget-height:initial;--container-widget-flex-grow:0;--container-widget-align-self:initial;--flex-wrap-mobile:wrap;}.elementor-502 .elementor-element.elementor-element-7f2cb09f.e-con{--flex-grow:0;--flex-shrink:0;}.elementor-502 .elementor-element.elementor-element-51a0c1ac .elementor-heading-title{font-size:30px;color:#FFFFFF;}.elementor-502 .elementor-element.elementor-element-51a0c1ac > .elementor-widget-container{padding:10px 10px 10px 10px;background-color:var( --e-global-color-e024615 );border-radius:10px 10px 10px 10px;}.elementor-502 .elementor-element.elementor-element-36d56e5d .elementor-heading-title{font-size:25px;text-transform:none;}.elementor-502 .elementor-element.elementor-element-7c634439 .elementor-heading-title{font-size:25px;}.elementor-502 .elementor-element.elementor-element-36652018 .elementor-tab-title{background-color:#F9F9F9;}.elementor-502 .elementor-element.elementor-element-36652018 .elementor-toggle-title, .elementor-502 .elementor-element.elementor-element-36652018 .elementor-toggle-icon{color:var( --e-global-color-e024615 );}.elementor-502 .elementor-element.elementor-element-36652018 .elementor-toggle-icon svg{fill:var( --e-global-color-e024615 );}.elementor-502 .elementor-element.elementor-element-36652018 .elementor-toggle-title{text-decoration:none;}.elementor-502 .elementor-element.elementor-element-559ffbee{--display:flex;--flex-direction:column;--container-widget-width:100%;--container-widget-height:initial;--container-widget-flex-grow:0;--container-widget-align-self:initial;--flex-wrap-mobile:wrap;}.elementor-502 .elementor-element.elementor-element-54e90e06 img{border-radius:10px 10px 10px 10px;}.elementor-502 .elementor-element.elementor-element-788be558 .elementor-heading-title{font-size:25px;}:root{--page-title-display:none;}@media(min-width:768px){.elementor-502 .elementor-element.elementor-element-7f2cb09f{--width:58.9%;}.elementor-502 .elementor-element.elementor-element-559ffbee{--width:50%;}}<\/style>\t\t<div data-elementor-type=\"wp-page\" data-elementor-id=\"502\" class=\"elementor elementor-502\" data-elementor-post-type=\"page\">\n\t\t\t\t<div class=\"elementor-element elementor-element-360395d8 e-flex e-con-boxed e-con e-parent\" data-id=\"360395d8\" data-element_type=\"container\" data-e-type=\"container\">\n\t\t\t\t\t<div class=\"e-con-inner\">\n\t\t<div class=\"elementor-element elementor-element-7f2cb09f e-con-full e-flex e-con e-parent\" data-id=\"7f2cb09f\" data-element_type=\"container\" data-e-type=\"container\">\n\t\t\t\t<div class=\"elementor-element elementor-element-51a0c1ac elementor-widget elementor-widget-heading\" data-id=\"51a0c1ac\" data-element_type=\"widget\" data-e-type=\"widget\" data-widget_type=\"heading.default\">\n\t\t\t\t<div class=\"elementor-widget-container\">\n\t\t\t\t\t<h2 class=\"elementor-heading-title elementor-size-default\">Fideicomiso<\/h2>\t\t\t\t<\/div>\n\t\t\t\t<\/div>\n\t\t\t\t<div class=\"elementor-element elementor-element-36d56e5d elementor-widget elementor-widget-heading\" data-id=\"36d56e5d\" data-element_type=\"widget\" data-e-type=\"widget\" data-widget_type=\"heading.default\">\n\t\t\t\t<div class=\"elementor-widget-container\">\n\t\t\t\t\t<h2 class=\"elementor-heading-title elementor-size-default\">\u00bfQu\u00e9 es un Fidecomiso?<\/h2>\t\t\t\t<\/div>\n\t\t\t\t<\/div>\n\t\t\t\t<div class=\"elementor-element elementor-element-513febb0 elementor-widget elementor-widget-text-editor\" data-id=\"513febb0\" data-element_type=\"widget\" data-e-type=\"widget\" data-widget_type=\"text-editor.default\">\n\t\t\t\t<div class=\"elementor-widget-container\">\n\t\t\t\t\t\t\t\t\t<div id=\"servques\" class=\"et_pb_module et_pb_text et_pb_text_1 sinser-ques  et_pb_text_align_left et_pb_bg_layout_light\"><div class=\"et_pb_text_inner\"><p style=\"text-align: justify;\">Es un contrato a trav\u00e9s del cual una persona, llamada fiduciante, transfiere bienes propios a otra persona, llamada fiduciario,\u00a0\u00a0para que esta los administre en beneficio propio o bien de una tercera persona llamada beneficiario o fideicomisario, a quien se le restituyen al vencimiento de un plazo o al cumplimiento de una condici\u00f3n \u00a0pactada en la escritura p\u00fablica.<\/p><\/div><\/div>\t\t\t\t\t\t\t\t<\/div>\n\t\t\t\t<\/div>\n\t\t\t\t<div class=\"elementor-element elementor-element-7c634439 elementor-widget elementor-widget-heading\" data-id=\"7c634439\" data-element_type=\"widget\" data-e-type=\"widget\" data-widget_type=\"heading.default\">\n\t\t\t\t<div class=\"elementor-widget-container\">\n\t\t\t\t\t<h2 class=\"elementor-heading-title elementor-size-default\">Preguntas frecuentes<\/h2>\t\t\t\t<\/div>\n\t\t\t\t<\/div>\n\t\t\t\t<div class=\"elementor-element elementor-element-36652018 elementor-widget elementor-widget-toggle\" data-id=\"36652018\" data-element_type=\"widget\" data-e-type=\"widget\" data-widget_type=\"toggle.default\">\n\t\t\t\t<div class=\"elementor-widget-container\">\n\t\t\t\t\t\t\t<div class=\"elementor-toggle\">\n\t\t\t\t\t\t\t<div class=\"elementor-toggle-item\">\n\t\t\t\t\t<div id=\"elementor-tab-title-9121\" class=\"elementor-tab-title\" data-tab=\"1\" role=\"button\" aria-controls=\"elementor-tab-content-9121\" aria-expanded=\"false\">\n\t\t\t\t\t\t\t\t\t\t\t\t<span class=\"elementor-toggle-icon elementor-toggle-icon-left\" aria-hidden=\"true\">\n\t\t\t\t\t\t\t\t\t\t\t\t\t\t\t<span class=\"elementor-toggle-icon-closed\"><i class=\"fas fa-caret-right\"><\/i><\/span>\n\t\t\t\t\t\t\t\t<span class=\"elementor-toggle-icon-opened\"><i class=\"elementor-toggle-icon-opened fas fa-caret-up\"><\/i><\/span>\n\t\t\t\t\t\t\t\t\t\t\t\t\t<\/span>\n\t\t\t\t\t\t\t\t\t\t\t\t<a class=\"elementor-toggle-title\" tabindex=\"0\">\u00bfQu\u00e9 documentos necesito si mi bien es un automotor?<\/a>\n\t\t\t\t\t<\/div>\n\n\t\t\t\t\t<div id=\"elementor-tab-content-9121\" class=\"elementor-tab-content elementor-clearfix\" data-tab=\"1\" role=\"region\" aria-labelledby=\"elementor-tab-title-9121\"><p>Si el bien a fideicomitir &nbsp;es automotor&nbsp; debe &nbsp;presentarse ante la Notar\u00eda \u00danica la Plata Huila&nbsp; la tarjeta de propiedad del veh\u00edculo.<\/p><\/div>\n\t\t\t\t<\/div>\n\t\t\t\t\t\t\t<div class=\"elementor-toggle-item\">\n\t\t\t\t\t<div id=\"elementor-tab-title-9122\" class=\"elementor-tab-title\" data-tab=\"2\" role=\"button\" aria-controls=\"elementor-tab-content-9122\" aria-expanded=\"false\">\n\t\t\t\t\t\t\t\t\t\t\t\t<span class=\"elementor-toggle-icon elementor-toggle-icon-left\" aria-hidden=\"true\">\n\t\t\t\t\t\t\t\t\t\t\t\t\t\t\t<span class=\"elementor-toggle-icon-closed\"><i class=\"fas fa-caret-right\"><\/i><\/span>\n\t\t\t\t\t\t\t\t<span class=\"elementor-toggle-icon-opened\"><i class=\"elementor-toggle-icon-opened fas fa-caret-up\"><\/i><\/span>\n\t\t\t\t\t\t\t\t\t\t\t\t\t<\/span>\n\t\t\t\t\t\t\t\t\t\t\t\t<a class=\"elementor-toggle-title\" tabindex=\"0\">\u00bfCu\u00e1les son las caracter\u00edsticas m\u00e1s importantes de un fideicomiso?<\/a>\n\t\t\t\t\t<\/div>\n\n\t\t\t\t\t<div id=\"elementor-tab-content-9122\" class=\"elementor-tab-content elementor-clearfix\" data-tab=\"2\" role=\"region\" aria-labelledby=\"elementor-tab-title-9122\"><div id=\"main-content\"><article id=\"post-463\" class=\"post-463 page type-page status-publish has-post-thumbnail hentry\"><div class=\"entry-content\"><div class=\"et-l et-l--post\"><div class=\"et_builder_inner_content et_pb_gutters3\"><div class=\"et_pb_section et_pb_section_0 singserv-sect et_section_regular\"><div class=\"et_pb_row et_pb_row_1 et-last-child\"><div class=\"et_pb_column et_pb_column_4_4 et_pb_column_1  et_pb_css_mix_blend_mode_passthrough et-last-child\"><div class=\"et_pb_module et_pb_accordion et_pb_accordion_0 sinser-faq-wrapper sinser-faqs\"><div class=\"et_pb_toggle et_pb_module et_pb_accordion_item et_pb_accordion_item_1 et_pb_toggle_open\"><div class=\"et_pb_toggle_content clearfix\"><p style=\"text-align: justify;\">Este proceso es revocable, puede modificarse y cambiar de beneficiario, se hace efectivo cuando se cumpla la condici\u00f3n o el t\u00e9rmino establecido. Los beneficiarios no deben comparecer ante el notario o firmar la escritura.<\/p><\/div><\/div><\/div><\/div><\/div><\/div><\/div><\/div><\/div><\/article><\/div><footer id=\"main-footer\"><div id=\"nachste-footer\" class=\"et_pb_section et_pb_section_2 et_section_regular\"><div class=\"et_pb_row et_pb_row_2 ftr-sponsors-row\"><div class=\"et_pb_column et_pb_column_4_4 et_pb_column_2  et_pb_css_mix_blend_mode_passthrough et-last-child\" style=\"text-align: justify;\">\u00a0<\/div><\/div><\/div><\/footer><\/div>\n\t\t\t\t<\/div>\n\t\t\t\t\t\t\t\t<\/div>\n\t\t\t\t\t\t<\/div>\n\t\t\t\t<\/div>\n\t\t\t\t<\/div>\n\t\t<div class=\"elementor-element elementor-element-559ffbee e-con-full e-flex e-con e-parent\" data-id=\"559ffbee\" data-element_type=\"container\" data-e-type=\"container\">\n\t\t\t\t<div class=\"elementor-element elementor-element-54e90e06 elementor-widget elementor-widget-image\" data-id=\"54e90e06\" data-element_type=\"widget\" data-e-type=\"widget\" data-widget_type=\"image.default\">\n\t\t\t\t<div class=\"elementor-widget-container\">\n\t\t\t\t\t\t\t\t\t\t\t\t\t\t\t<img fetchpriority=\"high\" decoding=\"async\" width=\"800\" height=\"534\" src=\"https:\/\/notarialaplata.com\/web\/wp-content\/uploads\/2023\/01\/fideo.jpg\" class=\"attachment-large size-large wp-image-821\" alt=\"\" srcset=\"https:\/\/notarialaplata.com\/web\/wp-content\/uploads\/2023\/01\/fideo.jpg 1000w, https:\/\/notarialaplata.com\/web\/wp-content\/uploads\/2023\/01\/fideo-300x200.jpg 300w, https:\/\/notarialaplata.com\/web\/wp-content\/uploads\/2023\/01\/fideo-768x512.jpg 768w\" sizes=\"(max-width: 800px) 100vw, 800px\" \/>\t\t\t\t\t\t\t\t\t\t\t\t\t\t\t<\/div>\n\t\t\t\t<\/div>\n\t\t\t\t<div class=\"elementor-element elementor-element-788be558 elementor-widget elementor-widget-heading\" data-id=\"788be558\" data-element_type=\"widget\" data-e-type=\"widget\" data-widget_type=\"heading.default\">\n\t\t\t\t<div class=\"elementor-widget-container\">\n\t\t\t\t\t<h2 class=\"elementor-heading-title elementor-size-default\">Requisitos<\/h2>\t\t\t\t<\/div>\n\t\t\t\t<\/div>\n\t\t\t\t<div class=\"elementor-element elementor-element-2776d803 elementor-widget elementor-widget-text-editor\" data-id=\"2776d803\" data-element_type=\"widget\" data-e-type=\"widget\" data-widget_type=\"text-editor.default\">\n\t\t\t\t<div class=\"elementor-widget-container\">\n\t\t\t\t\t\t\t\t\t<ul><li style=\"text-align: justify;\">C\u00e9dula de ciudadan\u00eda.<\/li><li style=\"text-align: justify;\">Paz y salvos de valorizaci\u00f3n y\u00a0 predial.<\/li><li style=\"text-align: justify;\">Escritura con la que se adquiri\u00f3\u00a0 la propiedad.<\/li><li style=\"text-align: justify;\">Certificado de libertad y tradici\u00f3n.<\/li><\/ul>\t\t\t\t\t\t\t\t<\/div>\n\t\t\t\t<\/div>\n\t\t\t\t<\/div>\n\t\t\t\t\t<\/div>\n\t\t\t\t<\/div>\n\t\t\t\t<\/div>\n\t\t","protected":false},"excerpt":{"rendered":"<p>\u00bfQu\u00e9 es un Fidecomiso? Es un contrato a trav\u00e9s del cual una persona, llamada fiduciante, transfiere bienes propios a otra persona, llamada fiduciario,\u00a0\u00a0para que esta los administre en beneficio propio o bien de una tercera persona llamada beneficiario o fideicomisario, a quien se le restituyen al vencimiento de un plazo o al cumplimiento de una [&hellip;]<\/p>\n","protected":false},"author":1,"featured_media":0,"parent":0,"menu_order":40,"comment_status":"closed","ping_status":"closed","template":"","meta":{"inline_featured_image":false,"_joinchat":[],"footnotes":""},"class_list":["post-502","page","type-page","status-publish","hentry"],"publishpress_future_action":{"enabled":false,"date":"2026-04-19 22:35:51","action":"change-status","newStatus":"draft","terms":[],"taxonomy":"","extraData":[]},"publishpress_future_workflow_manual_trigger":{"enabledWorkflows":[]},"_links":{"self":[{"href":"https:\/\/notarialaplata.com\/web\/wp-json\/wp\/v2\/pages\/502","targetHints":{"allow":["GET"]}}],"collection":[{"href":"https:\/\/notarialaplata.com\/web\/wp-json\/wp\/v2\/pages"}],"about":[{"href":"https:\/\/notarialaplata.com\/web\/wp-json\/wp\/v2\/types\/page"}],"author":[{"embeddable":true,"href":"https:\/\/notarialaplata.com\/web\/wp-json\/wp\/v2\/users\/1"}],"replies":[{"embeddable":true,"href":"https:\/\/notarialaplata.com\/web\/wp-json\/wp\/v2\/comments?post=502"}],"version-history":[{"count":9,"href":"https:\/\/notarialaplata.com\/web\/wp-json\/wp\/v2\/pages\/502\/revisions"}],"predecessor-version":[{"id":1232,"href":"https:\/\/notarialaplata.com\/web\/wp-json\/wp\/v2\/pages\/502\/revisions\/1232"}],"wp:attachment":[{"href":"https:\/\/notarialaplata.com\/web\/wp-json\/wp\/v2\/media?parent=502"}],"curies":[{"name":"wp","href":"https:\/\/api.w.org\/{rel}","templated":true}]}}