{"id":500,"date":"2023-01-24T22:31:21","date_gmt":"2023-01-24T22:31:21","guid":{"rendered":"https:\/\/notarialaplata.com\/web\/donaciones\/"},"modified":"2023-01-31T02:39:44","modified_gmt":"2023-01-31T02:39:44","slug":"donaciones","status":"publish","type":"page","link":"https:\/\/notarialaplata.com\/web\/donaciones\/","title":{"rendered":"Donaciones"},"content":{"rendered":"<style>.elementor-500 .elementor-element.elementor-element-71376f41{--display:flex;--flex-direction:row;--container-widget-width:initial;--container-widget-height:100%;--container-widget-flex-grow:1;--container-widget-align-self:stretch;--flex-wrap-mobile:wrap;--gap:0px 0px;--row-gap:0px;--column-gap:0px;}.elementor-500 .elementor-element.elementor-element-8c73429{--display:flex;--flex-direction:column;--container-widget-width:100%;--container-widget-height:initial;--container-widget-flex-grow:0;--container-widget-align-self:initial;--flex-wrap-mobile:wrap;}.elementor-500 .elementor-element.elementor-element-8c73429.e-con{--flex-grow:0;--flex-shrink:0;}.elementor-500 .elementor-element.elementor-element-424adcf4 .elementor-heading-title{font-size:30px;color:#FFFFFF;}.elementor-500 .elementor-element.elementor-element-424adcf4 > .elementor-widget-container{padding:10px 10px 10px 10px;background-color:var( --e-global-color-e024615 );border-radius:10px 10px 10px 10px;}.elementor-500 .elementor-element.elementor-element-88457da .elementor-heading-title{font-size:25px;text-transform:none;}.elementor-500 .elementor-element.elementor-element-7c82b8e .elementor-heading-title{font-size:25px;}.elementor-500 .elementor-element.elementor-element-14c5f58e .elementor-tab-title{background-color:#F9F9F9;}.elementor-500 .elementor-element.elementor-element-14c5f58e .elementor-toggle-title, .elementor-500 .elementor-element.elementor-element-14c5f58e .elementor-toggle-icon{color:var( --e-global-color-e024615 );}.elementor-500 .elementor-element.elementor-element-14c5f58e .elementor-toggle-icon svg{fill:var( --e-global-color-e024615 );}.elementor-500 .elementor-element.elementor-element-14c5f58e .elementor-toggle-title{text-decoration:none;}.elementor-500 .elementor-element.elementor-element-1955d8f0{--display:flex;--flex-direction:column;--container-widget-width:100%;--container-widget-height:initial;--container-widget-flex-grow:0;--container-widget-align-self:initial;--flex-wrap-mobile:wrap;}.elementor-500 .elementor-element.elementor-element-20be7a0e img{border-radius:10px 10px 10px 10px;}.elementor-500 .elementor-element.elementor-element-13a64d0e .elementor-heading-title{font-size:25px;}:root{--page-title-display:none;}@media(min-width:768px){.elementor-500 .elementor-element.elementor-element-8c73429{--width:58.9%;}.elementor-500 .elementor-element.elementor-element-1955d8f0{--width:50%;}}<\/style>\t\t<div data-elementor-type=\"wp-page\" data-elementor-id=\"500\" class=\"elementor elementor-500\" data-elementor-post-type=\"page\">\n\t\t\t\t<div class=\"elementor-element elementor-element-71376f41 e-flex e-con-boxed e-con e-parent\" data-id=\"71376f41\" data-element_type=\"container\" data-e-type=\"container\">\n\t\t\t\t\t<div class=\"e-con-inner\">\n\t\t<div class=\"elementor-element elementor-element-8c73429 e-con-full e-flex e-con e-parent\" data-id=\"8c73429\" data-element_type=\"container\" data-e-type=\"container\">\n\t\t\t\t<div class=\"elementor-element elementor-element-424adcf4 elementor-widget elementor-widget-heading\" data-id=\"424adcf4\" data-element_type=\"widget\" data-e-type=\"widget\" data-widget_type=\"heading.default\">\n\t\t\t\t<div class=\"elementor-widget-container\">\n\t\t\t\t\t<h2 class=\"elementor-heading-title elementor-size-default\">Donaciones<\/h2>\t\t\t\t<\/div>\n\t\t\t\t<\/div>\n\t\t\t\t<div class=\"elementor-element elementor-element-88457da elementor-widget elementor-widget-heading\" data-id=\"88457da\" data-element_type=\"widget\" data-e-type=\"widget\" data-widget_type=\"heading.default\">\n\t\t\t\t<div class=\"elementor-widget-container\">\n\t\t\t\t\t<h2 class=\"elementor-heading-title elementor-size-default\">\u00bfQu\u00e9 es una Donaci\u00f3n?<\/h2>\t\t\t\t<\/div>\n\t\t\t\t<\/div>\n\t\t\t\t<div class=\"elementor-element elementor-element-f6f5f1a elementor-widget elementor-widget-text-editor\" data-id=\"f6f5f1a\" data-element_type=\"widget\" data-e-type=\"widget\" data-widget_type=\"text-editor.default\">\n\t\t\t\t<div class=\"elementor-widget-container\">\n\t\t\t\t\t\t\t\t\t<p style=\"text-align: justify;\">Donaci\u00f3n entre vivos es un acto por el que una persona -donante- transfiere en forma gratuita o causa onerosa, irrevocablemente, una parte de sus bienes a otro persona -donatario- que la acepta.<\/p>\t\t\t\t\t\t\t\t<\/div>\n\t\t\t\t<\/div>\n\t\t\t\t<div class=\"elementor-element elementor-element-7c82b8e elementor-widget elementor-widget-heading\" data-id=\"7c82b8e\" data-element_type=\"widget\" data-e-type=\"widget\" data-widget_type=\"heading.default\">\n\t\t\t\t<div class=\"elementor-widget-container\">\n\t\t\t\t\t<h2 class=\"elementor-heading-title elementor-size-default\">Preguntas frecuentes<\/h2>\t\t\t\t<\/div>\n\t\t\t\t<\/div>\n\t\t\t\t<div class=\"elementor-element elementor-element-14c5f58e elementor-widget elementor-widget-toggle\" data-id=\"14c5f58e\" data-element_type=\"widget\" data-e-type=\"widget\" data-widget_type=\"toggle.default\">\n\t\t\t\t<div class=\"elementor-widget-container\">\n\t\t\t\t\t\t\t<div class=\"elementor-toggle\">\n\t\t\t\t\t\t\t<div class=\"elementor-toggle-item\">\n\t\t\t\t\t<div id=\"elementor-tab-title-3481\" class=\"elementor-tab-title\" data-tab=\"1\" role=\"button\" aria-controls=\"elementor-tab-content-3481\" aria-expanded=\"false\">\n\t\t\t\t\t\t\t\t\t\t\t\t<span class=\"elementor-toggle-icon elementor-toggle-icon-left\" aria-hidden=\"true\">\n\t\t\t\t\t\t\t\t\t\t\t\t\t\t\t<span class=\"elementor-toggle-icon-closed\"><i class=\"fas fa-caret-right\"><\/i><\/span>\n\t\t\t\t\t\t\t\t<span class=\"elementor-toggle-icon-opened\"><i class=\"elementor-toggle-icon-opened fas fa-caret-up\"><\/i><\/span>\n\t\t\t\t\t\t\t\t\t\t\t\t\t<\/span>\n\t\t\t\t\t\t\t\t\t\t\t\t<a class=\"elementor-toggle-title\" tabindex=\"0\">\u00bfQu\u00e9 tipo de donaciones debo realizar ante una notar\u00eda?<\/a>\n\t\t\t\t\t<\/div>\n\n\t\t\t\t\t<div id=\"elementor-tab-content-3481\" class=\"elementor-tab-content elementor-clearfix\" data-tab=\"1\" role=\"region\" aria-labelledby=\"elementor-tab-title-3481\"><p style=\"text-align: justify;\">Todas las donaciones de inmuebles, independientemente de su cuant\u00eda se solemniza a trav\u00e9s de escritura p\u00fablica.\u00a0<\/p><\/div>\n\t\t\t\t<\/div>\n\t\t\t\t\t\t\t<div class=\"elementor-toggle-item\">\n\t\t\t\t\t<div id=\"elementor-tab-title-3482\" class=\"elementor-tab-title\" data-tab=\"2\" role=\"button\" aria-controls=\"elementor-tab-content-3482\" aria-expanded=\"false\">\n\t\t\t\t\t\t\t\t\t\t\t\t<span class=\"elementor-toggle-icon elementor-toggle-icon-left\" aria-hidden=\"true\">\n\t\t\t\t\t\t\t\t\t\t\t\t\t\t\t<span class=\"elementor-toggle-icon-closed\"><i class=\"fas fa-caret-right\"><\/i><\/span>\n\t\t\t\t\t\t\t\t<span class=\"elementor-toggle-icon-opened\"><i class=\"elementor-toggle-icon-opened fas fa-caret-up\"><\/i><\/span>\n\t\t\t\t\t\t\t\t\t\t\t\t\t<\/span>\n\t\t\t\t\t\t\t\t\t\t\t\t<a class=\"elementor-toggle-title\" tabindex=\"0\">\u00bfQu\u00e9 solemnidad exige la donaci\u00f3n ?<\/a>\n\t\t\t\t\t<\/div>\n\n\t\t\t\t\t<div id=\"elementor-tab-content-3482\" class=\"elementor-tab-content elementor-clearfix\" data-tab=\"2\" role=\"region\" aria-labelledby=\"elementor-tab-title-3482\"><p style=\"text-align: justify;\">No valdr\u00e1 la donaci\u00f3n entre vivos de bienes inmuebles que no se haga por escritura p\u00fablica; si es superior a 50 salarios m\u00ednimos mensuales, se requiere, adem\u00e1s,\u00a0 insinuaci\u00f3n.<\/p><\/div>\n\t\t\t\t<\/div>\n\t\t\t\t\t\t\t<div class=\"elementor-toggle-item\">\n\t\t\t\t\t<div id=\"elementor-tab-title-3483\" class=\"elementor-tab-title\" data-tab=\"3\" role=\"button\" aria-controls=\"elementor-tab-content-3483\" aria-expanded=\"false\">\n\t\t\t\t\t\t\t\t\t\t\t\t<span class=\"elementor-toggle-icon elementor-toggle-icon-left\" aria-hidden=\"true\">\n\t\t\t\t\t\t\t\t\t\t\t\t\t\t\t<span class=\"elementor-toggle-icon-closed\"><i class=\"fas fa-caret-right\"><\/i><\/span>\n\t\t\t\t\t\t\t\t<span class=\"elementor-toggle-icon-opened\"><i class=\"elementor-toggle-icon-opened fas fa-caret-up\"><\/i><\/span>\n\t\t\t\t\t\t\t\t\t\t\t\t\t<\/span>\n\t\t\t\t\t\t\t\t\t\t\t\t<a class=\"elementor-toggle-title\" tabindex=\"0\">\u00bfQu\u00e9 es la insinuaci\u00f3n?<\/a>\n\t\t\t\t\t<\/div>\n\n\t\t\t\t\t<div id=\"elementor-tab-content-3483\" class=\"elementor-tab-content elementor-clearfix\" data-tab=\"3\" role=\"region\" aria-labelledby=\"elementor-tab-title-3483\"><p style=\"text-align: justify;\">Es la manifestaci\u00f3n de voluntad que se hace ante notario del domicilio del donante, sobre la decisi\u00f3n libre, voluntaria e irrevocable de donar un bien, a fin de que este autorice la escritura publica mediante la cual se solemniza la donaci\u00f3n.<\/p><\/div>\n\t\t\t\t<\/div>\n\t\t\t\t\t\t\t<div class=\"elementor-toggle-item\">\n\t\t\t\t\t<div id=\"elementor-tab-title-3484\" class=\"elementor-tab-title\" data-tab=\"4\" role=\"button\" aria-controls=\"elementor-tab-content-3484\" aria-expanded=\"false\">\n\t\t\t\t\t\t\t\t\t\t\t\t<span class=\"elementor-toggle-icon elementor-toggle-icon-left\" aria-hidden=\"true\">\n\t\t\t\t\t\t\t\t\t\t\t\t\t\t\t<span class=\"elementor-toggle-icon-closed\"><i class=\"fas fa-caret-right\"><\/i><\/span>\n\t\t\t\t\t\t\t\t<span class=\"elementor-toggle-icon-opened\"><i class=\"elementor-toggle-icon-opened fas fa-caret-up\"><\/i><\/span>\n\t\t\t\t\t\t\t\t\t\t\t\t\t<\/span>\n\t\t\t\t\t\t\t\t\t\t\t\t<a class=\"elementor-toggle-title\" tabindex=\"0\">\u00bfQu\u00e9 debe contener la solicitud de insinuaci\u00f3n ante notario?<\/a>\n\t\t\t\t\t<\/div>\n\n\t\t\t\t\t<div id=\"elementor-tab-content-3484\" class=\"elementor-tab-content elementor-clearfix\" data-tab=\"4\" role=\"region\" aria-labelledby=\"elementor-tab-title-3484\"><p style=\"text-align: justify;\">La solicitud escrita debe contener la voluntad irrevocable de transferir por v\u00eda de donaci\u00f3n un inmueble(s) de propiedad del donante y favor del donatario. Dicha solicitud deber\u00e1 ser presentada personal y conjuntamente por las partes o sus apoderados, ante el notario del domicilio del donante, si tuviere varios, la solicitud se presentar\u00e1 ante el notario del CIRCULO que corresponda al asiento principal de sus negocios. Si en el lugar hubiere mas de un notario, la solicitud podr\u00e1 presentase ante cualquiera de ellos.<\/p><\/div>\n\t\t\t\t<\/div>\n\t\t\t\t\t\t\t\t<\/div>\n\t\t\t\t\t\t<\/div>\n\t\t\t\t<\/div>\n\t\t\t\t<\/div>\n\t\t<div class=\"elementor-element elementor-element-1955d8f0 e-con-full e-flex e-con e-parent\" data-id=\"1955d8f0\" data-element_type=\"container\" data-e-type=\"container\">\n\t\t\t\t<div class=\"elementor-element elementor-element-20be7a0e elementor-widget elementor-widget-image\" data-id=\"20be7a0e\" data-element_type=\"widget\" data-e-type=\"widget\" data-widget_type=\"image.default\">\n\t\t\t\t<div class=\"elementor-widget-container\">\n\t\t\t\t\t\t\t\t\t\t\t\t\t\t\t<img fetchpriority=\"high\" decoding=\"async\" width=\"800\" height=\"534\" src=\"https:\/\/notarialaplata.com\/web\/wp-content\/uploads\/2023\/01\/donacion.jpg\" class=\"attachment-large size-large wp-image-814\" alt=\"\" srcset=\"https:\/\/notarialaplata.com\/web\/wp-content\/uploads\/2023\/01\/donacion.jpg 1000w, https:\/\/notarialaplata.com\/web\/wp-content\/uploads\/2023\/01\/donacion-300x200.jpg 300w, https:\/\/notarialaplata.com\/web\/wp-content\/uploads\/2023\/01\/donacion-768x512.jpg 768w\" sizes=\"(max-width: 800px) 100vw, 800px\" \/>\t\t\t\t\t\t\t\t\t\t\t\t\t\t\t<\/div>\n\t\t\t\t<\/div>\n\t\t\t\t<div class=\"elementor-element elementor-element-13a64d0e elementor-widget elementor-widget-heading\" data-id=\"13a64d0e\" data-element_type=\"widget\" data-e-type=\"widget\" data-widget_type=\"heading.default\">\n\t\t\t\t<div class=\"elementor-widget-container\">\n\t\t\t\t\t<h2 class=\"elementor-heading-title elementor-size-default\">Requisitos<\/h2>\t\t\t\t<\/div>\n\t\t\t\t<\/div>\n\t\t\t\t<div class=\"elementor-element elementor-element-3edc380d elementor-widget elementor-widget-text-editor\" data-id=\"3edc380d\" data-element_type=\"widget\" data-e-type=\"widget\" data-widget_type=\"text-editor.default\">\n\t\t\t\t<div class=\"elementor-widget-container\">\n\t\t\t\t\t\t\t\t\t<ul>\n<li style=\"text-align: justify;\">Documentos de identificaci\u00f3n de quienes intervienen en el acto.<\/li>\n<li style=\"text-align: justify;\">Escritura p\u00fablica con la que adquiri\u00f3 el inmueble que se va a donar.<\/li>\n<li style=\"text-align: justify;\">Certificado de tradici\u00f3n y libertad.<\/li>\n<li style=\"text-align: justify;\">Aval\u00fao comercial del inmueble.<\/li>\n<li style=\"text-align: justify;\">Paz y salvo impuesto predial.<\/li>\n<li style=\"text-align: justify;\">Paz y salvo valorizaci\u00f3n.<\/li>\n<li style=\"text-align: justify;\">Paz y salvo de administraci\u00f3n si el inmueble forma parte de una propiedad horizontal.<\/li>\n<li style=\"text-align: justify;\">El donante debe demostrar que queda con recursos suficientes para vivir y atender sus obligaciones, esto podr\u00e1 acreditarse a trav\u00e9s de certificado de contador o \u00faltima declaraci\u00f3n de renta.<\/li><li style=\"text-align: justify;\">Solicitud de insinuaci\u00f3n en el evento que se requiera.<\/li>\n<\/ul>\t\t\t\t\t\t\t\t<\/div>\n\t\t\t\t<\/div>\n\t\t\t\t<\/div>\n\t\t\t\t\t<\/div>\n\t\t\t\t<\/div>\n\t\t\t\t<\/div>\n\t\t","protected":false},"excerpt":{"rendered":"<p>\u00bfQu\u00e9 es una Donaci\u00f3n? Donaci\u00f3n entre vivos es un acto por el que una persona -donante- transfiere en forma gratuita o causa onerosa, irrevocablemente, una parte de sus bienes a otro persona -donatario- que la acepta. Preguntas frecuentes \u00bfQu\u00e9 tipo de donaciones debo realizar ante una notar\u00eda? Todas las donaciones de inmuebles, independientemente de su [&hellip;]<\/p>\n","protected":false},"author":1,"featured_media":0,"parent":0,"menu_order":30,"comment_status":"closed","ping_status":"closed","template":"","meta":{"inline_featured_image":false,"_joinchat":[],"footnotes":""},"class_list":["post-500","page","type-page","status-publish","hentry"],"publishpress_future_action":{"enabled":false,"date":"2026-04-19 22:35:49","action":"change-status","newStatus":"draft","terms":[],"taxonomy":"","extraData":[]},"publishpress_future_workflow_manual_trigger":{"enabledWorkflows":[]},"_links":{"self":[{"href":"https:\/\/notarialaplata.com\/web\/wp-json\/wp\/v2\/pages\/500","targetHints":{"allow":["GET"]}}],"collection":[{"href":"https:\/\/notarialaplata.com\/web\/wp-json\/wp\/v2\/pages"}],"about":[{"href":"https:\/\/notarialaplata.com\/web\/wp-json\/wp\/v2\/types\/page"}],"author":[{"embeddable":true,"href":"https:\/\/notarialaplata.com\/web\/wp-json\/wp\/v2\/users\/1"}],"replies":[{"embeddable":true,"href":"https:\/\/notarialaplata.com\/web\/wp-json\/wp\/v2\/comments?post=500"}],"version-history":[{"count":69,"href":"https:\/\/notarialaplata.com\/web\/wp-json\/wp\/v2\/pages\/500\/revisions"}],"predecessor-version":[{"id":1476,"href":"https:\/\/notarialaplata.com\/web\/wp-json\/wp\/v2\/pages\/500\/revisions\/1476"}],"wp:attachment":[{"href":"https:\/\/notarialaplata.com\/web\/wp-json\/wp\/v2\/media?parent=500"}],"curies":[{"name":"wp","href":"https:\/\/api.w.org\/{rel}","templated":true}]}}