{"id":498,"date":"2023-01-24T22:31:21","date_gmt":"2023-01-24T22:31:21","guid":{"rendered":"https:\/\/notarialaplata.com\/web\/divorcio-notarial\/"},"modified":"2023-06-26T22:41:11","modified_gmt":"2023-06-26T22:41:11","slug":"divorcio-notarial","status":"publish","type":"page","link":"https:\/\/notarialaplata.com\/web\/divorcio-notarial\/","title":{"rendered":"Divorcio notarial"},"content":{"rendered":"<style>.elementor-498 .elementor-element.elementor-element-40527d79{--display:flex;--flex-direction:row;--container-widget-width:initial;--container-widget-height:100%;--container-widget-flex-grow:1;--container-widget-align-self:stretch;--flex-wrap-mobile:wrap;--gap:0px 0px;--row-gap:0px;--column-gap:0px;}.elementor-498 .elementor-element.elementor-element-5c849c5f{--display:flex;--flex-direction:column;--container-widget-width:100%;--container-widget-height:initial;--container-widget-flex-grow:0;--container-widget-align-self:initial;--flex-wrap-mobile:wrap;}.elementor-498 .elementor-element.elementor-element-5c849c5f.e-con{--flex-grow:0;--flex-shrink:0;}.elementor-498 .elementor-element.elementor-element-56323f89 .elementor-heading-title{font-size:30px;color:#FFFFFF;}.elementor-498 .elementor-element.elementor-element-56323f89 > .elementor-widget-container{padding:10px 10px 10px 10px;background-color:var( --e-global-color-e024615 );border-radius:10px 10px 10px 10px;}.elementor-498 .elementor-element.elementor-element-764405ce .elementor-heading-title{font-size:25px;text-transform:none;}.elementor-498 .elementor-element.elementor-element-4eba2e08 .elementor-heading-title{font-size:25px;}.elementor-498 .elementor-element.elementor-element-4a293fd8 .elementor-tab-title{background-color:#F9F9F9;}.elementor-498 .elementor-element.elementor-element-4a293fd8 .elementor-toggle-title, .elementor-498 .elementor-element.elementor-element-4a293fd8 .elementor-toggle-icon{color:var( --e-global-color-e024615 );}.elementor-498 .elementor-element.elementor-element-4a293fd8 .elementor-toggle-icon svg{fill:var( --e-global-color-e024615 );}.elementor-498 .elementor-element.elementor-element-4a293fd8 .elementor-toggle-title{text-decoration:none;}.elementor-498 .elementor-element.elementor-element-233f3a0{--display:flex;--flex-direction:column;--container-widget-width:100%;--container-widget-height:initial;--container-widget-flex-grow:0;--container-widget-align-self:initial;--flex-wrap-mobile:wrap;}.elementor-498 .elementor-element.elementor-element-340b6b63 img{border-radius:10px 10px 10px 10px;}.elementor-498 .elementor-element.elementor-element-2515e8aa .elementor-heading-title{font-size:25px;}:root{--page-title-display:none;}@media(min-width:768px){.elementor-498 .elementor-element.elementor-element-5c849c5f{--width:58.9%;}.elementor-498 .elementor-element.elementor-element-233f3a0{--width:50%;}}<\/style>\t\t<div data-elementor-type=\"wp-page\" data-elementor-id=\"498\" class=\"elementor elementor-498\" data-elementor-post-type=\"page\">\n\t\t\t\t<div class=\"elementor-element elementor-element-40527d79 e-flex e-con-boxed e-con e-parent\" data-id=\"40527d79\" data-element_type=\"container\" data-e-type=\"container\">\n\t\t\t\t\t<div class=\"e-con-inner\">\n\t\t<div class=\"elementor-element elementor-element-5c849c5f e-con-full e-flex e-con e-parent\" data-id=\"5c849c5f\" data-element_type=\"container\" data-e-type=\"container\">\n\t\t\t\t<div class=\"elementor-element elementor-element-56323f89 elementor-widget elementor-widget-heading\" data-id=\"56323f89\" data-element_type=\"widget\" data-e-type=\"widget\" data-widget_type=\"heading.default\">\n\t\t\t\t<div class=\"elementor-widget-container\">\n\t\t\t\t\t<h2 class=\"elementor-heading-title elementor-size-default\">Divorcio notarial<\/h2>\t\t\t\t<\/div>\n\t\t\t\t<\/div>\n\t\t\t\t<div class=\"elementor-element elementor-element-764405ce elementor-widget elementor-widget-heading\" data-id=\"764405ce\" data-element_type=\"widget\" data-e-type=\"widget\" data-widget_type=\"heading.default\">\n\t\t\t\t<div class=\"elementor-widget-container\">\n\t\t\t\t\t<h2 class=\"elementor-heading-title elementor-size-default\">\u00bfQu\u00e9 es el Divorcio Notarial?<\/h2>\t\t\t\t<\/div>\n\t\t\t\t<\/div>\n\t\t\t\t<div class=\"elementor-element elementor-element-1d2b957a elementor-widget elementor-widget-text-editor\" data-id=\"1d2b957a\" data-element_type=\"widget\" data-e-type=\"widget\" data-widget_type=\"text-editor.default\">\n\t\t\t\t<div class=\"elementor-widget-container\">\n\t\t\t\t\t\t\t\t\t<p style=\"text-align: justify;\">Es la terminaci\u00f3n del matrimonio civil o la cesaci\u00f3n de los efectos civiles de la uni\u00f3n marital de hecho. Cuando el matrimonio es eclesi\u00e1stico o fue celebrado por otra religi\u00f3n reconocida por el Estado, tambien se conoce como cesaci\u00f3n de los efectos civiles del matrimonio religioso; ambos pueden adelantarse en la Notar\u00eda \u00danica la Plata Huila siempre que exista mutuo acuerdo entre las partes.<\/p><p><a role=\"link\" href=\"https:\/\/www.funcionpublica.gov.co\/eva\/gestornormativo\/norma.php?i=18346\" target=\"_blank\" rel=\"noopener noreferrer\">Ley 962 de 2005, decreto 4436 del mismo a\u00f1o.<\/a><\/p>\t\t\t\t\t\t\t\t<\/div>\n\t\t\t\t<\/div>\n\t\t\t\t<div class=\"elementor-element elementor-element-4eba2e08 elementor-widget elementor-widget-heading\" data-id=\"4eba2e08\" data-element_type=\"widget\" data-e-type=\"widget\" data-widget_type=\"heading.default\">\n\t\t\t\t<div class=\"elementor-widget-container\">\n\t\t\t\t\t<h2 class=\"elementor-heading-title elementor-size-default\">Preguntas frecuentes<\/h2>\t\t\t\t<\/div>\n\t\t\t\t<\/div>\n\t\t\t\t<div class=\"elementor-element elementor-element-4a293fd8 elementor-widget elementor-widget-toggle\" data-id=\"4a293fd8\" data-element_type=\"widget\" data-e-type=\"widget\" data-widget_type=\"toggle.default\">\n\t\t\t\t<div class=\"elementor-widget-container\">\n\t\t\t\t\t\t\t<div class=\"elementor-toggle\">\n\t\t\t\t\t\t\t<div class=\"elementor-toggle-item\">\n\t\t\t\t\t<div id=\"elementor-tab-title-1241\" class=\"elementor-tab-title\" data-tab=\"1\" role=\"button\" aria-controls=\"elementor-tab-content-1241\" aria-expanded=\"false\">\n\t\t\t\t\t\t\t\t\t\t\t\t<span class=\"elementor-toggle-icon elementor-toggle-icon-left\" aria-hidden=\"true\">\n\t\t\t\t\t\t\t\t\t\t\t\t\t\t\t<span class=\"elementor-toggle-icon-closed\"><i class=\"fas fa-caret-right\"><\/i><\/span>\n\t\t\t\t\t\t\t\t<span class=\"elementor-toggle-icon-opened\"><i class=\"elementor-toggle-icon-opened fas fa-caret-up\"><\/i><\/span>\n\t\t\t\t\t\t\t\t\t\t\t\t\t<\/span>\n\t\t\t\t\t\t\t\t\t\t\t\t<a class=\"elementor-toggle-title\" tabindex=\"0\">\u00bfQu\u00e9 pasa si no puedo llegar a un acuerdo con mi c\u00f3nyuge?<\/a>\n\t\t\t\t\t<\/div>\n\n\t\t\t\t\t<div id=\"elementor-tab-content-1241\" class=\"elementor-tab-content elementor-clearfix\" data-tab=\"1\" role=\"region\" aria-labelledby=\"elementor-tab-title-1241\"><p style=\"text-align: justify;\">Cuando no se puede llegar ante un acuerdo por alguna de las partes involucradas en la intensi\u00f3n de divorcio, este deber\u00e1 adelantarse ante un juez.<\/p><\/div>\n\t\t\t\t<\/div>\n\t\t\t\t\t\t\t<div class=\"elementor-toggle-item\">\n\t\t\t\t\t<div id=\"elementor-tab-title-1242\" class=\"elementor-tab-title\" data-tab=\"2\" role=\"button\" aria-controls=\"elementor-tab-content-1242\" aria-expanded=\"false\">\n\t\t\t\t\t\t\t\t\t\t\t\t<span class=\"elementor-toggle-icon elementor-toggle-icon-left\" aria-hidden=\"true\">\n\t\t\t\t\t\t\t\t\t\t\t\t\t\t\t<span class=\"elementor-toggle-icon-closed\"><i class=\"fas fa-caret-right\"><\/i><\/span>\n\t\t\t\t\t\t\t\t<span class=\"elementor-toggle-icon-opened\"><i class=\"elementor-toggle-icon-opened fas fa-caret-up\"><\/i><\/span>\n\t\t\t\t\t\t\t\t\t\t\t\t\t<\/span>\n\t\t\t\t\t\t\t\t\t\t\t\t<a class=\"elementor-toggle-title\" tabindex=\"0\">\u00bfQu\u00e9 debe contener el acuerdo respecto de la pareja?<\/a>\n\t\t\t\t\t<\/div>\n\n\t\t\t\t\t<div id=\"elementor-tab-content-1242\" class=\"elementor-tab-content elementor-clearfix\" data-tab=\"2\" role=\"region\" aria-labelledby=\"elementor-tab-title-1242\"><p style=\"text-align: justify;\">El acuerdo <b>suscrito por los conyuges<\/b>, debe expresar claramente la decisi\u00f3n conjunta de llevar a cabo el tr\u00e1mite de divorcio ante la Notar\u00eda \u00danica la Plata Huila. Tambi\u00e9n debe incluir la definici\u00f3n de las obligaciones alimentarias entre los c\u00f3nyuges; el estado en que se encuentra la sociedad conyugal o patrimonial e informar sobre la existencia de hijos menores; si la conyugue se encuentra embarazada.<\/p><\/div>\n\t\t\t\t<\/div>\n\t\t\t\t\t\t\t<div class=\"elementor-toggle-item\">\n\t\t\t\t\t<div id=\"elementor-tab-title-1243\" class=\"elementor-tab-title\" data-tab=\"3\" role=\"button\" aria-controls=\"elementor-tab-content-1243\" aria-expanded=\"false\">\n\t\t\t\t\t\t\t\t\t\t\t\t<span class=\"elementor-toggle-icon elementor-toggle-icon-left\" aria-hidden=\"true\">\n\t\t\t\t\t\t\t\t\t\t\t\t\t\t\t<span class=\"elementor-toggle-icon-closed\"><i class=\"fas fa-caret-right\"><\/i><\/span>\n\t\t\t\t\t\t\t\t<span class=\"elementor-toggle-icon-opened\"><i class=\"elementor-toggle-icon-opened fas fa-caret-up\"><\/i><\/span>\n\t\t\t\t\t\t\t\t\t\t\t\t\t<\/span>\n\t\t\t\t\t\t\t\t\t\t\t\t<a class=\"elementor-toggle-title\" tabindex=\"0\">\u00bfQu\u00e9 debe contener el acuerdo cuando hay hijos menores?<\/a>\n\t\t\t\t\t<\/div>\n\n\t\t\t\t\t<div id=\"elementor-tab-content-1243\" class=\"elementor-tab-content elementor-clearfix\" data-tab=\"3\" role=\"region\" aria-labelledby=\"elementor-tab-title-1243\"><p style=\"text-align: justify;\">En este documento se deben regular los siguientes aspectos frente a los hijos menores:<\/p><ul><li style=\"text-align: justify;\">La forma en que los padres contribuir\u00e1n a la crianza, educaci\u00f3n y establecimiento de la prole.<\/li><li style=\"text-align: justify;\">Qui\u00e9n tendr\u00e1 la custodia y el cuidado personal de los hijos.<\/li><li style=\"text-align: justify;\">El r\u00e9gimen de alimentos o cuota alimentaria que comprende la educaci\u00f3n, recreaci\u00f3n, vestido, vivienda y salud; e indicar lugar y forma de pago.<\/li><li style=\"text-align: justify;\">El r\u00e9gimen de visitas con la periodicidad de las mismas.<\/li><li style=\"text-align: justify;\">R\u00e9gimen de vacaciones, cumplea\u00f1os, navidad y fin de a\u00f1o, etc.<\/li><\/ul><\/div>\n\t\t\t\t<\/div>\n\t\t\t\t\t\t\t<div class=\"elementor-toggle-item\">\n\t\t\t\t\t<div id=\"elementor-tab-title-1244\" class=\"elementor-tab-title\" data-tab=\"4\" role=\"button\" aria-controls=\"elementor-tab-content-1244\" aria-expanded=\"false\">\n\t\t\t\t\t\t\t\t\t\t\t\t<span class=\"elementor-toggle-icon elementor-toggle-icon-left\" aria-hidden=\"true\">\n\t\t\t\t\t\t\t\t\t\t\t\t\t\t\t<span class=\"elementor-toggle-icon-closed\"><i class=\"fas fa-caret-right\"><\/i><\/span>\n\t\t\t\t\t\t\t\t<span class=\"elementor-toggle-icon-opened\"><i class=\"elementor-toggle-icon-opened fas fa-caret-up\"><\/i><\/span>\n\t\t\t\t\t\t\t\t\t\t\t\t\t<\/span>\n\t\t\t\t\t\t\t\t\t\t\t\t<a class=\"elementor-toggle-title\" tabindex=\"0\">\u00bfPuedo hacer la liquidaci\u00f3n de la sociedad conyugal o patrimonial al mismo tiempo del divorcio?<\/a>\n\t\t\t\t\t<\/div>\n\n\t\t\t\t\t<div id=\"elementor-tab-content-1244\" class=\"elementor-tab-content elementor-clearfix\" data-tab=\"4\" role=\"region\" aria-labelledby=\"elementor-tab-title-1244\"><p style=\"text-align: justify;\">S\u00ed se puede. Para esto la solicitud debe ir acompa\u00f1ada de:<\/p><ul><li style=\"text-align: justify;\">Inventario de activos y pasivos.<\/li><li style=\"text-align: justify;\">Escritura o t\u00edtulo de la propiedad de los inmuebles que hacen parte de la liquidaci\u00f3n.<\/li><li style=\"text-align: justify;\">Paz y salvo de impuesto predial y valorizaci\u00f3n.<\/li><li style=\"text-align: justify;\">Aval\u00faos.<\/li><li style=\"text-align: justify;\">Certificado de las deudas sociales.<\/li><\/ul><\/div>\n\t\t\t\t<\/div>\n\t\t\t\t\t\t\t\t<\/div>\n\t\t\t\t\t\t<\/div>\n\t\t\t\t<\/div>\n\t\t\t\t<\/div>\n\t\t<div class=\"elementor-element elementor-element-233f3a0 e-con-full e-flex e-con e-parent\" data-id=\"233f3a0\" data-element_type=\"container\" data-e-type=\"container\">\n\t\t\t\t<div class=\"elementor-element elementor-element-340b6b63 elementor-widget elementor-widget-image\" data-id=\"340b6b63\" data-element_type=\"widget\" data-e-type=\"widget\" data-widget_type=\"image.default\">\n\t\t\t\t<div class=\"elementor-widget-container\">\n\t\t\t\t\t\t\t\t\t\t\t\t\t\t\t<img fetchpriority=\"high\" decoding=\"async\" width=\"800\" height=\"534\" src=\"https:\/\/notarialaplata.com\/web\/wp-content\/uploads\/2023\/01\/divorsionotarial.jpg\" class=\"attachment-large size-large wp-image-807\" alt=\"\" srcset=\"https:\/\/notarialaplata.com\/web\/wp-content\/uploads\/2023\/01\/divorsionotarial.jpg 1000w, https:\/\/notarialaplata.com\/web\/wp-content\/uploads\/2023\/01\/divorsionotarial-300x200.jpg 300w, https:\/\/notarialaplata.com\/web\/wp-content\/uploads\/2023\/01\/divorsionotarial-768x512.jpg 768w\" sizes=\"(max-width: 800px) 100vw, 800px\" \/>\t\t\t\t\t\t\t\t\t\t\t\t\t\t\t<\/div>\n\t\t\t\t<\/div>\n\t\t\t\t<div class=\"elementor-element elementor-element-2515e8aa elementor-widget elementor-widget-heading\" data-id=\"2515e8aa\" data-element_type=\"widget\" data-e-type=\"widget\" data-widget_type=\"heading.default\">\n\t\t\t\t<div class=\"elementor-widget-container\">\n\t\t\t\t\t<h2 class=\"elementor-heading-title elementor-size-default\">Requisitos<\/h2>\t\t\t\t<\/div>\n\t\t\t\t<\/div>\n\t\t\t\t<div class=\"elementor-element elementor-element-5aa4ac3d elementor-widget elementor-widget-text-editor\" data-id=\"5aa4ac3d\" data-element_type=\"widget\" data-e-type=\"widget\" data-widget_type=\"text-editor.default\">\n\t\t\t\t<div class=\"elementor-widget-container\">\n\t\t\t\t\t\t\t\t\t<ul><li><p style=\"text-align: justify;\">Debe hacerse a trav\u00e9s de abogado.<\/p><\/li><li style=\"text-align: justify;\"><p>Poder de los c\u00f3nyuges debidamente autenticado.<\/p><\/li><li style=\"text-align: justify;\"><p>Copia aut\u00e9ntica del registro civil de matrimonio.<\/p><\/li><li style=\"text-align: justify;\"><p>Copia aut\u00e9ntica de los registros civiles de nacimiento de los c\u00f3nyuges, con nota marginal de matrimonio.\u00a0<\/p><\/li><li style=\"text-align: justify;\"><p>Copia de la c\u00e9dula de ciudadan\u00eda de los c\u00f3nyuges.<\/p><\/li><li style=\"text-align: justify;\"><p>Si existen hijos menores, copia de los registros civiles de nacimiento.<\/p><\/li><li style=\"text-align: justify;\"><p>Solicitud del tr\u00e1mite de divorcio, presentada por el apoderado de los c\u00f3nyuges.<\/p><\/li><li style=\"text-align: justify;\"><p>Acuerdo de alimentos respecto de la pareja, si subsiste la obligaci\u00f3n; la manifestaci\u00f3n de voluntad de divorciarse o la cesaci\u00f3n de los efectos civiles; seg\u00fan el caso; presentado personalmente por ellos.<\/p><\/li><li style=\"text-align: justify;\"><p>Acuerdo de alimentos respecto de los hijos menores, suscrito y presentado personalmente por los c\u00f3nyuges.<\/p><\/li><li style=\"text-align: justify;\">Registro Civil de Nacimiento con notas marginales de matrimonio<\/li><li style=\"text-align: justify;\">Tarjeta de identidad de los\u00a0 hijos mayores 7 a\u00f1os.<\/li><li style=\"text-align: justify;\">Acta de conciliaci\u00f3n celebrada ante Defensor del I.C.B.F. o Comisario de Familia.<\/li><li style=\"text-align: justify;\">Paz y salvo de impuesto predial, valorizaci\u00f3n y administraci\u00f3n, en caso que hayan inmuebles.<\/li><\/ul>\t\t\t\t\t\t\t\t<\/div>\n\t\t\t\t<\/div>\n\t\t\t\t<\/div>\n\t\t\t\t\t<\/div>\n\t\t\t\t<\/div>\n\t\t\t\t<\/div>\n\t\t","protected":false},"excerpt":{"rendered":"<p>\u00bfQu\u00e9 es el Divorcio Notarial? Es la terminaci\u00f3n del matrimonio civil o la cesaci\u00f3n de los efectos civiles de la uni\u00f3n marital de hecho. Cuando el matrimonio es eclesi\u00e1stico o fue celebrado por otra religi\u00f3n reconocida por el Estado, tambien se conoce como cesaci\u00f3n de los efectos civiles del matrimonio religioso; ambos pueden adelantarse en [&hellip;]<\/p>\n","protected":false},"author":1,"featured_media":0,"parent":0,"menu_order":20,"comment_status":"closed","ping_status":"closed","template":"","meta":{"inline_featured_image":false,"_joinchat":[],"footnotes":""},"class_list":["post-498","page","type-page","status-publish","hentry"],"publishpress_future_action":{"enabled":false,"date":"2026-04-22 18:25:00","action":"change-status","newStatus":"draft","terms":[],"taxonomy":"","extraData":[]},"publishpress_future_workflow_manual_trigger":{"enabledWorkflows":[]},"_links":{"self":[{"href":"https:\/\/notarialaplata.com\/web\/wp-json\/wp\/v2\/pages\/498","targetHints":{"allow":["GET"]}}],"collection":[{"href":"https:\/\/notarialaplata.com\/web\/wp-json\/wp\/v2\/pages"}],"about":[{"href":"https:\/\/notarialaplata.com\/web\/wp-json\/wp\/v2\/types\/page"}],"author":[{"embeddable":true,"href":"https:\/\/notarialaplata.com\/web\/wp-json\/wp\/v2\/users\/1"}],"replies":[{"embeddable":true,"href":"https:\/\/notarialaplata.com\/web\/wp-json\/wp\/v2\/comments?post=498"}],"version-history":[{"count":102,"href":"https:\/\/notarialaplata.com\/web\/wp-json\/wp\/v2\/pages\/498\/revisions"}],"predecessor-version":[{"id":1781,"href":"https:\/\/notarialaplata.com\/web\/wp-json\/wp\/v2\/pages\/498\/revisions\/1781"}],"wp:attachment":[{"href":"https:\/\/notarialaplata.com\/web\/wp-json\/wp\/v2\/media?parent=498"}],"curies":[{"name":"wp","href":"https:\/\/api.w.org\/{rel}","templated":true}]}}