{"id":494,"date":"2023-01-24T22:29:39","date_gmt":"2023-01-24T22:29:39","guid":{"rendered":"https:\/\/notarialaplata.com\/web\/copias-de-escrituras-publicas\/"},"modified":"2023-01-28T22:10:34","modified_gmt":"2023-01-28T22:10:34","slug":"copias-de-escrituras-publicas","status":"publish","type":"page","link":"https:\/\/notarialaplata.com\/web\/copias-de-escrituras-publicas\/","title":{"rendered":"Copias de escrituras p\u00fablicas"},"content":{"rendered":"<style>.elementor-494 .elementor-element.elementor-element-2c089654{--display:flex;--flex-direction:row;--container-widget-width:initial;--container-widget-height:100%;--container-widget-flex-grow:1;--container-widget-align-self:stretch;--flex-wrap-mobile:wrap;--gap:0px 0px;--row-gap:0px;--column-gap:0px;}.elementor-494 .elementor-element.elementor-element-74812bc2{--display:flex;--flex-direction:column;--container-widget-width:100%;--container-widget-height:initial;--container-widget-flex-grow:0;--container-widget-align-self:initial;--flex-wrap-mobile:wrap;}.elementor-494 .elementor-element.elementor-element-74812bc2.e-con{--flex-grow:0;--flex-shrink:0;}.elementor-494 .elementor-element.elementor-element-17b3576f .elementor-heading-title{font-size:30px;text-transform:none;color:#FFFFFF;}.elementor-494 .elementor-element.elementor-element-17b3576f > .elementor-widget-container{padding:10px 10px 10px 10px;background-color:var( --e-global-color-e024615 );border-radius:10px 10px 10px 10px;}.elementor-494 .elementor-element.elementor-element-1f01696d .elementor-heading-title{font-size:25px;text-transform:none;}.elementor-494 .elementor-element.elementor-element-66224616 .elementor-heading-title{font-size:25px;}.elementor-494 .elementor-element.elementor-element-1b3ddfbb .elementor-tab-title{background-color:#F9F9F9;}.elementor-494 .elementor-element.elementor-element-1b3ddfbb .elementor-toggle-title, .elementor-494 .elementor-element.elementor-element-1b3ddfbb .elementor-toggle-icon{color:var( --e-global-color-e024615 );}.elementor-494 .elementor-element.elementor-element-1b3ddfbb .elementor-toggle-icon svg{fill:var( --e-global-color-e024615 );}.elementor-494 .elementor-element.elementor-element-1b3ddfbb .elementor-toggle-title{text-decoration:none;}.elementor-494 .elementor-element.elementor-element-8c6eab8{--display:flex;--flex-direction:column;--container-widget-width:100%;--container-widget-height:initial;--container-widget-flex-grow:0;--container-widget-align-self:initial;--flex-wrap-mobile:wrap;}.elementor-494 .elementor-element.elementor-element-7fb2b3f5 img{border-radius:10px 10px 10px 10px;}.elementor-494 .elementor-element.elementor-element-28cabc79 .elementor-heading-title{font-size:25px;}:root{--page-title-display:none;}@media(min-width:768px){.elementor-494 .elementor-element.elementor-element-74812bc2{--width:58.9%;}.elementor-494 .elementor-element.elementor-element-8c6eab8{--width:50%;}}<\/style>\t\t<div data-elementor-type=\"wp-page\" data-elementor-id=\"494\" class=\"elementor elementor-494\" data-elementor-post-type=\"page\">\n\t\t\t\t<div class=\"elementor-element elementor-element-2c089654 e-flex e-con-boxed e-con e-parent\" data-id=\"2c089654\" data-element_type=\"container\" data-e-type=\"container\">\n\t\t\t\t\t<div class=\"e-con-inner\">\n\t\t<div class=\"elementor-element elementor-element-74812bc2 e-con-full e-flex e-con e-parent\" data-id=\"74812bc2\" data-element_type=\"container\" data-e-type=\"container\">\n\t\t\t\t<div class=\"elementor-element elementor-element-17b3576f elementor-widget elementor-widget-heading\" data-id=\"17b3576f\" data-element_type=\"widget\" data-e-type=\"widget\" data-widget_type=\"heading.default\">\n\t\t\t\t<div class=\"elementor-widget-container\">\n\t\t\t\t\t<h2 class=\"elementor-heading-title elementor-size-default\">Copias de escrituras p\u00fablicas<\/h2>\t\t\t\t<\/div>\n\t\t\t\t<\/div>\n\t\t\t\t<div class=\"elementor-element elementor-element-1f01696d elementor-widget elementor-widget-heading\" data-id=\"1f01696d\" data-element_type=\"widget\" data-e-type=\"widget\" data-widget_type=\"heading.default\">\n\t\t\t\t<div class=\"elementor-widget-container\">\n\t\t\t\t\t<h2 class=\"elementor-heading-title elementor-size-default\">\u00bfQu\u00e9 es una copia de escritura p\u00fablica?\n<\/h2>\t\t\t\t<\/div>\n\t\t\t\t<\/div>\n\t\t\t\t<div class=\"elementor-element elementor-element-1236167d elementor-widget elementor-widget-text-editor\" data-id=\"1236167d\" data-element_type=\"widget\" data-e-type=\"widget\" data-widget_type=\"text-editor.default\">\n\t\t\t\t<div class=\"elementor-widget-container\">\n\t\t\t\t\t\t\t\t\t<p style=\"text-align: justify;\">La expedici\u00f3n de copia simple de escritura p\u00fablica consiste en presentarte a la Notar\u00eda \u00danica la Plata Huila, o comunicarte a los n\u00fameros indicados en esta pagina en la parte superior, con el fin de solicitar una copia aut\u00e9ntica de la Escritura P\u00fablica que se encuentre en los archivos de la Notar\u00eda.<\/p>\t\t\t\t\t\t\t\t<\/div>\n\t\t\t\t<\/div>\n\t\t\t\t<div class=\"elementor-element elementor-element-66224616 elementor-widget elementor-widget-heading\" data-id=\"66224616\" data-element_type=\"widget\" data-e-type=\"widget\" data-widget_type=\"heading.default\">\n\t\t\t\t<div class=\"elementor-widget-container\">\n\t\t\t\t\t<h2 class=\"elementor-heading-title elementor-size-default\">Preguntas frecuentes<\/h2>\t\t\t\t<\/div>\n\t\t\t\t<\/div>\n\t\t\t\t<div class=\"elementor-element elementor-element-1b3ddfbb elementor-widget elementor-widget-toggle\" data-id=\"1b3ddfbb\" data-element_type=\"widget\" data-e-type=\"widget\" data-widget_type=\"toggle.default\">\n\t\t\t\t<div class=\"elementor-widget-container\">\n\t\t\t\t\t\t\t<div class=\"elementor-toggle\">\n\t\t\t\t\t\t\t<div class=\"elementor-toggle-item\">\n\t\t\t\t\t<div id=\"elementor-tab-title-4571\" class=\"elementor-tab-title\" data-tab=\"1\" role=\"button\" aria-controls=\"elementor-tab-content-4571\" aria-expanded=\"false\">\n\t\t\t\t\t\t\t\t\t\t\t\t<span class=\"elementor-toggle-icon elementor-toggle-icon-left\" aria-hidden=\"true\">\n\t\t\t\t\t\t\t\t\t\t\t\t\t\t\t<span class=\"elementor-toggle-icon-closed\"><i class=\"fas fa-caret-right\"><\/i><\/span>\n\t\t\t\t\t\t\t\t<span class=\"elementor-toggle-icon-opened\"><i class=\"elementor-toggle-icon-opened fas fa-caret-up\"><\/i><\/span>\n\t\t\t\t\t\t\t\t\t\t\t\t\t<\/span>\n\t\t\t\t\t\t\t\t\t\t\t\t<a class=\"elementor-toggle-title\" tabindex=\"0\">\u00bfQu\u00e9 debo hacer para obtener una copia de una Escritura p\u00fablica?<\/a>\n\t\t\t\t\t<\/div>\n\n\t\t\t\t\t<div id=\"elementor-tab-content-4571\" class=\"elementor-tab-content elementor-clearfix\" data-tab=\"1\" role=\"region\" aria-labelledby=\"elementor-tab-title-4571\"><p style=\"text-align: justify;\">Lo \u00fanico que debes hacer es acercarte a la Notar\u00eda \u00danica la Plata Huila, traer tu c\u00e9dula de ciudadan\u00eda y conocer los detalles de la escritura.<\/p><\/div>\n\t\t\t\t<\/div>\n\t\t\t\t\t\t\t<div class=\"elementor-toggle-item\">\n\t\t\t\t\t<div id=\"elementor-tab-title-4572\" class=\"elementor-tab-title\" data-tab=\"2\" role=\"button\" aria-controls=\"elementor-tab-content-4572\" aria-expanded=\"false\">\n\t\t\t\t\t\t\t\t\t\t\t\t<span class=\"elementor-toggle-icon elementor-toggle-icon-left\" aria-hidden=\"true\">\n\t\t\t\t\t\t\t\t\t\t\t\t\t\t\t<span class=\"elementor-toggle-icon-closed\"><i class=\"fas fa-caret-right\"><\/i><\/span>\n\t\t\t\t\t\t\t\t<span class=\"elementor-toggle-icon-opened\"><i class=\"elementor-toggle-icon-opened fas fa-caret-up\"><\/i><\/span>\n\t\t\t\t\t\t\t\t\t\t\t\t\t<\/span>\n\t\t\t\t\t\t\t\t\t\t\t\t<a class=\"elementor-toggle-title\" tabindex=\"0\">\u00bfQu\u00e9 debo saber para pedir la copia de una Escritura p\u00fablica?<\/a>\n\t\t\t\t\t<\/div>\n\n\t\t\t\t\t<div id=\"elementor-tab-content-4572\" class=\"elementor-tab-content elementor-clearfix\" data-tab=\"2\" role=\"region\" aria-labelledby=\"elementor-tab-title-4572\"><p style=\"text-align: justify;\">A la hora de solicitar una copia de un documento de tipo Escritura P\u00fablica, debes informar el n\u00famero de la escritura y a\u00f1o en el que se otorg\u00f3.<\/p><\/div>\n\t\t\t\t<\/div>\n\t\t\t\t\t\t\t\t<\/div>\n\t\t\t\t\t\t<\/div>\n\t\t\t\t<\/div>\n\t\t\t\t<\/div>\n\t\t<div class=\"elementor-element elementor-element-8c6eab8 e-con-full e-flex e-con e-parent\" data-id=\"8c6eab8\" data-element_type=\"container\" data-e-type=\"container\">\n\t\t\t\t<div class=\"elementor-element elementor-element-7fb2b3f5 elementor-widget elementor-widget-image\" data-id=\"7fb2b3f5\" data-element_type=\"widget\" data-e-type=\"widget\" data-widget_type=\"image.default\">\n\t\t\t\t<div class=\"elementor-widget-container\">\n\t\t\t\t\t\t\t\t\t\t\t\t\t\t\t<img fetchpriority=\"high\" decoding=\"async\" width=\"800\" height=\"534\" src=\"https:\/\/notarialaplata.com\/web\/wp-content\/uploads\/2023\/01\/copiadocumento.jpg\" class=\"attachment-large size-large wp-image-793\" alt=\"\" srcset=\"https:\/\/notarialaplata.com\/web\/wp-content\/uploads\/2023\/01\/copiadocumento.jpg 1000w, https:\/\/notarialaplata.com\/web\/wp-content\/uploads\/2023\/01\/copiadocumento-300x200.jpg 300w, https:\/\/notarialaplata.com\/web\/wp-content\/uploads\/2023\/01\/copiadocumento-768x512.jpg 768w\" sizes=\"(max-width: 800px) 100vw, 800px\" \/>\t\t\t\t\t\t\t\t\t\t\t\t\t\t\t<\/div>\n\t\t\t\t<\/div>\n\t\t\t\t<div class=\"elementor-element elementor-element-28cabc79 elementor-widget elementor-widget-heading\" data-id=\"28cabc79\" data-element_type=\"widget\" data-e-type=\"widget\" data-widget_type=\"heading.default\">\n\t\t\t\t<div class=\"elementor-widget-container\">\n\t\t\t\t\t<h2 class=\"elementor-heading-title elementor-size-default\">Requisitos<\/h2>\t\t\t\t<\/div>\n\t\t\t\t<\/div>\n\t\t\t\t<div class=\"elementor-element elementor-element-6db8fa7d elementor-widget elementor-widget-text-editor\" data-id=\"6db8fa7d\" data-element_type=\"widget\" data-e-type=\"widget\" data-widget_type=\"text-editor.default\">\n\t\t\t\t<div class=\"elementor-widget-container\">\n\t\t\t\t\t\t\t\t\t<ul><li>N\u00famero y a\u00f1o de la escritura.<\/li><\/ul>\t\t\t\t\t\t\t\t<\/div>\n\t\t\t\t<\/div>\n\t\t\t\t<\/div>\n\t\t\t\t\t<\/div>\n\t\t\t\t<\/div>\n\t\t\t\t<\/div>\n\t\t","protected":false},"excerpt":{"rendered":"<p>\u00bfQu\u00e9 es una copia de escritura p\u00fablica? La expedici\u00f3n de copia simple de escritura p\u00fablica consiste en presentarte a la Notar\u00eda \u00danica la Plata Huila, o comunicarte a los n\u00fameros indicados en esta pagina en la parte superior, con el fin de solicitar una copia aut\u00e9ntica de la Escritura P\u00fablica que se encuentre en los [&hellip;]<\/p>\n","protected":false},"author":1,"featured_media":0,"parent":0,"menu_order":80,"comment_status":"closed","ping_status":"closed","template":"","meta":{"inline_featured_image":false,"_joinchat":[],"footnotes":""},"class_list":["post-494","page","type-page","status-publish","hentry"],"publishpress_future_action":{"enabled":false,"date":"2026-04-20 00:26:17","action":"change-status","newStatus":"draft","terms":[],"taxonomy":"","extraData":[]},"publishpress_future_workflow_manual_trigger":{"enabledWorkflows":[]},"_links":{"self":[{"href":"https:\/\/notarialaplata.com\/web\/wp-json\/wp\/v2\/pages\/494","targetHints":{"allow":["GET"]}}],"collection":[{"href":"https:\/\/notarialaplata.com\/web\/wp-json\/wp\/v2\/pages"}],"about":[{"href":"https:\/\/notarialaplata.com\/web\/wp-json\/wp\/v2\/types\/page"}],"author":[{"embeddable":true,"href":"https:\/\/notarialaplata.com\/web\/wp-json\/wp\/v2\/users\/1"}],"replies":[{"embeddable":true,"href":"https:\/\/notarialaplata.com\/web\/wp-json\/wp\/v2\/comments?post=494"}],"version-history":[{"count":12,"href":"https:\/\/notarialaplata.com\/web\/wp-json\/wp\/v2\/pages\/494\/revisions"}],"predecessor-version":[{"id":1212,"href":"https:\/\/notarialaplata.com\/web\/wp-json\/wp\/v2\/pages\/494\/revisions\/1212"}],"wp:attachment":[{"href":"https:\/\/notarialaplata.com\/web\/wp-json\/wp\/v2\/media?parent=494"}],"curies":[{"name":"wp","href":"https:\/\/api.w.org\/{rel}","templated":true}]}}