{"id":484,"date":"2023-01-24T22:29:39","date_gmt":"2023-01-24T22:29:39","guid":{"rendered":"https:\/\/notarialaplata.com\/web\/autorizacion-de-salida-del-pais\/"},"modified":"2026-01-09T17:52:32","modified_gmt":"2026-01-09T17:52:32","slug":"autorizacion-de-salida-del-pais","status":"publish","type":"page","link":"https:\/\/notarialaplata.com\/web\/autorizacion-de-salida-del-pais\/","title":{"rendered":"Autorizaci\u00f3n de salida del pa\u00eds"},"content":{"rendered":"<style>.elementor-484 .elementor-element.elementor-element-790f8010{--display:flex;--flex-direction:row;--container-widget-width:initial;--container-widget-height:100%;--container-widget-flex-grow:1;--container-widget-align-self:stretch;--flex-wrap-mobile:wrap;--gap:0px 0px;--row-gap:0px;--column-gap:0px;}.elementor-484 .elementor-element.elementor-element-4f38937a{--display:flex;--flex-direction:column;--container-widget-width:100%;--container-widget-height:initial;--container-widget-flex-grow:0;--container-widget-align-self:initial;--flex-wrap-mobile:wrap;}.elementor-484 .elementor-element.elementor-element-4f38937a.e-con{--flex-grow:0;--flex-shrink:0;}.elementor-484 .elementor-element.elementor-element-5b9ed728 .elementor-heading-title{font-size:30px;color:#FFFFFF;}.elementor-484 .elementor-element.elementor-element-5b9ed728 > .elementor-widget-container{padding:10px 10px 10px 10px;background-color:var( --e-global-color-e024615 );border-radius:10px 10px 10px 10px;}.elementor-484 .elementor-element.elementor-element-f0a12c2 .elementor-heading-title{font-size:25px;text-transform:none;}.elementor-484 .elementor-element.elementor-element-15928305 .elementor-heading-title{font-size:25px;}.elementor-484 .elementor-element.elementor-element-4389482b .elementor-tab-title{background-color:#F9F9F9;}.elementor-484 .elementor-element.elementor-element-4389482b .elementor-toggle-title, .elementor-484 .elementor-element.elementor-element-4389482b .elementor-toggle-icon{color:var( --e-global-color-e024615 );}.elementor-484 .elementor-element.elementor-element-4389482b .elementor-toggle-icon svg{fill:var( --e-global-color-e024615 );}.elementor-484 .elementor-element.elementor-element-4389482b .elementor-toggle-title{text-decoration:none;}.elementor-484 .elementor-element.elementor-element-649019ea{--display:flex;--flex-direction:column;--container-widget-width:100%;--container-widget-height:initial;--container-widget-flex-grow:0;--container-widget-align-self:initial;--flex-wrap-mobile:wrap;}.elementor-484 .elementor-element.elementor-element-6b349b43 img{border-radius:10px 10px 10px 10px;}.elementor-484 .elementor-element.elementor-element-297cbee9 .elementor-heading-title{font-size:25px;}:root{--page-title-display:none;}@media(min-width:768px){.elementor-484 .elementor-element.elementor-element-4f38937a{--width:58.9%;}.elementor-484 .elementor-element.elementor-element-649019ea{--width:50%;}}<\/style>\t\t<div data-elementor-type=\"wp-page\" data-elementor-id=\"484\" class=\"elementor elementor-484\" data-elementor-post-type=\"page\">\n\t\t\t\t<div class=\"elementor-element elementor-element-790f8010 e-flex e-con-boxed e-con e-parent\" data-id=\"790f8010\" data-element_type=\"container\" data-e-type=\"container\">\n\t\t\t\t\t<div class=\"e-con-inner\">\n\t\t<div class=\"elementor-element elementor-element-4f38937a e-con-full e-flex e-con e-child\" data-id=\"4f38937a\" data-element_type=\"container\" data-e-type=\"container\">\n\t\t\t\t<div class=\"elementor-element elementor-element-5b9ed728 elementor-widget elementor-widget-heading\" data-id=\"5b9ed728\" data-element_type=\"widget\" data-e-type=\"widget\" data-widget_type=\"heading.default\">\n\t\t\t\t<div class=\"elementor-widget-container\">\n\t\t\t\t\t<h2 class=\"elementor-heading-title elementor-size-default\">Autorizaci\u00f3n de salida del pa\u00eds<\/h2>\t\t\t\t<\/div>\n\t\t\t\t<\/div>\n\t\t\t\t<div class=\"elementor-element elementor-element-f0a12c2 elementor-widget elementor-widget-heading\" data-id=\"f0a12c2\" data-element_type=\"widget\" data-e-type=\"widget\" data-widget_type=\"heading.default\">\n\t\t\t\t<div class=\"elementor-widget-container\">\n\t\t\t\t\t<h2 class=\"elementor-heading-title elementor-size-default\">\u00bfQu\u00e9 es el permiso de salida del pa\u00eds para menores de edad?<\/h2>\t\t\t\t<\/div>\n\t\t\t\t<\/div>\n\t\t\t\t<div class=\"elementor-element elementor-element-7d8f5066 elementor-widget elementor-widget-text-editor\" data-id=\"7d8f5066\" data-element_type=\"widget\" data-e-type=\"widget\" data-widget_type=\"text-editor.default\">\n\t\t\t\t<div class=\"elementor-widget-container\">\n\t\t\t\t\t\t\t\t\t<p style=\"text-align: justify;\">Es un documento indispensable para menores colombianos que vayan a viajar fuera del pa\u00eds, otorgado por ambos padres o por el padre que no viaja con el menor. De igual forma los menores extranjeros residentes en Colombia. Si se hace a trav\u00e9s de documento privado, este solo servir\u00e1 para un viaje, si se hace a trav\u00e9s de escritura p\u00fablica podr\u00e1 utilizarse en viajes futuros previa solicitud de la vigencia del mismo en la notar\u00eda.<\/p>\t\t\t\t\t\t\t\t<\/div>\n\t\t\t\t<\/div>\n\t\t\t\t<div class=\"elementor-element elementor-element-15928305 elementor-widget elementor-widget-heading\" data-id=\"15928305\" data-element_type=\"widget\" data-e-type=\"widget\" data-widget_type=\"heading.default\">\n\t\t\t\t<div class=\"elementor-widget-container\">\n\t\t\t\t\t<h2 class=\"elementor-heading-title elementor-size-default\">Preguntas frecuentes<\/h2>\t\t\t\t<\/div>\n\t\t\t\t<\/div>\n\t\t\t\t<div class=\"elementor-element elementor-element-4389482b elementor-widget elementor-widget-toggle\" data-id=\"4389482b\" data-element_type=\"widget\" data-e-type=\"widget\" data-widget_type=\"toggle.default\">\n\t\t\t\t<div class=\"elementor-widget-container\">\n\t\t\t\t\t\t\t<div class=\"elementor-toggle\">\n\t\t\t\t\t\t\t<div class=\"elementor-toggle-item\">\n\t\t\t\t\t<div id=\"elementor-tab-title-1131\" class=\"elementor-tab-title\" data-tab=\"1\" role=\"button\" aria-controls=\"elementor-tab-content-1131\" aria-expanded=\"false\">\n\t\t\t\t\t\t\t\t\t\t\t\t<span class=\"elementor-toggle-icon elementor-toggle-icon-left\" aria-hidden=\"true\">\n\t\t\t\t\t\t\t\t\t\t\t\t\t\t\t<span class=\"elementor-toggle-icon-closed\"><i class=\"fas fa-caret-right\"><\/i><\/span>\n\t\t\t\t\t\t\t\t<span class=\"elementor-toggle-icon-opened\"><i class=\"elementor-toggle-icon-opened fas fa-caret-up\"><\/i><\/span>\n\t\t\t\t\t\t\t\t\t\t\t\t\t<\/span>\n\t\t\t\t\t\t\t\t\t\t\t\t<a class=\"elementor-toggle-title\" tabindex=\"0\">\u00bfQu\u00e9 datos debo aportar para el documento?<\/a>\n\t\t\t\t\t<\/div>\n\n\t\t\t\t\t<div id=\"elementor-tab-content-1131\" class=\"elementor-tab-content elementor-clearfix\" data-tab=\"1\" role=\"region\" aria-labelledby=\"elementor-tab-title-1131\"><p style=\"text-align: justify;\">Seg\u00fan el C\u00f3digo de Infancia y Adolescencia, en este documento debe quedar constatado la fecha de salida, el prop\u00f3sito del viaje, el lugar de destino del menor, la fecha de regreso y los datos de la persona que viaja con el menor (nombre completo, n\u00famero de documento y parentesco o relaci\u00f3n con el menor). Se debe presentar el registro de nacimiento del menor con una fecha no superior a un mes de haberlo expedido.<\/p><\/div>\n\t\t\t\t<\/div>\n\t\t\t\t\t\t\t<div class=\"elementor-toggle-item\">\n\t\t\t\t\t<div id=\"elementor-tab-title-1132\" class=\"elementor-tab-title\" data-tab=\"2\" role=\"button\" aria-controls=\"elementor-tab-content-1132\" aria-expanded=\"false\">\n\t\t\t\t\t\t\t\t\t\t\t\t<span class=\"elementor-toggle-icon elementor-toggle-icon-left\" aria-hidden=\"true\">\n\t\t\t\t\t\t\t\t\t\t\t\t\t\t\t<span class=\"elementor-toggle-icon-closed\"><i class=\"fas fa-caret-right\"><\/i><\/span>\n\t\t\t\t\t\t\t\t<span class=\"elementor-toggle-icon-opened\"><i class=\"elementor-toggle-icon-opened fas fa-caret-up\"><\/i><\/span>\n\t\t\t\t\t\t\t\t\t\t\t\t\t<\/span>\n\t\t\t\t\t\t\t\t\t\t\t\t<a class=\"elementor-toggle-title\" tabindex=\"0\">\u00bfQu\u00e9 otros documentos tendr\u00eda que presentar a la hora de viajar?<\/a>\n\t\t\t\t\t<\/div>\n\n\t\t\t\t\t<div id=\"elementor-tab-content-1132\" class=\"elementor-tab-content elementor-clearfix\" data-tab=\"2\" role=\"region\" aria-labelledby=\"elementor-tab-title-1132\"><p style=\"text-align: justify;\">Junto con el permiso de salida del pa\u00eds se deben presentar el registro civil autenticado recientemente y el pasaporte del menor (esto para menores de 7 a\u00f1os). Si es mayor de 7 a\u00f1os, la tarjeta de identidad original y el pasaporte.<\/p><\/div>\n\t\t\t\t<\/div>\n\t\t\t\t\t\t\t<div class=\"elementor-toggle-item\">\n\t\t\t\t\t<div id=\"elementor-tab-title-1133\" class=\"elementor-tab-title\" data-tab=\"3\" role=\"button\" aria-controls=\"elementor-tab-content-1133\" aria-expanded=\"false\">\n\t\t\t\t\t\t\t\t\t\t\t\t<span class=\"elementor-toggle-icon elementor-toggle-icon-left\" aria-hidden=\"true\">\n\t\t\t\t\t\t\t\t\t\t\t\t\t\t\t<span class=\"elementor-toggle-icon-closed\"><i class=\"fas fa-caret-right\"><\/i><\/span>\n\t\t\t\t\t\t\t\t<span class=\"elementor-toggle-icon-opened\"><i class=\"elementor-toggle-icon-opened fas fa-caret-up\"><\/i><\/span>\n\t\t\t\t\t\t\t\t\t\t\t\t\t<\/span>\n\t\t\t\t\t\t\t\t\t\t\t\t<a class=\"elementor-toggle-title\" tabindex=\"0\">\u00bfQu\u00e9 pasa si uno de los pap\u00e1s est\u00e1 fuera del pa\u00eds?<\/a>\n\t\t\t\t\t<\/div>\n\n\t\t\t\t\t<div id=\"elementor-tab-content-1133\" class=\"elementor-tab-content elementor-clearfix\" data-tab=\"3\" role=\"region\" aria-labelledby=\"elementor-tab-title-1133\"><p style=\"text-align: justify;\">En este caso, el permiso de salida para menores debe ser autenticado ante el consulado colombiano o ante notario p\u00fablico, caso en el cual deber\u00e1 apostillar el documento.<\/p><\/div>\n\t\t\t\t<\/div>\n\t\t\t\t\t\t\t<div class=\"elementor-toggle-item\">\n\t\t\t\t\t<div id=\"elementor-tab-title-1134\" class=\"elementor-tab-title\" data-tab=\"4\" role=\"button\" aria-controls=\"elementor-tab-content-1134\" aria-expanded=\"false\">\n\t\t\t\t\t\t\t\t\t\t\t\t<span class=\"elementor-toggle-icon elementor-toggle-icon-left\" aria-hidden=\"true\">\n\t\t\t\t\t\t\t\t\t\t\t\t\t\t\t<span class=\"elementor-toggle-icon-closed\"><i class=\"fas fa-caret-right\"><\/i><\/span>\n\t\t\t\t\t\t\t\t<span class=\"elementor-toggle-icon-opened\"><i class=\"elementor-toggle-icon-opened fas fa-caret-up\"><\/i><\/span>\n\t\t\t\t\t\t\t\t\t\t\t\t\t<\/span>\n\t\t\t\t\t\t\t\t\t\t\t\t<a class=\"elementor-toggle-title\" tabindex=\"0\">\u00bfQu\u00e9 pasa si uno de los padres ya falleci\u00f3?<\/a>\n\t\t\t\t\t<\/div>\n\n\t\t\t\t\t<div id=\"elementor-tab-content-1134\" class=\"elementor-tab-content elementor-clearfix\" data-tab=\"4\" role=\"region\" aria-labelledby=\"elementor-tab-title-1134\"><p style=\"text-align: justify;\">En el momento de la salida del pa\u00eds ser\u00e1 necesario presentar el registro civil de defunci\u00f3n del padre fallecido.<\/p><\/div>\n\t\t\t\t<\/div>\n\t\t\t\t\t\t\t\t<\/div>\n\t\t\t\t\t\t<\/div>\n\t\t\t\t<\/div>\n\t\t\t\t<\/div>\n\t\t<div class=\"elementor-element elementor-element-649019ea e-con-full e-flex e-con e-child\" data-id=\"649019ea\" data-element_type=\"container\" data-e-type=\"container\">\n\t\t\t\t<div class=\"elementor-element elementor-element-6b349b43 elementor-widget elementor-widget-image\" data-id=\"6b349b43\" data-element_type=\"widget\" data-e-type=\"widget\" data-widget_type=\"image.default\">\n\t\t\t\t<div class=\"elementor-widget-container\">\n\t\t\t\t\t\t\t\t\t\t\t\t\t\t\t<img fetchpriority=\"high\" decoding=\"async\" width=\"613\" height=\"456\" src=\"https:\/\/notarialaplata.com\/web\/wp-content\/uploads\/2023\/01\/salidaavion.jpg\" class=\"attachment-large size-large wp-image-748\" alt=\"\" srcset=\"https:\/\/notarialaplata.com\/web\/wp-content\/uploads\/2023\/01\/salidaavion.jpg 613w, https:\/\/notarialaplata.com\/web\/wp-content\/uploads\/2023\/01\/salidaavion-300x223.jpg 300w\" sizes=\"(max-width: 613px) 100vw, 613px\" \/>\t\t\t\t\t\t\t\t\t\t\t\t\t\t\t<\/div>\n\t\t\t\t<\/div>\n\t\t\t\t<div class=\"elementor-element elementor-element-297cbee9 elementor-widget elementor-widget-heading\" data-id=\"297cbee9\" data-element_type=\"widget\" data-e-type=\"widget\" data-widget_type=\"heading.default\">\n\t\t\t\t<div class=\"elementor-widget-container\">\n\t\t\t\t\t<h2 class=\"elementor-heading-title elementor-size-default\">Requisitos<\/h2>\t\t\t\t<\/div>\n\t\t\t\t<\/div>\n\t\t\t\t<div class=\"elementor-element elementor-element-b99af7d elementor-widget elementor-widget-text-editor\" data-id=\"b99af7d\" data-element_type=\"widget\" data-e-type=\"widget\" data-widget_type=\"text-editor.default\">\n\t\t\t\t<div class=\"elementor-widget-container\">\n\t\t\t\t\t\t\t\t\t<ul><li>C\u00e9dula de ciudadan\u00eda (representante legal -padre(s) o tutor-)<\/li><li>Registro civil de nacimiento del menor<\/li><li>Lugar de destino<\/li><li>Fecha de salida<\/li><li>Prop\u00f3sito del viaje<\/li><li>Fecha de regreso<\/li><li>Datos de la persona que viaja con el menor:<ul><li>Nombre completo<\/li><li>N\u00famero de documento<\/li><li>Parentesco<\/li><\/ul><\/li><li><a href=\"https:\/\/unidad-administrativa-especial-migracion-colombia.micolombiadigital.gov.co\/sites\/unidad-administrativa-especial-migracion-colombia\/content\/files\/000795\/39726_permisoespanol.pdf\" target=\"_blank\" rel=\"noopener\">Descargue aqu\u00ed formato de salida<\/a><\/li><li>Para la salida de menores de edad, visite: <a href=\"https:\/\/www.migracioncolombia.gov.co\/\" target=\"_blank\" rel=\"noopener\">https:\/\/www.migracioncolombia.gov.co\/\u00a0<\/a><\/li><\/ul>\t\t\t\t\t\t\t\t<\/div>\n\t\t\t\t<\/div>\n\t\t\t\t<\/div>\n\t\t\t\t\t<\/div>\n\t\t\t\t<\/div>\n\t\t\t\t<\/div>\n\t\t","protected":false},"excerpt":{"rendered":"<p>\u00bfQu\u00e9 es el permiso de salida del pa\u00eds para menores de edad? Es un documento indispensable para menores colombianos que vayan a viajar fuera del pa\u00eds, otorgado por ambos padres o por el padre que no viaja con el menor. De igual forma los menores extranjeros residentes en Colombia. Si se hace a trav\u00e9s de [&hellip;]<\/p>\n","protected":false},"author":1,"featured_media":0,"parent":0,"menu_order":30,"comment_status":"closed","ping_status":"closed","template":"","meta":{"inline_featured_image":false,"_joinchat":[],"footnotes":""},"class_list":["post-484","page","type-page","status-publish","hentry"],"publishpress_future_action":{"enabled":false,"date":"2026-04-19 22:34:08","action":"change-status","newStatus":"draft","terms":[],"taxonomy":"","extraData":[]},"publishpress_future_workflow_manual_trigger":{"enabledWorkflows":[]},"_links":{"self":[{"href":"https:\/\/notarialaplata.com\/web\/wp-json\/wp\/v2\/pages\/484","targetHints":{"allow":["GET"]}}],"collection":[{"href":"https:\/\/notarialaplata.com\/web\/wp-json\/wp\/v2\/pages"}],"about":[{"href":"https:\/\/notarialaplata.com\/web\/wp-json\/wp\/v2\/types\/page"}],"author":[{"embeddable":true,"href":"https:\/\/notarialaplata.com\/web\/wp-json\/wp\/v2\/users\/1"}],"replies":[{"embeddable":true,"href":"https:\/\/notarialaplata.com\/web\/wp-json\/wp\/v2\/comments?post=484"}],"version-history":[{"count":24,"href":"https:\/\/notarialaplata.com\/web\/wp-json\/wp\/v2\/pages\/484\/revisions"}],"predecessor-version":[{"id":2516,"href":"https:\/\/notarialaplata.com\/web\/wp-json\/wp\/v2\/pages\/484\/revisions\/2516"}],"wp:attachment":[{"href":"https:\/\/notarialaplata.com\/web\/wp-json\/wp\/v2\/media?parent=484"}],"curies":[{"name":"wp","href":"https:\/\/api.w.org\/{rel}","templated":true}]}}