{"id":447,"date":"2023-01-24T20:20:09","date_gmt":"2023-01-24T20:20:09","guid":{"rendered":"https:\/\/notarialaplata.com\/web\/?page_id=447"},"modified":"2023-01-29T02:46:19","modified_gmt":"2023-01-29T02:46:19","slug":"informacion","status":"publish","type":"page","link":"https:\/\/notarialaplata.com\/web\/informacion\/","title":{"rendered":"Informacion"},"content":{"rendered":"<style>.elementor-447 .elementor-element.elementor-element-c17cd7c{text-align:center;}.elementor-447 .elementor-element.elementor-element-c17cd7c .elementor-heading-title{font-size:30px;text-transform:none;color:#FFFFFF;}.elementor-447 .elementor-element.elementor-element-c17cd7c > .elementor-widget-container{background-color:transparent;background-image:linear-gradient(120deg, var( --e-global-color-e54563a ) 0%, var( --e-global-color-e024615 ) 100%);border-radius:10px 10px 10px 10px;}.elementor-447 .elementor-element.elementor-element-02e01ff{padding:0em 0em 0em 0em;}.elementor-bc-flex-widget .elementor-447 .elementor-element.elementor-element-37e7199.elementor-column .elementor-widget-wrap{align-items:center;}.elementor-447 .elementor-element.elementor-element-37e7199.elementor-column.elementor-element[data-element_type=\"column\"] > .elementor-widget-wrap.elementor-element-populated{align-content:center;align-items:center;}.elementor-447 .elementor-element.elementor-element-33690e0 .elementor-icon-box-wrapper{gap:15px;}.elementor-447 .elementor-element.elementor-element-33690e0.elementor-view-stacked .elementor-icon{background-color:var( --e-global-color-e54563a );}.elementor-447 .elementor-element.elementor-element-33690e0.elementor-view-framed .elementor-icon, .elementor-447 .elementor-element.elementor-element-33690e0.elementor-view-default .elementor-icon{fill:var( --e-global-color-e54563a );color:var( --e-global-color-e54563a );border-color:var( --e-global-color-e54563a );}.elementor-447 .elementor-element.elementor-element-33690e0 .elementor-icon-box-title, .elementor-447 .elementor-element.elementor-element-33690e0 .elementor-icon-box-title a{font-size:25px;text-transform:none;text-decoration:none;}.elementor-447 .elementor-element.elementor-element-33690e0 > .elementor-widget-container{padding:15px 15px 15px 15px;background-color:#FFFFFF;border-radius:10px 10px 10px 10px;box-shadow:0px 0px 10px 0px rgba(0,0,0,0.5);}.elementor-bc-flex-widget .elementor-447 .elementor-element.elementor-element-978e192.elementor-column .elementor-widget-wrap{align-items:center;}.elementor-447 .elementor-element.elementor-element-978e192.elementor-column.elementor-element[data-element_type=\"column\"] > .elementor-widget-wrap.elementor-element-populated{align-content:center;align-items:center;}.elementor-447 .elementor-element.elementor-element-17e1876 .elementor-icon-box-wrapper{gap:15px;}.elementor-447 .elementor-element.elementor-element-17e1876.elementor-view-stacked .elementor-icon{background-color:var( --e-global-color-e54563a );}.elementor-447 .elementor-element.elementor-element-17e1876.elementor-view-framed .elementor-icon, .elementor-447 .elementor-element.elementor-element-17e1876.elementor-view-default .elementor-icon{fill:var( --e-global-color-e54563a );color:var( --e-global-color-e54563a );border-color:var( --e-global-color-e54563a );}.elementor-447 .elementor-element.elementor-element-17e1876 .elementor-icon-box-title, .elementor-447 .elementor-element.elementor-element-17e1876 .elementor-icon-box-title a{font-size:25px;text-transform:none;text-decoration:none;}.elementor-447 .elementor-element.elementor-element-17e1876 > .elementor-widget-container{padding:15px 15px 15px 15px;background-color:#FFFFFF;border-radius:10px 10px 10px 10px;box-shadow:0px 0px 10px 0px rgba(0,0,0,0.5);}.elementor-bc-flex-widget .elementor-447 .elementor-element.elementor-element-fdb47cf.elementor-column .elementor-widget-wrap{align-items:center;}.elementor-447 .elementor-element.elementor-element-fdb47cf.elementor-column.elementor-element[data-element_type=\"column\"] > .elementor-widget-wrap.elementor-element-populated{align-content:center;align-items:center;}.elementor-447 .elementor-element.elementor-element-2a6b438 .elementor-icon-box-wrapper{gap:15px;}.elementor-447 .elementor-element.elementor-element-2a6b438.elementor-view-stacked .elementor-icon{background-color:var( --e-global-color-e54563a );}.elementor-447 .elementor-element.elementor-element-2a6b438.elementor-view-framed .elementor-icon, .elementor-447 .elementor-element.elementor-element-2a6b438.elementor-view-default .elementor-icon{fill:var( --e-global-color-e54563a );color:var( --e-global-color-e54563a );border-color:var( --e-global-color-e54563a );}.elementor-447 .elementor-element.elementor-element-2a6b438 .elementor-icon-box-title, .elementor-447 .elementor-element.elementor-element-2a6b438 .elementor-icon-box-title a{font-size:25px;text-decoration:none;}.elementor-447 .elementor-element.elementor-element-2a6b438 > .elementor-widget-container{padding:15px 15px 15px 15px;background-color:#FFFFFF;border-radius:10px 10px 10px 10px;box-shadow:0px 0px 10px 0px rgba(0,0,0,0.5);}.elementor-447 .elementor-element.elementor-element-d5e6838{padding:0em 0em 0em 0em;}.elementor-bc-flex-widget .elementor-447 .elementor-element.elementor-element-53b6a37.elementor-column .elementor-widget-wrap{align-items:center;}.elementor-447 .elementor-element.elementor-element-53b6a37.elementor-column.elementor-element[data-element_type=\"column\"] > .elementor-widget-wrap.elementor-element-populated{align-content:center;align-items:center;}.elementor-447 .elementor-element.elementor-element-078b570 .elementor-icon-box-wrapper{gap:15px;}.elementor-447 .elementor-element.elementor-element-078b570.elementor-view-stacked .elementor-icon{background-color:var( --e-global-color-e54563a );}.elementor-447 .elementor-element.elementor-element-078b570.elementor-view-framed .elementor-icon, .elementor-447 .elementor-element.elementor-element-078b570.elementor-view-default .elementor-icon{fill:var( --e-global-color-e54563a );color:var( --e-global-color-e54563a );border-color:var( --e-global-color-e54563a );}.elementor-447 .elementor-element.elementor-element-078b570 .elementor-icon-box-title, .elementor-447 .elementor-element.elementor-element-078b570 .elementor-icon-box-title a{font-size:25px;text-decoration:none;}.elementor-447 .elementor-element.elementor-element-078b570 > .elementor-widget-container{padding:15px 15px 15px 15px;background-color:#FFFFFF;border-radius:10px 10px 10px 10px;box-shadow:0px 0px 10px 0px rgba(0,0,0,0.5);}.elementor-bc-flex-widget .elementor-447 .elementor-element.elementor-element-9fa7359.elementor-column .elementor-widget-wrap{align-items:center;}.elementor-447 .elementor-element.elementor-element-9fa7359.elementor-column.elementor-element[data-element_type=\"column\"] > .elementor-widget-wrap.elementor-element-populated{align-content:center;align-items:center;}.elementor-447 .elementor-element.elementor-element-a28ffe7 .elementor-icon-box-wrapper{gap:15px;}.elementor-447 .elementor-element.elementor-element-a28ffe7.elementor-view-stacked .elementor-icon{background-color:var( --e-global-color-e54563a );}.elementor-447 .elementor-element.elementor-element-a28ffe7.elementor-view-framed .elementor-icon, .elementor-447 .elementor-element.elementor-element-a28ffe7.elementor-view-default .elementor-icon{fill:var( --e-global-color-e54563a );color:var( --e-global-color-e54563a );border-color:var( --e-global-color-e54563a );}.elementor-447 .elementor-element.elementor-element-a28ffe7 .elementor-icon-box-title, .elementor-447 .elementor-element.elementor-element-a28ffe7 .elementor-icon-box-title a{font-size:25px;text-decoration:none;}.elementor-447 .elementor-element.elementor-element-a28ffe7 > .elementor-widget-container{padding:15px 15px 15px 15px;background-color:#FFFFFF;border-radius:10px 10px 10px 10px;box-shadow:0px 0px 10px 0px rgba(0,0,0,0.5);}.elementor-bc-flex-widget .elementor-447 .elementor-element.elementor-element-302ac61.elementor-column .elementor-widget-wrap{align-items:center;}.elementor-447 .elementor-element.elementor-element-302ac61.elementor-column.elementor-element[data-element_type=\"column\"] > .elementor-widget-wrap.elementor-element-populated{align-content:center;align-items:center;}.elementor-447 .elementor-element.elementor-element-9f8ae61 .elementor-icon-box-wrapper{gap:15px;}.elementor-447 .elementor-element.elementor-element-9f8ae61.elementor-view-stacked .elementor-icon{background-color:var( --e-global-color-e54563a );}.elementor-447 .elementor-element.elementor-element-9f8ae61.elementor-view-framed .elementor-icon, .elementor-447 .elementor-element.elementor-element-9f8ae61.elementor-view-default .elementor-icon{fill:var( --e-global-color-e54563a );color:var( --e-global-color-e54563a );border-color:var( --e-global-color-e54563a );}.elementor-447 .elementor-element.elementor-element-9f8ae61 .elementor-icon-box-title, .elementor-447 .elementor-element.elementor-element-9f8ae61 .elementor-icon-box-title a{font-size:25px;text-transform:none;text-decoration:none;}.elementor-447 .elementor-element.elementor-element-9f8ae61 > .elementor-widget-container{padding:15px 15px 15px 15px;background-color:#FFFFFF;border-radius:10px 10px 10px 10px;box-shadow:0px 0px 10px 0px rgba(0,0,0,0.5);}:root{--page-title-display:none;}@media(max-width:1024px) and (min-width:768px){.elementor-447 .elementor-element.elementor-element-37e7199{width:100%;}.elementor-447 .elementor-element.elementor-element-978e192{width:100%;}.elementor-447 .elementor-element.elementor-element-fdb47cf{width:100%;}.elementor-447 .elementor-element.elementor-element-53b6a37{width:100%;}.elementor-447 .elementor-element.elementor-element-9fa7359{width:100%;}.elementor-447 .elementor-element.elementor-element-302ac61{width:100%;}}@media(max-width:1024px){.elementor-447 .elementor-element.elementor-element-37e7199 > .elementor-element-populated{margin:0em 0em 2em 0em;--e-column-margin-right:0em;--e-column-margin-left:0em;}.elementor-447 .elementor-element.elementor-element-978e192 > .elementor-element-populated{margin:0em 0em 2em 0em;--e-column-margin-right:0em;--e-column-margin-left:0em;}.elementor-447 .elementor-element.elementor-element-fdb47cf > .elementor-element-populated{margin:0em 0em 2em 0em;--e-column-margin-right:0em;--e-column-margin-left:0em;}.elementor-447 .elementor-element.elementor-element-53b6a37 > .elementor-element-populated{margin:0em 0em 2em 0em;--e-column-margin-right:0em;--e-column-margin-left:0em;}.elementor-447 .elementor-element.elementor-element-9fa7359 > .elementor-element-populated{margin:0em 0em 2em 0em;--e-column-margin-right:0em;--e-column-margin-left:0em;}.elementor-447 .elementor-element.elementor-element-302ac61 > .elementor-element-populated{margin:0em 0em 2em 0em;--e-column-margin-right:0em;--e-column-margin-left:0em;}}@media(max-width:767px){.elementor-447 .elementor-element.elementor-element-37e7199 > .elementor-element-populated{margin:0em 0em 4em 0em;--e-column-margin-right:0em;--e-column-margin-left:0em;padding:0px 0px 0px 0px;}.elementor-447 .elementor-element.elementor-element-978e192 > .elementor-element-populated{margin:0em 0em 4em 0em;--e-column-margin-right:0em;--e-column-margin-left:0em;padding:0px 0px 0px 0px;}.elementor-447 .elementor-element.elementor-element-fdb47cf > .elementor-element-populated{margin:0em 0em 4em 0em;--e-column-margin-right:0em;--e-column-margin-left:0em;padding:0px 0px 0px 0px;}.elementor-447 .elementor-element.elementor-element-53b6a37 > .elementor-element-populated{margin:0em 0em 4em 0em;--e-column-margin-right:0em;--e-column-margin-left:0em;padding:0px 0px 0px 0px;}.elementor-447 .elementor-element.elementor-element-9fa7359 > .elementor-element-populated{margin:0em 0em 4em 0em;--e-column-margin-right:0em;--e-column-margin-left:0em;padding:0px 0px 0px 0px;}.elementor-447 .elementor-element.elementor-element-302ac61 > .elementor-element-populated{margin:0em 0em 4em 0em;--e-column-margin-right:0em;--e-column-margin-left:0em;padding:0px 0px 0px 0px;}}<\/style>\t\t<div data-elementor-type=\"wp-page\" data-elementor-id=\"447\" class=\"elementor elementor-447\" data-elementor-post-type=\"page\">\n\t\t\t\t\t\t<section class=\"elementor-section elementor-top-section elementor-element elementor-element-89d7c82 elementor-section-boxed elementor-section-height-default elementor-section-height-default\" data-id=\"89d7c82\" data-element_type=\"section\" data-e-type=\"section\">\n\t\t\t\t\t\t<div class=\"elementor-container elementor-column-gap-default\">\n\t\t\t\t\t<div class=\"elementor-column elementor-col-100 elementor-top-column elementor-element elementor-element-3a8e910\" data-id=\"3a8e910\" data-element_type=\"column\" data-e-type=\"column\">\n\t\t\t<div class=\"elementor-widget-wrap elementor-element-populated\">\n\t\t\t\t\t\t<div class=\"elementor-element elementor-element-c17cd7c elementor-widget elementor-widget-heading\" data-id=\"c17cd7c\" data-element_type=\"widget\" data-e-type=\"widget\" data-widget_type=\"heading.default\">\n\t\t\t\t<div class=\"elementor-widget-container\">\n\t\t\t\t\t<h2 class=\"elementor-heading-title elementor-size-default\">Atenci\u00f3n al ciudadano<\/h2>\t\t\t\t<\/div>\n\t\t\t\t<\/div>\n\t\t\t\t<section class=\"elementor-section elementor-inner-section elementor-element elementor-element-02e01ff elementor-section-boxed elementor-section-height-default elementor-section-height-default\" data-id=\"02e01ff\" data-element_type=\"section\" data-e-type=\"section\">\n\t\t\t\t\t\t<div class=\"elementor-container elementor-column-gap-default\">\n\t\t\t\t\t<div class=\"elementor-column elementor-col-33 elementor-inner-column elementor-element elementor-element-37e7199\" data-id=\"37e7199\" data-element_type=\"column\" data-e-type=\"column\">\n\t\t\t<div class=\"elementor-widget-wrap elementor-element-populated\">\n\t\t\t\t\t\t<div class=\"elementor-element elementor-element-33690e0 elementor-view-default elementor-position-block-start elementor-mobile-position-block-start elementor-widget elementor-widget-icon-box\" data-id=\"33690e0\" data-element_type=\"widget\" data-e-type=\"widget\" data-widget_type=\"icon-box.default\">\n\t\t\t\t<div class=\"elementor-widget-container\">\n\t\t\t\t\t\t\t<div class=\"elementor-icon-box-wrapper\">\n\n\t\t\t\t\t\t<div class=\"elementor-icon-box-icon\">\n\t\t\t\t<a href=\"https:\/\/notarialaplata.com\/web\/atencion-al-usuario-2\/pqrsd\/\" class=\"elementor-icon\" tabindex=\"-1\" aria-label=\"Tr\u00e1mites y Servicios\">\n\t\t\t\t<i aria-hidden=\"true\" class=\"far fa-folder-open\"><\/i>\t\t\t\t<\/a>\n\t\t\t<\/div>\n\t\t\t\n\t\t\t\t\t\t<div class=\"elementor-icon-box-content\">\n\n\t\t\t\t\t\t\t\t\t<h3 class=\"elementor-icon-box-title\">\n\t\t\t\t\t\t<a href=\"https:\/\/notarialaplata.com\/web\/atencion-al-usuario-2\/pqrsd\/\" >\n\t\t\t\t\t\t\tTr\u00e1mites y Servicios\t\t\t\t\t\t<\/a>\n\t\t\t\t\t<\/h3>\n\t\t\t\t\n\t\t\t\t\n\t\t\t<\/div>\n\t\t\t\n\t\t<\/div>\n\t\t\t\t\t\t<\/div>\n\t\t\t\t<\/div>\n\t\t\t\t\t<\/div>\n\t\t<\/div>\n\t\t\t\t<div class=\"elementor-column elementor-col-33 elementor-inner-column elementor-element elementor-element-978e192\" data-id=\"978e192\" data-element_type=\"column\" data-e-type=\"column\">\n\t\t\t<div class=\"elementor-widget-wrap elementor-element-populated\">\n\t\t\t\t\t\t<div class=\"elementor-element elementor-element-17e1876 elementor-view-default elementor-position-block-start elementor-mobile-position-block-start elementor-widget elementor-widget-icon-box\" data-id=\"17e1876\" data-element_type=\"widget\" data-e-type=\"widget\" data-widget_type=\"icon-box.default\">\n\t\t\t\t<div class=\"elementor-widget-container\">\n\t\t\t\t\t\t\t<div class=\"elementor-icon-box-wrapper\">\n\n\t\t\t\t\t\t<div class=\"elementor-icon-box-icon\">\n\t\t\t\t<a href=\"https:\/\/notarialaplata.com\/web\/transparencia-2\/\" class=\"elementor-icon\" tabindex=\"-1\" aria-label=\"Canales de Atenci\u00f3n\">\n\t\t\t\t<i aria-hidden=\"true\" class=\"jki jki-support1-light\"><\/i>\t\t\t\t<\/a>\n\t\t\t<\/div>\n\t\t\t\n\t\t\t\t\t\t<div class=\"elementor-icon-box-content\">\n\n\t\t\t\t\t\t\t\t\t<h3 class=\"elementor-icon-box-title\">\n\t\t\t\t\t\t<a href=\"https:\/\/notarialaplata.com\/web\/transparencia-2\/\" >\n\t\t\t\t\t\t\tCanales de Atenci\u00f3n\t\t\t\t\t\t<\/a>\n\t\t\t\t\t<\/h3>\n\t\t\t\t\n\t\t\t\t\n\t\t\t<\/div>\n\t\t\t\n\t\t<\/div>\n\t\t\t\t\t\t<\/div>\n\t\t\t\t<\/div>\n\t\t\t\t\t<\/div>\n\t\t<\/div>\n\t\t\t\t<div class=\"elementor-column elementor-col-33 elementor-inner-column elementor-element elementor-element-fdb47cf\" data-id=\"fdb47cf\" data-element_type=\"column\" data-e-type=\"column\">\n\t\t\t<div class=\"elementor-widget-wrap elementor-element-populated\">\n\t\t\t\t\t\t<div class=\"elementor-element elementor-element-2a6b438 elementor-view-default elementor-position-block-start elementor-mobile-position-block-start elementor-widget elementor-widget-icon-box\" data-id=\"2a6b438\" data-element_type=\"widget\" data-e-type=\"widget\" data-widget_type=\"icon-box.default\">\n\t\t\t\t<div class=\"elementor-widget-container\">\n\t\t\t\t\t\t\t<div class=\"elementor-icon-box-wrapper\">\n\n\t\t\t\t\t\t<div class=\"elementor-icon-box-icon\">\n\t\t\t\t<a href=\"https:\/\/notarialaplata.com\/web\/transparencia\/\" class=\"elementor-icon\" tabindex=\"-1\" aria-label=\"C\u00f3mo llegar\">\n\t\t\t\t<i aria-hidden=\"true\" class=\"jki jki-map-marked-solid\"><\/i>\t\t\t\t<\/a>\n\t\t\t<\/div>\n\t\t\t\n\t\t\t\t\t\t<div class=\"elementor-icon-box-content\">\n\n\t\t\t\t\t\t\t\t\t<h3 class=\"elementor-icon-box-title\">\n\t\t\t\t\t\t<a href=\"https:\/\/notarialaplata.com\/web\/transparencia\/\" >\n\t\t\t\t\t\t\tC\u00f3mo llegar\t\t\t\t\t\t<\/a>\n\t\t\t\t\t<\/h3>\n\t\t\t\t\n\t\t\t\t\n\t\t\t<\/div>\n\t\t\t\n\t\t<\/div>\n\t\t\t\t\t\t<\/div>\n\t\t\t\t<\/div>\n\t\t\t\t\t<\/div>\n\t\t<\/div>\n\t\t\t\t\t<\/div>\n\t\t<\/section>\n\t\t\t\t<section class=\"elementor-section elementor-inner-section elementor-element elementor-element-d5e6838 elementor-section-boxed elementor-section-height-default elementor-section-height-default\" data-id=\"d5e6838\" data-element_type=\"section\" data-e-type=\"section\">\n\t\t\t\t\t\t<div class=\"elementor-container elementor-column-gap-default\">\n\t\t\t\t\t<div class=\"elementor-column elementor-col-33 elementor-inner-column elementor-element elementor-element-53b6a37\" data-id=\"53b6a37\" data-element_type=\"column\" data-e-type=\"column\">\n\t\t\t<div class=\"elementor-widget-wrap elementor-element-populated\">\n\t\t\t\t\t\t<div class=\"elementor-element elementor-element-078b570 elementor-view-default elementor-position-block-start elementor-mobile-position-block-start elementor-widget elementor-widget-icon-box\" data-id=\"078b570\" data-element_type=\"widget\" data-e-type=\"widget\" data-widget_type=\"icon-box.default\">\n\t\t\t\t<div class=\"elementor-widget-container\">\n\t\t\t\t\t\t\t<div class=\"elementor-icon-box-wrapper\">\n\n\t\t\t\t\t\t<div class=\"elementor-icon-box-icon\">\n\t\t\t\t<a href=\"https:\/\/notarialaplata.com\/web\/atencion-al-usuario-2\/pqrsd\/\" class=\"elementor-icon\" tabindex=\"-1\" aria-label=\"PQRSD\">\n\t\t\t\t<i aria-hidden=\"true\" class=\"icon icon-edit1\"><\/i>\t\t\t\t<\/a>\n\t\t\t<\/div>\n\t\t\t\n\t\t\t\t\t\t<div class=\"elementor-icon-box-content\">\n\n\t\t\t\t\t\t\t\t\t<h3 class=\"elementor-icon-box-title\">\n\t\t\t\t\t\t<a href=\"https:\/\/notarialaplata.com\/web\/atencion-al-usuario-2\/pqrsd\/\" >\n\t\t\t\t\t\t\tPQRSD\t\t\t\t\t\t<\/a>\n\t\t\t\t\t<\/h3>\n\t\t\t\t\n\t\t\t\t\n\t\t\t<\/div>\n\t\t\t\n\t\t<\/div>\n\t\t\t\t\t\t<\/div>\n\t\t\t\t<\/div>\n\t\t\t\t\t<\/div>\n\t\t<\/div>\n\t\t\t\t<div class=\"elementor-column elementor-col-33 elementor-inner-column elementor-element elementor-element-9fa7359\" data-id=\"9fa7359\" data-element_type=\"column\" data-e-type=\"column\">\n\t\t\t<div class=\"elementor-widget-wrap elementor-element-populated\">\n\t\t\t\t\t\t<div class=\"elementor-element elementor-element-a28ffe7 elementor-view-default elementor-position-block-start elementor-mobile-position-block-start elementor-widget elementor-widget-icon-box\" data-id=\"a28ffe7\" data-element_type=\"widget\" data-e-type=\"widget\" data-widget_type=\"icon-box.default\">\n\t\t\t\t<div class=\"elementor-widget-container\">\n\t\t\t\t\t\t\t<div class=\"elementor-icon-box-wrapper\">\n\n\t\t\t\t\t\t<div class=\"elementor-icon-box-icon\">\n\t\t\t\t<a href=\"https:\/\/notarialaplata.com\/web\/transparencia-2\/\" class=\"elementor-icon\" tabindex=\"-1\" aria-label=\"Transparencia\">\n\t\t\t\t<i aria-hidden=\"true\" class=\"icon icon-page_search\"><\/i>\t\t\t\t<\/a>\n\t\t\t<\/div>\n\t\t\t\n\t\t\t\t\t\t<div class=\"elementor-icon-box-content\">\n\n\t\t\t\t\t\t\t\t\t<h3 class=\"elementor-icon-box-title\">\n\t\t\t\t\t\t<a href=\"https:\/\/notarialaplata.com\/web\/transparencia-2\/\" >\n\t\t\t\t\t\t\tTransparencia\t\t\t\t\t\t<\/a>\n\t\t\t\t\t<\/h3>\n\t\t\t\t\n\t\t\t\t\n\t\t\t<\/div>\n\t\t\t\n\t\t<\/div>\n\t\t\t\t\t\t<\/div>\n\t\t\t\t<\/div>\n\t\t\t\t\t<\/div>\n\t\t<\/div>\n\t\t\t\t<div class=\"elementor-column elementor-col-33 elementor-inner-column elementor-element elementor-element-302ac61\" data-id=\"302ac61\" data-element_type=\"column\" data-e-type=\"column\">\n\t\t\t<div class=\"elementor-widget-wrap elementor-element-populated\">\n\t\t\t\t\t\t<div class=\"elementor-element elementor-element-9f8ae61 elementor-view-default elementor-position-block-start elementor-mobile-position-block-start elementor-widget elementor-widget-icon-box\" data-id=\"9f8ae61\" data-element_type=\"widget\" data-e-type=\"widget\" data-widget_type=\"icon-box.default\">\n\t\t\t\t<div class=\"elementor-widget-container\">\n\t\t\t\t\t\t\t<div class=\"elementor-icon-box-wrapper\">\n\n\t\t\t\t\t\t<div class=\"elementor-icon-box-icon\">\n\t\t\t\t<a href=\"https:\/\/notarialaplata.com\/web\/transparencia\/\" class=\"elementor-icon\" tabindex=\"-1\" aria-label=\"Pol\u00edtica de Datos\">\n\t\t\t\t<i aria-hidden=\"true\" class=\"jki jki-padlock-1-light\"><\/i>\t\t\t\t<\/a>\n\t\t\t<\/div>\n\t\t\t\n\t\t\t\t\t\t<div class=\"elementor-icon-box-content\">\n\n\t\t\t\t\t\t\t\t\t<h3 class=\"elementor-icon-box-title\">\n\t\t\t\t\t\t<a href=\"https:\/\/notarialaplata.com\/web\/transparencia\/\" >\n\t\t\t\t\t\t\tPol\u00edtica de Datos\t\t\t\t\t\t<\/a>\n\t\t\t\t\t<\/h3>\n\t\t\t\t\n\t\t\t\t\n\t\t\t<\/div>\n\t\t\t\n\t\t<\/div>\n\t\t\t\t\t\t<\/div>\n\t\t\t\t<\/div>\n\t\t\t\t\t<\/div>\n\t\t<\/div>\n\t\t\t\t\t<\/div>\n\t\t<\/section>\n\t\t\t\t\t<\/div>\n\t\t<\/div>\n\t\t\t\t\t<\/div>\n\t\t<\/section>\n\t\t\t\t<\/div>\n\t\t","protected":false},"excerpt":{"rendered":"<p>Atenci\u00f3n al ciudadano Tr\u00e1mites y Servicios Canales de Atenci\u00f3n C\u00f3mo llegar PQRSD Transparencia Pol\u00edtica de Datos<\/p>\n","protected":false},"author":1,"featured_media":0,"parent":0,"menu_order":0,"comment_status":"closed","ping_status":"closed","template":"","meta":{"inline_featured_image":false,"_joinchat":[],"footnotes":""},"class_list":["post-447","page","type-page","status-publish","hentry"],"publishpress_future_action":{"enabled":false,"date":"2026-04-19 22:35:40","action":"change-status","newStatus":"draft","terms":[],"taxonomy":"","extraData":[]},"publishpress_future_workflow_manual_trigger":{"enabledWorkflows":[]},"_links":{"self":[{"href":"https:\/\/notarialaplata.com\/web\/wp-json\/wp\/v2\/pages\/447","targetHints":{"allow":["GET"]}}],"collection":[{"href":"https:\/\/notarialaplata.com\/web\/wp-json\/wp\/v2\/pages"}],"about":[{"href":"https:\/\/notarialaplata.com\/web\/wp-json\/wp\/v2\/types\/page"}],"author":[{"embeddable":true,"href":"https:\/\/notarialaplata.com\/web\/wp-json\/wp\/v2\/users\/1"}],"replies":[{"embeddable":true,"href":"https:\/\/notarialaplata.com\/web\/wp-json\/wp\/v2\/comments?post=447"}],"version-history":[{"count":12,"href":"https:\/\/notarialaplata.com\/web\/wp-json\/wp\/v2\/pages\/447\/revisions"}],"predecessor-version":[{"id":1265,"href":"https:\/\/notarialaplata.com\/web\/wp-json\/wp\/v2\/pages\/447\/revisions\/1265"}],"wp:attachment":[{"href":"https:\/\/notarialaplata.com\/web\/wp-json\/wp\/v2\/media?parent=447"}],"curies":[{"name":"wp","href":"https:\/\/api.w.org\/{rel}","templated":true}]}}