{"id":170,"date":"2023-01-10T18:39:12","date_gmt":"2023-01-10T18:39:12","guid":{"rendered":"https:\/\/notarialaplata.com\/web\/nosotros-2\/noticias\/"},"modified":"2023-01-29T02:47:42","modified_gmt":"2023-01-29T02:47:42","slug":"noticias","status":"publish","type":"page","link":"https:\/\/notarialaplata.com\/web\/nosotros-2\/noticias\/","title":{"rendered":"Noticias"},"content":{"rendered":"<style>.elementor-170 .elementor-element.elementor-element-aa6c098{--display:flex;}.elementor-170 .elementor-element.elementor-element-6054225{text-align:center;}.elementor-170 .elementor-element.elementor-element-6054225 .elementor-heading-title{color:#FFFFFF;}.elementor-170 .elementor-element.elementor-element-6054225 > .elementor-widget-container{background-color:transparent;background-image:linear-gradient(120deg, var( --e-global-color-e54563a ) 0%, var( --e-global-color-e024615 ) 100%);border-radius:10px 10px 10px 10px;}.elementor-170 .elementor-element.elementor-element-da28d67 .elementor-posts-container .elementor-post__thumbnail{padding-bottom:calc( 0.66 * 100% );}.elementor-170 .elementor-element.elementor-element-da28d67:after{content:\"0.66\";}.elementor-170 .elementor-element.elementor-element-da28d67 .elementor-post__meta-data span + span:before{content:\"\u2022\";}.elementor-170 .elementor-element.elementor-element-da28d67{--grid-column-gap:30px;--grid-row-gap:35px;}.elementor-170 .elementor-element.elementor-element-da28d67 .elementor-post__card{border-radius:10px;}.elementor-170 .elementor-element.elementor-element-da28d67 .elementor-post__text{margin-top:20px;}.elementor-170 .elementor-element.elementor-element-da28d67 .elementor-post__badge{right:0;}.elementor-170 .elementor-element.elementor-element-da28d67 .elementor-post__card .elementor-post__badge{margin:20px;}.elementor-170 .elementor-element.elementor-element-da28d67 .elementor-post__title, .elementor-170 .elementor-element.elementor-element-da28d67 .elementor-post__title a{color:var( --e-global-color-e024615 );text-transform:none;text-decoration:none;}.elementor-170 .elementor-element.elementor-element-da28d67 .elementor-post__read-more{color:var( --e-global-color-e024615 );}.elementor-170 .elementor-element.elementor-element-da28d67 a.elementor-post__read-more{text-decoration:none;}:root{--page-title-display:none;}@media(max-width:767px){.elementor-170 .elementor-element.elementor-element-da28d67 .elementor-posts-container .elementor-post__thumbnail{padding-bottom:calc( 0.5 * 100% );}.elementor-170 .elementor-element.elementor-element-da28d67:after{content:\"0.5\";}}<\/style>\t\t<div data-elementor-type=\"wp-page\" data-elementor-id=\"170\" class=\"elementor elementor-170\" data-elementor-post-type=\"page\">\n\t\t\t\t<div class=\"elementor-element elementor-element-aa6c098 e-flex e-con-boxed e-con e-parent\" data-id=\"aa6c098\" data-element_type=\"container\" data-e-type=\"container\">\n\t\t\t\t\t<div class=\"e-con-inner\">\n\t\t\t\t<div class=\"elementor-element elementor-element-6054225 elementor-widget elementor-widget-heading\" data-id=\"6054225\" data-element_type=\"widget\" data-e-type=\"widget\" data-widget_type=\"heading.default\">\n\t\t\t\t<div class=\"elementor-widget-container\">\n\t\t\t\t\t<h2 class=\"elementor-heading-title elementor-size-default\">Noticias<\/h2>\t\t\t\t<\/div>\n\t\t\t\t<\/div>\n\t\t\t\t<div class=\"elementor-element elementor-element-da28d67 elementor-grid-1 elementor-grid-tablet-2 elementor-grid-mobile-1 elementor-posts--thumbnail-top elementor-card-shadow-yes elementor-posts__hover-gradient elementor-widget elementor-widget-posts\" data-id=\"da28d67\" data-element_type=\"widget\" data-e-type=\"widget\" data-settings=\"{&quot;cards_columns&quot;:&quot;1&quot;,&quot;cards_columns_tablet&quot;:&quot;2&quot;,&quot;cards_columns_mobile&quot;:&quot;1&quot;,&quot;cards_row_gap&quot;:{&quot;unit&quot;:&quot;px&quot;,&quot;size&quot;:35,&quot;sizes&quot;:[]},&quot;cards_row_gap_tablet&quot;:{&quot;unit&quot;:&quot;px&quot;,&quot;size&quot;:&quot;&quot;,&quot;sizes&quot;:[]},&quot;cards_row_gap_mobile&quot;:{&quot;unit&quot;:&quot;px&quot;,&quot;size&quot;:&quot;&quot;,&quot;sizes&quot;:[]}}\" data-widget_type=\"posts.cards\">\n\t\t\t\t<div class=\"elementor-widget-container\">\n\t\t\t\t\t\t\t<div class=\"elementor-posts-container elementor-posts elementor-posts--skin-cards elementor-grid\" role=\"list\">\n\t\t\t\t<article class=\"elementor-post elementor-grid-item post-2075 post type-post status-publish format-standard hentry category-noticias\" role=\"listitem\">\n\t\t\t<div class=\"elementor-post__card\">\n\t\t\t\t<div class=\"elementor-post__text\">\n\t\t\t\t<h3 class=\"elementor-post__title\">\n\t\t\t<a href=\"https:\/\/notarialaplata.com\/web\/2024\/07\/26\/solicitudes-de-copias-de-registro-civiles\/\" >\n\t\t\t\tSolicitudes de Copias de Registro Civiles\t\t\t<\/a>\n\t\t<\/h3>\n\t\t\t\t<div class=\"elementor-post__excerpt\">\n\t\t\t<p>Se reciben y se entregan de lunes a viernes de 8:00 am a 4:00 pm y S\u00e1bados de 8:00 a.m. a 12:00 a.m. Dr. Carlos Sterling Cardozo Notario<\/p>\n\t\t<\/div>\n\t\t\n\t\t<a class=\"elementor-post__read-more\" href=\"https:\/\/notarialaplata.com\/web\/2024\/07\/26\/solicitudes-de-copias-de-registro-civiles\/\" aria-label=\"Read more about Solicitudes de Copias de Registro Civiles\" tabindex=\"-1\" >\n\t\t\tLeer m\u00e1s \u00bb\t\t<\/a>\n\n\t\t\t\t<\/div>\n\t\t\t\t<div class=\"elementor-post__meta-data\">\n\t\t\t\t\t<span class=\"elementor-post-date\">\n\t\t\tjulio 26, 2024\t\t<\/span>\n\t\t\t\t<\/div>\n\t\t\t\t\t<\/div>\n\t\t<\/article>\n\t\t\t\t<article class=\"elementor-post elementor-grid-item post-2069 post type-post status-publish format-standard hentry category-noticias\" role=\"listitem\">\n\t\t\t<div class=\"elementor-post__card\">\n\t\t\t\t<div class=\"elementor-post__text\">\n\t\t\t\t<h3 class=\"elementor-post__title\">\n\t\t\t<a href=\"https:\/\/notarialaplata.com\/web\/2024\/07\/26\/minutas\/\" >\n\t\t\t\tMinutas\t\t\t<\/a>\n\t\t<\/h3>\n\t\t\t\t<div class=\"elementor-post__excerpt\">\n\t\t\t<p>Respetados usuarios: La elaboraci\u00f3n de minutas (Borrador de escrituras) es gratuita. Las trabajadoras tienen prohibida la prestaci\u00f3n del servicio de asesor\u00eda jur\u00eddica diferente a los tr\u00e1mites notariales. Cordialmente, Dra. Victoria Aleyda Oviedo Arbel\u00e1ezNotar\u00eda<\/p>\n\t\t<\/div>\n\t\t\n\t\t<a class=\"elementor-post__read-more\" href=\"https:\/\/notarialaplata.com\/web\/2024\/07\/26\/minutas\/\" aria-label=\"Read more about Minutas\" tabindex=\"-1\" >\n\t\t\tLeer m\u00e1s \u00bb\t\t<\/a>\n\n\t\t\t\t<\/div>\n\t\t\t\t<div class=\"elementor-post__meta-data\">\n\t\t\t\t\t<span class=\"elementor-post-date\">\n\t\t\tjulio 26, 2024\t\t<\/span>\n\t\t\t\t<\/div>\n\t\t\t\t\t<\/div>\n\t\t<\/article>\n\t\t\t\t<article class=\"elementor-post elementor-grid-item post-584 post type-post status-publish format-standard hentry category-noticias\" role=\"listitem\">\n\t\t\t<div class=\"elementor-post__card\">\n\t\t\t\t<div class=\"elementor-post__text\">\n\t\t\t\t<h3 class=\"elementor-post__title\">\n\t\t\t<a href=\"https:\/\/notarialaplata.com\/web\/2023\/01\/26\/actualizate-las-tarifas-que-se-pagan-a-la-oficina-de-registro-de-instrumentos-pubicos-en-el-2023\/\" >\n\t\t\t\t\u00a1Actual\u00edzate! Las tarifas que se pagan a la oficina de registro de instrumentos p\u00fabicos en el 2023.\t\t\t<\/a>\n\t\t<\/h3>\n\t\t\t\t<div class=\"elementor-post__excerpt\">\n\t\t\t<p>Para el a\u00f1o 2023, las tarifas que se causan por el registro de una escritura est\u00e1n determinadas por la Resoluci\u00f3n 9 del 06 de enero de 2023 emitida por la Superintendencia de Notariado y Registro. Recuerda que esta resoluci\u00f3n rige a nivel nacional. Cons\u00faltala aqu\u00ed. 00009-TARIFAS REGISTRALES DTR JURIDICA<\/p>\n\t\t<\/div>\n\t\t\n\t\t<a class=\"elementor-post__read-more\" href=\"https:\/\/notarialaplata.com\/web\/2023\/01\/26\/actualizate-las-tarifas-que-se-pagan-a-la-oficina-de-registro-de-instrumentos-pubicos-en-el-2023\/\" aria-label=\"Read more about \u00a1Actual\u00edzate! Las tarifas que se pagan a la oficina de registro de instrumentos p\u00fabicos en el 2023.\" tabindex=\"-1\" >\n\t\t\tLeer m\u00e1s \u00bb\t\t<\/a>\n\n\t\t\t\t<\/div>\n\t\t\t\t<div class=\"elementor-post__meta-data\">\n\t\t\t\t\t<span class=\"elementor-post-date\">\n\t\t\tenero 26, 2023\t\t<\/span>\n\t\t\t\t<\/div>\n\t\t\t\t\t<\/div>\n\t\t<\/article>\n\t\t\t\t<\/div>\n\t\t\n\t\t\t\t\t\t<\/div>\n\t\t\t\t<\/div>\n\t\t\t\t\t<\/div>\n\t\t\t\t<\/div>\n\t\t\t\t<\/div>\n\t\t","protected":false},"excerpt":{"rendered":"<p>Noticias<\/p>\n","protected":false},"author":1,"featured_media":0,"parent":166,"menu_order":90,"comment_status":"closed","ping_status":"closed","template":"elementor_theme","meta":{"inline_featured_image":false,"_joinchat":[],"footnotes":""},"class_list":["post-170","page","type-page","status-publish","hentry"],"publishpress_future_action":{"enabled":false,"date":"2026-04-19 22:34:35","action":"change-status","newStatus":"draft","terms":[],"taxonomy":"","extraData":[]},"publishpress_future_workflow_manual_trigger":{"enabledWorkflows":[]},"_links":{"self":[{"href":"https:\/\/notarialaplata.com\/web\/wp-json\/wp\/v2\/pages\/170","targetHints":{"allow":["GET"]}}],"collection":[{"href":"https:\/\/notarialaplata.com\/web\/wp-json\/wp\/v2\/pages"}],"about":[{"href":"https:\/\/notarialaplata.com\/web\/wp-json\/wp\/v2\/types\/page"}],"author":[{"embeddable":true,"href":"https:\/\/notarialaplata.com\/web\/wp-json\/wp\/v2\/users\/1"}],"replies":[{"embeddable":true,"href":"https:\/\/notarialaplata.com\/web\/wp-json\/wp\/v2\/comments?post=170"}],"version-history":[{"count":6,"href":"https:\/\/notarialaplata.com\/web\/wp-json\/wp\/v2\/pages\/170\/revisions"}],"predecessor-version":[{"id":1271,"href":"https:\/\/notarialaplata.com\/web\/wp-json\/wp\/v2\/pages\/170\/revisions\/1271"}],"up":[{"embeddable":true,"href":"https:\/\/notarialaplata.com\/web\/wp-json\/wp\/v2\/pages\/166"}],"wp:attachment":[{"href":"https:\/\/notarialaplata.com\/web\/wp-json\/wp\/v2\/media?parent=170"}],"curies":[{"name":"wp","href":"https:\/\/api.w.org\/{rel}","templated":true}]}}