{"id":112,"date":"2023-01-10T18:39:10","date_gmt":"2023-01-10T18:39:10","guid":{"rendered":"https:\/\/notarialaplata.com\/web\/nosotros\/"},"modified":"2025-10-17T16:30:25","modified_gmt":"2025-10-17T16:30:25","slug":"nosotros","status":"publish","type":"page","link":"https:\/\/notarialaplata.com\/web\/nosotros\/","title":{"rendered":"Nosotros"},"content":{"rendered":"<style>.elementor-112 .elementor-element.elementor-element-e825aca{--display:flex;--flex-direction:column;--container-widget-width:100%;--container-widget-height:initial;--container-widget-flex-grow:0;--container-widget-align-self:initial;--flex-wrap-mobile:wrap;}.elementor-112 .elementor-element.elementor-element-5365ab4 img{opacity:1;box-shadow:0px 0px 10px 0px rgba(0,0,0,0.5);}.elementor-112 .elementor-element.elementor-element-972b698{--display:flex;--flex-direction:row;--container-widget-width:initial;--container-widget-height:100%;--container-widget-flex-grow:1;--container-widget-align-self:stretch;--flex-wrap-mobile:wrap;--gap:0px 0px;--row-gap:0px;--column-gap:0px;}.elementor-112 .elementor-element.elementor-element-8ce8ae5{--display:flex;--flex-direction:column;--container-widget-width:100%;--container-widget-height:initial;--container-widget-flex-grow:0;--container-widget-align-self:initial;--flex-wrap-mobile:wrap;}.elementor-112 .elementor-element.elementor-element-e9c63f0{--display:flex;--flex-direction:column;--container-widget-width:100%;--container-widget-height:initial;--container-widget-flex-grow:0;--container-widget-align-self:initial;--flex-wrap-mobile:wrap;}.elementor-112 .elementor-element.elementor-element-05be744{--display:flex;--flex-direction:column;--container-widget-width:100%;--container-widget-height:initial;--container-widget-flex-grow:0;--container-widget-align-self:initial;--flex-wrap-mobile:wrap;}.elementor-112 .elementor-element.elementor-element-298024f{--iteration-count:infinite;--animation-duration:1200ms;}.elementor-112 .elementor-element.elementor-element-298024f .elementor-headline{text-align:center;text-transform:none;}.elementor-112 .elementor-element.elementor-element-298024f:not(.e-transform) > .elementor-widget-container{-moz-transform:rotate(0deg);-webkit-transform:rotate(0deg);-o-transform:rotate(0deg);-ms-transform:rotate(0deg);transform:rotate(0deg);}.elementor-112 .elementor-element.elementor-element-298024f.e-transform > .elementor-widget-container{--e-transform-rotateZ:0deg;}.elementor-112 .elementor-element.elementor-element-298024f.elementor-widget > .elementor-widget-container, .elementor-112 .elementor-element.elementor-element-298024f.elementor-widget > .elementor-widget-container > *{position:relative;--jkit-option-enabled:0px;}.elementor-112 .elementor-element.elementor-element-298024f.elementor-widget > .elementor-widget-container::before{content:\"\";width:100%;height:100%;position:absolute;left:0;top:0;-webkit-backdrop-filter:blur(0px);backdrop-filter:blur(0px);border-radius:inherit;background-color:inherit;}.elementor-112 .elementor-element.elementor-element-adb5837{--display:flex;--flex-direction:row;--container-widget-width:initial;--container-widget-height:100%;--container-widget-flex-grow:1;--container-widget-align-self:stretch;--flex-wrap-mobile:wrap;--gap:0px 0px;--row-gap:0px;--column-gap:0px;}.elementor-112 .elementor-element.elementor-element-f08dce8{--display:flex;--flex-direction:column;--container-widget-width:100%;--container-widget-height:initial;--container-widget-flex-grow:0;--container-widget-align-self:initial;--flex-wrap-mobile:wrap;}.elementor-112 .elementor-element.elementor-element-3ca330c{--display:flex;--flex-direction:column;--container-widget-width:100%;--container-widget-height:initial;--container-widget-flex-grow:0;--container-widget-align-self:initial;--flex-wrap-mobile:wrap;}.elementor-112 .elementor-element.elementor-element-8ba5267{--display:flex;--flex-direction:column;--container-widget-width:100%;--container-widget-height:initial;--container-widget-flex-grow:0;--container-widget-align-self:initial;--flex-wrap-mobile:wrap;}.elementor-112 .elementor-element.elementor-element-f9c142f{text-align:center;}.elementor-112 .elementor-element.elementor-element-686a7f5{--display:flex;--flex-direction:row;--container-widget-width:initial;--container-widget-height:100%;--container-widget-flex-grow:1;--container-widget-align-self:stretch;--flex-wrap-mobile:wrap;--gap:0px 0px;--row-gap:0px;--column-gap:0px;}.elementor-112 .elementor-element.elementor-element-44e1191{--display:flex;--flex-direction:column;--container-widget-width:100%;--container-widget-height:initial;--container-widget-flex-grow:0;--container-widget-align-self:initial;--flex-wrap-mobile:wrap;}.elementor-112 .elementor-element.elementor-element-a4b4d71{--display:flex;--flex-direction:column;--container-widget-width:100%;--container-widget-height:initial;--container-widget-flex-grow:0;--container-widget-align-self:initial;--flex-wrap-mobile:wrap;}.elementor-112 .elementor-element.elementor-element-1e06d7f{--display:flex;--flex-direction:column;--container-widget-width:100%;--container-widget-height:initial;--container-widget-flex-grow:0;--container-widget-align-self:initial;--flex-wrap-mobile:wrap;}.elementor-112 .elementor-element.elementor-element-2a07e52{--display:flex;--flex-direction:column;--container-widget-width:100%;--container-widget-height:initial;--container-widget-flex-grow:0;--container-widget-align-self:initial;--flex-wrap-mobile:wrap;}.elementor-112 .elementor-element.elementor-element-f317297{--display:flex;--flex-direction:row;--container-widget-width:initial;--container-widget-height:100%;--container-widget-flex-grow:1;--container-widget-align-self:stretch;--flex-wrap-mobile:wrap;--gap:0px 0px;--row-gap:0px;--column-gap:0px;}.elementor-112 .elementor-element.elementor-element-ce54ebc{--display:flex;--flex-direction:column;--container-widget-width:100%;--container-widget-height:initial;--container-widget-flex-grow:0;--container-widget-align-self:initial;--flex-wrap-mobile:wrap;}.elementor-112 .elementor-element.elementor-element-a60c233{--display:flex;--flex-direction:column;--container-widget-width:100%;--container-widget-height:initial;--container-widget-flex-grow:0;--container-widget-align-self:initial;--flex-wrap-mobile:wrap;}.elementor-112 .elementor-element.elementor-element-54555de{text-transform:none;}@media(min-width:768px){.elementor-112 .elementor-element.elementor-element-8ce8ae5{--width:40%;}.elementor-112 .elementor-element.elementor-element-e9c63f0{--width:60%;}.elementor-112 .elementor-element.elementor-element-f08dce8{--width:50%;}.elementor-112 .elementor-element.elementor-element-3ca330c{--width:50%;}.elementor-112 .elementor-element.elementor-element-44e1191{--width:25%;}.elementor-112 .elementor-element.elementor-element-a4b4d71{--width:25%;}.elementor-112 .elementor-element.elementor-element-1e06d7f{--width:25%;}.elementor-112 .elementor-element.elementor-element-2a07e52{--width:25%;}.elementor-112 .elementor-element.elementor-element-ce54ebc{--width:33.3333%;}.elementor-112 .elementor-element.elementor-element-a60c233{--width:66.6666%;}}<\/style>\t\t<div data-elementor-type=\"wp-page\" data-elementor-id=\"112\" class=\"elementor elementor-112\" data-elementor-post-type=\"page\">\n\t\t\t\t<div class=\"elementor-element elementor-element-e825aca e-flex e-con-boxed e-con e-parent\" data-id=\"e825aca\" data-element_type=\"container\" data-e-type=\"container\">\n\t\t\t\t\t<div class=\"e-con-inner\">\n\t\t\t\t<div class=\"elementor-element elementor-element-5365ab4 elementor-invisible elementor-widget elementor-widget-image\" data-id=\"5365ab4\" data-element_type=\"widget\" data-e-type=\"widget\" data-settings=\"{&quot;_animation&quot;:&quot;bounce&quot;}\" data-widget_type=\"image.default\">\n\t\t\t\t<div class=\"elementor-widget-container\">\n\t\t\t\t\t\t\t\t\t\t\t\t\t\t\t\t<a href=\"https:\/\/notarialaplata.com\/\">\n\t\t\t\t\t\t\t<img decoding=\"async\" src=\"https:\/\/notarialaplata.com\/web\/wp-content\/uploads\/elementor\/thumbs\/1811-scaled-q19dveusmfr3w6vfb5ilwwjlpue1p6k6v1uvj3voag.jpg\" title=\"1811\" alt=\"1811\" loading=\"lazy\" \/>\t\t\t\t\t\t\t\t<\/a>\n\t\t\t\t\t\t\t\t\t\t\t\t\t\t\t<\/div>\n\t\t\t\t<\/div>\n\t\t\t\t\t<\/div>\n\t\t\t\t<\/div>\n\t\t<div class=\"elementor-element elementor-element-972b698 e-flex e-con-boxed e-con e-parent\" data-id=\"972b698\" data-element_type=\"container\" data-e-type=\"container\">\n\t\t\t\t\t<div class=\"e-con-inner\">\n\t\t<div class=\"elementor-element elementor-element-8ce8ae5 e-con-full e-flex e-con e-child\" data-id=\"8ce8ae5\" data-element_type=\"container\" data-e-type=\"container\">\n\t\t\t\t<div class=\"elementor-element elementor-element-779c8b6 elementor-widget elementor-widget-text-editor\" data-id=\"779c8b6\" data-element_type=\"widget\" data-e-type=\"widget\" data-widget_type=\"text-editor.default\">\n\t\t\t\t<div class=\"elementor-widget-container\">\n\t\t\t\t\t\t\t\t\t<p>Nuestro Notario \u00danico de la Plata Huila, el Dr. Carlos Sterling Cardozo, desde el trece (13) de septiembre de 2025 funge como Notario titular en interinidad. Es oriundo del Municipio de La Plata Huila Abogado especialista en Contrataci\u00f3n Estatal y Negocios Jur\u00eddicos de la Administraci\u00f3n P\u00fablica, Magister en Derecho P\u00fablico.<\/p><p>Con experiencia en entidades p\u00fablicas como Asesor en la Contralor\u00eda Distrital de Bogot\u00e1, Asesor Jur\u00eddico en la C\u00e1mara de Representantes , Asesor de despacho en Gobernaci\u00f3n del Huila , Asesor jur\u00eddico en la Alcald\u00eda de Neiva y\u00a0 Sistema Estrat\u00e9gico de Transporte P\u00fablico de Neiva (SETP).<\/p>\t\t\t\t\t\t\t\t<\/div>\n\t\t\t\t<\/div>\n\t\t\t\t<\/div>\n\t\t<div class=\"elementor-element elementor-element-e9c63f0 e-con-full e-flex e-con e-child\" data-id=\"e9c63f0\" data-element_type=\"container\" data-e-type=\"container\">\n\t\t\t\t<div class=\"elementor-element elementor-element-931ffb6 elementor-widget elementor-widget-text-editor\" data-id=\"931ffb6\" data-element_type=\"widget\" data-e-type=\"widget\" data-widget_type=\"text-editor.default\">\n\t\t\t\t<div class=\"elementor-widget-container\">\n\t\t\t\t\t\t\t\t\t<p style=\"text-align: justify;\">Para nosotros es grato presentarles el\u00a0<strong>NUEVO\u00a0<\/strong>sitio web de la<strong>\u00a0NOTAR\u00cdA UNICA LA PLATA HUILA<\/strong>, una oficina en l\u00ednea que le permitir\u00e1 comunicarse, hacer consultas jur\u00eddicas notariales, solicitar turnos de radicaci\u00f3n, e iniciar sus tr\u00e1mites, sin salir de su casa u oficina y \u00a0podr\u00e1 ser consultada \u00a0trav\u00e9s de cualquier medio\u00a0tecnol\u00f3gico\u00a0tales como:\u00a0computadores, celulares, tablets, entre otros.<\/p><p style=\"text-align: justify;\"><span style=\"color: var( --e-global-color-text ); font-family: var( --e-global-typography-text-font-family ), Sans-serif; font-size: var( --e-global-typography-text-font-size ); font-weight: var( --e-global-typography-text-font-weight );\">La Notar\u00eda \u00danica, est\u00e1 ubicada en calle 5 nro. 6-52 barrio P\u00e1ez, de f\u00e1cil localizaci\u00f3n y en cualquier evento podr\u00e1 consultar el mapa de sitio.<\/span><\/p><p style=\"text-align: justify;\"><span style=\"color: var( --e-global-color-text ); font-family: var( --e-global-typography-text-font-family ), Sans-serif; font-size: var( --e-global-typography-text-font-size ); font-weight: var( --e-global-typography-text-font-weight );\">Disponemos de instalaciones confortables, iluminadas, funcionales, seguras, accesibles para todos, con parqueaderos para veh\u00edculos y motos propios y otros cercanos, que le brindan una mayor comodidad a la hora de hacer sus tr\u00e1mites notariales.<\/span><\/p><p style=\"text-align: justify;\"><span style=\"color: var( --e-global-color-text ); font-family: var( --e-global-typography-text-font-family ), Sans-serif; font-size: var( --e-global-typography-text-font-size ); font-weight: var( --e-global-typography-text-font-weight );\">Contamos con un lugar especial para la atenci\u00f3n preferencial a personas mayores, invidentes, embarazadas, menores de edad y personas con cualquier tipo de discapacidad.<\/span><\/p><p style=\"text-align: justify;\">Bienvenidos de nuevo.<\/p><p style=\"text-align: center;\"><span style=\"text-decoration: underline;\"><b>Dr. CARLOS STERLING CARDOZO<\/b><\/span><\/p><p style=\"text-align: center;\"><b>Notario Titular.<\/b><\/p>\t\t\t\t\t\t\t\t<\/div>\n\t\t\t\t<\/div>\n\t\t\t\t<\/div>\n\t\t\t\t\t<\/div>\n\t\t\t\t<\/div>\n\t\t<div class=\"elementor-element elementor-element-05be744 e-flex e-con-boxed e-con e-parent\" data-id=\"05be744\" data-element_type=\"container\" data-e-type=\"container\">\n\t\t\t\t\t<div class=\"e-con-inner\">\n\t\t\t\t<div class=\"elementor-element elementor-element-298024f elementor-headline--style-highlight elementor-widget elementor-widget-animated-headline\" data-id=\"298024f\" data-element_type=\"widget\" data-e-type=\"widget\" data-settings=\"{&quot;highlighted_text&quot;:&quot;  oportuno, amable y de calidad&quot;,&quot;motion_fx_motion_fx_mouse&quot;:&quot;yes&quot;,&quot;motion_fx_tilt_effect&quot;:&quot;yes&quot;,&quot;motion_fx_tilt_direction&quot;:&quot;negative&quot;,&quot;_animation&quot;:&quot;none&quot;,&quot;headline_style&quot;:&quot;highlight&quot;,&quot;marker&quot;:&quot;circle&quot;,&quot;loop&quot;:&quot;yes&quot;,&quot;highlight_animation_duration&quot;:1200,&quot;highlight_iteration_delay&quot;:8000,&quot;motion_fx_tilt_speed&quot;:{&quot;unit&quot;:&quot;px&quot;,&quot;size&quot;:4,&quot;sizes&quot;:[]}}\" data-widget_type=\"animated-headline.default\">\n\t\t\t\t<div class=\"elementor-widget-container\">\n\t\t\t\t\t\t\t<h3 class=\"elementor-headline\">\n\t\t\t\t\t<span class=\"elementor-headline-plain-text elementor-headline-text-wrapper\">Brindamos un servicio  <\/span>\n\t\t\t\t<span class=\"elementor-headline-dynamic-wrapper elementor-headline-text-wrapper\">\n\t\t\t\t\t<span class=\"elementor-headline-dynamic-text elementor-headline-text-active\">  oportuno, amable y de calidad<\/span>\n\t\t\t\t<\/span>\n\t\t\t\t\t<span class=\"elementor-headline-plain-text elementor-headline-text-wrapper\"> para satisfacer sus necesidades<\/span>\n\t\t\t\t\t<\/h3>\n\t\t\t\t\t\t<\/div>\n\t\t\t\t<\/div>\n\t\t\t\t\t<\/div>\n\t\t\t\t<\/div>\n\t\t<div class=\"elementor-element elementor-element-adb5837 e-flex e-con-boxed e-con e-parent\" data-id=\"adb5837\" data-element_type=\"container\" data-e-type=\"container\">\n\t\t\t\t\t<div class=\"e-con-inner\">\n\t\t<div class=\"elementor-element elementor-element-f08dce8 e-con-full e-flex e-con e-child\" data-id=\"f08dce8\" data-element_type=\"container\" data-e-type=\"container\">\n\t\t\t\t<\/div>\n\t\t<div class=\"elementor-element elementor-element-3ca330c e-con-full e-flex e-con e-child\" data-id=\"3ca330c\" data-element_type=\"container\" data-e-type=\"container\">\n\t\t\t\t<\/div>\n\t\t\t\t\t<\/div>\n\t\t\t\t<\/div>\n\t\t<div class=\"elementor-element elementor-element-8ba5267 e-flex e-con-boxed e-con e-parent\" data-id=\"8ba5267\" data-element_type=\"container\" data-e-type=\"container\">\n\t\t\t\t\t<div class=\"e-con-inner\">\n\t\t\t\t<div class=\"elementor-element elementor-element-f9c142f elementor-widget elementor-widget-heading\" data-id=\"f9c142f\" data-element_type=\"widget\" data-e-type=\"widget\" data-widget_type=\"heading.default\">\n\t\t\t\t<div class=\"elementor-widget-container\">\n\t\t\t\t\t<h5 class=\"elementor-heading-title elementor-size-default\">Pilares<\/h5>\t\t\t\t<\/div>\n\t\t\t\t<\/div>\n\t\t\t\t\t<\/div>\n\t\t\t\t<\/div>\n\t\t<div class=\"elementor-element elementor-element-686a7f5 e-flex e-con-boxed e-con e-parent\" data-id=\"686a7f5\" data-element_type=\"container\" data-e-type=\"container\">\n\t\t\t\t\t<div class=\"e-con-inner\">\n\t\t<div class=\"elementor-element elementor-element-44e1191 e-con-full e-flex e-con e-child\" data-id=\"44e1191\" data-element_type=\"container\" data-e-type=\"container\">\n\t\t\t\t<div class=\"elementor-element elementor-element-facf5f8 elementor-widget elementor-widget-text-editor\" data-id=\"facf5f8\" data-element_type=\"widget\" data-e-type=\"widget\" data-widget_type=\"text-editor.default\">\n\t\t\t\t<div class=\"elementor-widget-container\">\n\t\t\t\t\t\t\t\t\t<p style=\"text-align: center;\">Amabilidad y servicio.<br \/>Legalidad.<br \/>Trabajo en equipo.<\/p>\t\t\t\t\t\t\t\t<\/div>\n\t\t\t\t<\/div>\n\t\t\t\t<\/div>\n\t\t<div class=\"elementor-element elementor-element-a4b4d71 e-con-full e-flex e-con e-child\" data-id=\"a4b4d71\" data-element_type=\"container\" data-e-type=\"container\">\n\t\t\t\t<div class=\"elementor-element elementor-element-4d8b1ef elementor-widget elementor-widget-text-editor\" data-id=\"4d8b1ef\" data-element_type=\"widget\" data-e-type=\"widget\" data-widget_type=\"text-editor.default\">\n\t\t\t\t<div class=\"elementor-widget-container\">\n\t\t\t\t\t\t\t\t\t<p style=\"text-align: center;\">Honestidad.<br \/>Seguridad jur\u00eddica.<\/p>\t\t\t\t\t\t\t\t<\/div>\n\t\t\t\t<\/div>\n\t\t\t\t<\/div>\n\t\t<div class=\"elementor-element elementor-element-1e06d7f e-con-full e-flex e-con e-child\" data-id=\"1e06d7f\" data-element_type=\"container\" data-e-type=\"container\">\n\t\t\t\t<div class=\"elementor-element elementor-element-519de48 elementor-widget elementor-widget-text-editor\" data-id=\"519de48\" data-element_type=\"widget\" data-e-type=\"widget\" data-widget_type=\"text-editor.default\">\n\t\t\t\t<div class=\"elementor-widget-container\">\n\t\t\t\t\t\t\t\t\t<p style=\"text-align: center;\">Integridad.<br \/>Responsabilidad<\/p>\t\t\t\t\t\t\t\t<\/div>\n\t\t\t\t<\/div>\n\t\t\t\t<\/div>\n\t\t<div class=\"elementor-element elementor-element-2a07e52 e-con-full e-flex e-con e-child\" data-id=\"2a07e52\" data-element_type=\"container\" data-e-type=\"container\">\n\t\t\t\t<div class=\"elementor-element elementor-element-672b973 elementor-widget elementor-widget-text-editor\" data-id=\"672b973\" data-element_type=\"widget\" data-e-type=\"widget\" data-widget_type=\"text-editor.default\">\n\t\t\t\t<div class=\"elementor-widget-container\">\n\t\t\t\t\t\t\t\t\t<p style=\"text-align: center;\">Eficiencia.<br \/>Transparencia.<br \/>Respeto.<\/p>\t\t\t\t\t\t\t\t<\/div>\n\t\t\t\t<\/div>\n\t\t\t\t<\/div>\n\t\t\t\t\t<\/div>\n\t\t\t\t<\/div>\n\t\t<div class=\"elementor-element elementor-element-f317297 e-flex e-con-boxed e-con e-parent\" data-id=\"f317297\" data-element_type=\"container\" data-e-type=\"container\">\n\t\t\t\t\t<div class=\"e-con-inner\">\n\t\t<div class=\"elementor-element elementor-element-ce54ebc e-con-full e-flex e-con e-child\" data-id=\"ce54ebc\" data-element_type=\"container\" data-e-type=\"container\">\n\t\t\t\t<div class=\"elementor-element elementor-element-3ae4785 elementor-widget elementor-widget-image\" data-id=\"3ae4785\" data-element_type=\"widget\" data-e-type=\"widget\" data-widget_type=\"image.default\">\n\t\t\t\t<div class=\"elementor-widget-container\">\n\t\t\t\t\t\t\t\t\t\t\t\t\t\t\t<img fetchpriority=\"high\" decoding=\"async\" width=\"800\" height=\"532\" src=\"https:\/\/notarialaplata.com\/web\/wp-content\/uploads\/2023\/01\/1821-1-1024x681.jpg\" class=\"attachment-large size-large wp-image-1055\" alt=\"\" srcset=\"https:\/\/notarialaplata.com\/web\/wp-content\/uploads\/2023\/01\/1821-1-1024x681.jpg 1024w, https:\/\/notarialaplata.com\/web\/wp-content\/uploads\/2023\/01\/1821-1-300x199.jpg 300w, https:\/\/notarialaplata.com\/web\/wp-content\/uploads\/2023\/01\/1821-1-768x511.jpg 768w, https:\/\/notarialaplata.com\/web\/wp-content\/uploads\/2023\/01\/1821-1-1536x1021.jpg 1536w, https:\/\/notarialaplata.com\/web\/wp-content\/uploads\/2023\/01\/1821-1-2048x1362.jpg 2048w\" sizes=\"(max-width: 800px) 100vw, 800px\" \/>\t\t\t\t\t\t\t\t\t\t\t\t\t\t\t<\/div>\n\t\t\t\t<\/div>\n\t\t\t\t<\/div>\n\t\t<div class=\"elementor-element elementor-element-a60c233 e-con-full e-flex e-con e-child\" data-id=\"a60c233\" data-element_type=\"container\" data-e-type=\"container\">\n\t\t\t\t<div class=\"elementor-element elementor-element-54555de elementor-widget elementor-widget-text-editor\" data-id=\"54555de\" data-element_type=\"widget\" data-e-type=\"widget\" data-widget_type=\"text-editor.default\">\n\t\t\t\t<div class=\"elementor-widget-container\">\n\t\t\t\t\t\t\t\t\t<div class=\"elementor-element elementor-element-62e799a elementor-widget elementor-widget-heading\" data-id=\"62e799a\" data-element_type=\"widget\" data-widget_type=\"heading.default\"><div class=\"elementor-widget-container\"><h2 class=\"elementor-heading-title elementor-size-default\">Objetivos de Servicio<\/h2><\/div><\/div><div class=\"elementor-element elementor-element-b1aeece elementor-widget elementor-widget-text-editor\" data-id=\"b1aeece\" data-element_type=\"widget\" data-widget_type=\"text-editor.default\"><div class=\"elementor-widget-container\"><p style=\"text-align: justify;\">Brindar un servicio oportuno, amable y de calidad para satisfacer las necesidades de los usuarios del servicio notarial.<\/p><p style=\"text-align: justify;\">Formar un personal capacitado, amable y comprometido con el desarrollo de sus funciones y la aplicaci\u00f3n de nuestra cultura organizacional.<\/p><p style=\"text-align: justify;\">Autoevaluarnos peri\u00f3dicamente siempre orientados al compromiso con los procesos de mejoramiento continuo, la calidad y la seguridad jur\u00eddica para nuestros usuarios.<\/p><p style=\"text-align: justify;\">Fomentar una cultura organizacional que evite, prevenga, mitigue y controle los riesgos en materia de seguridad y salud en el trabajo.<\/p><\/div><\/div>\t\t\t\t\t\t\t\t<\/div>\n\t\t\t\t<\/div>\n\t\t\t\t<\/div>\n\t\t\t\t\t<\/div>\n\t\t\t\t<\/div>\n\t\t\t\t<\/div>\n\t\t","protected":false},"excerpt":{"rendered":"<p>Nuestro Notario \u00danico de la Plata Huila, el Dr. Carlos Sterling Cardozo, desde el trece (13) de septiembre de 2025 funge como Notario titular en interinidad. Es oriundo del Municipio de La Plata Huila Abogado especialista en Contrataci\u00f3n Estatal y Negocios Jur\u00eddicos de la Administraci\u00f3n P\u00fablica, Magister en Derecho P\u00fablico. Con experiencia en entidades p\u00fablicas [&hellip;]<\/p>\n","protected":false},"author":1,"featured_media":0,"parent":0,"menu_order":70,"comment_status":"closed","ping_status":"closed","template":"elementor_theme","meta":{"inline_featured_image":false,"_joinchat":[],"footnotes":""},"class_list":["post-112","page","type-page","status-publish","hentry"],"publishpress_future_action":{"enabled":false,"date":"2026-04-27 13:31:59","action":"change-status","newStatus":"draft","terms":[],"taxonomy":"","extraData":[]},"publishpress_future_workflow_manual_trigger":{"enabledWorkflows":[]},"_links":{"self":[{"href":"https:\/\/notarialaplata.com\/web\/wp-json\/wp\/v2\/pages\/112","targetHints":{"allow":["GET"]}}],"collection":[{"href":"https:\/\/notarialaplata.com\/web\/wp-json\/wp\/v2\/pages"}],"about":[{"href":"https:\/\/notarialaplata.com\/web\/wp-json\/wp\/v2\/types\/page"}],"author":[{"embeddable":true,"href":"https:\/\/notarialaplata.com\/web\/wp-json\/wp\/v2\/users\/1"}],"replies":[{"embeddable":true,"href":"https:\/\/notarialaplata.com\/web\/wp-json\/wp\/v2\/comments?post=112"}],"version-history":[{"count":58,"href":"https:\/\/notarialaplata.com\/web\/wp-json\/wp\/v2\/pages\/112\/revisions"}],"predecessor-version":[{"id":2447,"href":"https:\/\/notarialaplata.com\/web\/wp-json\/wp\/v2\/pages\/112\/revisions\/2447"}],"wp:attachment":[{"href":"https:\/\/notarialaplata.com\/web\/wp-json\/wp\/v2\/media?parent=112"}],"curies":[{"name":"wp","href":"https:\/\/api.w.org\/{rel}","templated":true}]}}