{"id":1021,"date":"2023-01-27T16:26:34","date_gmt":"2023-01-27T16:26:34","guid":{"rendered":"https:\/\/notarialaplata.com\/web\/?page_id=1021"},"modified":"2023-01-27T16:50:22","modified_gmt":"2023-01-27T16:50:22","slug":"participa","status":"publish","type":"page","link":"https:\/\/notarialaplata.com\/web\/participa\/","title":{"rendered":"Participa"},"content":{"rendered":"<style>.elementor-1021 .elementor-element.elementor-element-cfd414f{--display:flex;--flex-direction:column;--container-widget-width:100%;--container-widget-height:initial;--container-widget-flex-grow:0;--container-widget-align-self:initial;--flex-wrap-mobile:wrap;}<\/style>\t\t<div data-elementor-type=\"wp-page\" data-elementor-id=\"1021\" class=\"elementor elementor-1021\" data-elementor-post-type=\"page\">\n\t\t\t\t\t\t<section class=\"elementor-section elementor-top-section elementor-element elementor-element-6d65b4bb elementor-section-boxed elementor-section-height-default elementor-section-height-default\" data-id=\"6d65b4bb\" data-element_type=\"section\" data-e-type=\"section\">\n\t\t\t\t\t\t<div class=\"elementor-container elementor-column-gap-default\">\n\t\t\t\t\t<div class=\"elementor-column elementor-col-100 elementor-top-column elementor-element elementor-element-56a4ac9d\" data-id=\"56a4ac9d\" data-element_type=\"column\" data-e-type=\"column\">\n\t\t\t<div class=\"elementor-widget-wrap elementor-element-populated\">\n\t\t\t\t\t\t<div class=\"elementor-element elementor-element-1edfb138 elementor-widget elementor-widget-text-editor\" data-id=\"1edfb138\" data-element_type=\"widget\" data-e-type=\"widget\" data-widget_type=\"text-editor.default\">\n\t\t\t\t<div class=\"elementor-widget-container\">\n\t\t\t\t\t\t\t\t\t\n<p style=\"text-align: justify;\">El Men\u00fa Participa es una nueva categor\u00eda del men\u00fa destacado que deben crear las entidades y organismos obligados en el encabezado principal de su sitio web. Las autoridades deben publicar en el Men\u00fa Participa los contenidos de informaci\u00f3n sobre los espacios, mecanismos y acciones que permiten la participaci\u00f3n ciudadana en el ciclo de la gesti\u00f3n p\u00fablica, esto con el prop\u00f3sito de dinamizar la vinculaci\u00f3n de la ciudadan\u00eda en las decisiones y acciones p\u00fablicas durante el diagn\u00f3stico, formulaci\u00f3n, implementaci\u00f3n, evaluaci\u00f3n y seguimiento a la gesti\u00f3n institucional a trav\u00e9s de su sitio web institucional. Contiene la informaci\u00f3n sobre las posibilidades de interacci\u00f3n e intervenci\u00f3n de los ciudadanos, usuarios y grupos de inter\u00e9s en las fases de formulaci\u00f3n, ejecuci\u00f3n, control y evaluaci\u00f3n del ciclo de la gesti\u00f3n p\u00fablica definidas en la normatividad general y en las disposiciones espec\u00edficas para cada entidad, o que son dise\u00f1ados proactivamente para facilitar el ejercicio de este derecho.* La estructura del Men\u00fa Participa debe contener seis secciones, as\u00ed:<\/p>\n<p><a href=\"https:\/\/www.funcionpublica.gov.co\/inicio?p_p_state=maximized&amp;p_p_mode=view&amp;saveLastPath=false&amp;_com_liferay_login_web_portlet_LoginPortlet_mvcRenderCommandName=%2Flogin%2Flogin&amp;p_p_id=com_liferay_login_web_portlet_LoginPortlet&amp;p_p_lifecycle=0&amp;_com_liferay_login_web_portlet_LoginPortlet_redirect=%2Fdocuments%2F\"><small>* Departamento Administrativo de la Funci\u00f3n P\u00fablica (2021). Lineamientos para publicar informaci\u00f3n en el men\u00fa participa sobre participaci\u00f3n ciudadana en la gesti\u00f3n p\u00fablica. Obtenido de:<\/small><\/a><small><a href=\"https:\/\/www.funcionpublica.gov.co\/inicio?p_p_state=maximized&amp;p_p_mode=view&amp;saveLastPath=false&amp;_com_liferay_login_web_portlet_LoginPortlet_mvcRenderCommandName=%2Flogin%2Flogin&amp;p_p_id=com_liferay_login_web_portlet_LoginPortlet&amp;p_p_lifecycle=0&amp;_com_liferay_login_web_portlet_LoginPortlet_redirect=%2Fdocuments%2F\">https:\/\/www.funcionpublica.gov.co\/documents<\/a><\/small><\/p>\n\t\t\t\t\t\t\t\t<\/div>\n\t\t\t\t<\/div>\n\t\t\t\t\t<\/div>\n\t\t<\/div>\n\t\t\t\t\t<\/div>\n\t\t<\/section>\n\t\t<div class=\"elementor-element elementor-element-cfd414f e-flex e-con-boxed e-con e-parent\" data-id=\"cfd414f\" data-element_type=\"container\" data-e-type=\"container\">\n\t\t\t\t\t<div class=\"e-con-inner\">\n\t\t\t\t\t<\/div>\n\t\t\t\t<\/div>\n\t\t\t\t<\/div>\n\t\t","protected":false},"excerpt":{"rendered":"<p>El Men\u00fa Participa es una nueva categor\u00eda del men\u00fa destacado que deben crear las entidades y organismos obligados en el encabezado principal de su sitio web. Las autoridades deben publicar en el Men\u00fa Participa los contenidos de informaci\u00f3n sobre los espacios, mecanismos y acciones que permiten la participaci\u00f3n ciudadana en el ciclo de la gesti\u00f3n [&hellip;]<\/p>\n","protected":false},"author":1,"featured_media":0,"parent":0,"menu_order":0,"comment_status":"closed","ping_status":"closed","template":"","meta":{"inline_featured_image":false,"_joinchat":[],"footnotes":""},"class_list":["post-1021","page","type-page","status-publish","hentry"],"publishpress_future_action":{"enabled":false,"date":"2026-04-19 22:37:07","action":"change-status","newStatus":"draft","terms":[],"taxonomy":"","extraData":[]},"publishpress_future_workflow_manual_trigger":{"enabledWorkflows":[]},"_links":{"self":[{"href":"https:\/\/notarialaplata.com\/web\/wp-json\/wp\/v2\/pages\/1021","targetHints":{"allow":["GET"]}}],"collection":[{"href":"https:\/\/notarialaplata.com\/web\/wp-json\/wp\/v2\/pages"}],"about":[{"href":"https:\/\/notarialaplata.com\/web\/wp-json\/wp\/v2\/types\/page"}],"author":[{"embeddable":true,"href":"https:\/\/notarialaplata.com\/web\/wp-json\/wp\/v2\/users\/1"}],"replies":[{"embeddable":true,"href":"https:\/\/notarialaplata.com\/web\/wp-json\/wp\/v2\/comments?post=1021"}],"version-history":[{"count":19,"href":"https:\/\/notarialaplata.com\/web\/wp-json\/wp\/v2\/pages\/1021\/revisions"}],"predecessor-version":[{"id":1042,"href":"https:\/\/notarialaplata.com\/web\/wp-json\/wp\/v2\/pages\/1021\/revisions\/1042"}],"wp:attachment":[{"href":"https:\/\/notarialaplata.com\/web\/wp-json\/wp\/v2\/media?parent=1021"}],"curies":[{"name":"wp","href":"https:\/\/api.w.org\/{rel}","templated":true}]}}